{"id":875,"date":"2021-05-28T13:43:46","date_gmt":"2021-05-28T11:43:46","guid":{"rendered":"https:\/\/clublamardemalaga.com\/tienda\/producto\/jobe-v-de-traccion-con-ganchos-de-acero-inoxidable-12ft-1p\/"},"modified":"2022-01-21T12:43:01","modified_gmt":"2022-01-21T11:43:01","slug":"jobe-v-de-traccion-con-ganchos-de-acero-inoxidable-12ft-1p","status":"publish","type":"product","link":"https:\/\/clublamardemalaga.com\/tienda\/producto\/jobe-v-de-traccion-con-ganchos-de-acero-inoxidable-12ft-1p\/","title":{"rendered":"Jobe V De Tracc\u00edon Con Ganchos de Acero Inoxidable 12ft 1P"},"content":{"rendered":"<p>Este tri\u00e1ngulo de Jobe est\u00e1 dise\u00f1ado para mantener la cuerda de remolque alejada de la h\u00e9lice de su barco. El tri\u00e1ngulo es de 3,65mts (12 pies) de largo, est\u00e1 fabricada con una cuerda duradera y dos fuertes ganchos de acero inoxidable para conectar el tri\u00e1ngulo con su barco. Puede transportar 1 persona y se asegurar\u00e1 de que pueda disfrutar de un d\u00eda sin problemas en el agua.<\/p>\n<ul>\n<li>Tir\u00f3n m\u00e1ximo 1 persona<\/li>\n<li>2 ganchos de acero inoxidable para conectar con su barco<\/li>\n<li>Flota para mantener la cuerda alejada del propulsor<\/li>\n<li>Resistencia m\u00e1xima a la rotura: 1170 libras | 530 kg<\/li>\n<li>Longitud: 12ft | 3,6m<\/li>\n<\/ul>\n","protected":false},"excerpt":{"rendered":"<p>Este tri\u00e1ngulo de Jobe est\u00e1 dise\u00f1ado para mantener la cuerda de remolque alejada de la h\u00e9lice de su barco. El tri\u00e1ngulo es de 3,65mts (12 pies) de largo, est\u00e1 fabricada con una cuerda duradera y dos fuertes ganchos de acero inoxidable para conectar el tri\u00e1ngulo con su barco. Puede transportar 1 persona y se asegurar\u00e1 [&hellip;]<\/p>\n","protected":false},"featured_media":876,"comment_status":"closed","ping_status":"open","template":"","meta":{"site-sidebar-layout":"default","site-content-layout":"","ast-site-content-layout":"","site-content-style":"default","site-sidebar-style":"default","ast-global-header-display":"","ast-banner-title-visibility":"","ast-main-header-display":"","ast-hfb-above-header-display":"","ast-hfb-below-header-display":"","ast-hfb-mobile-header-display":"","site-post-title":"","ast-breadcrumbs-content":"","ast-featured-img":"","footer-sml-layout":"","theme-transparent-header-meta":"","adv-header-id-meta":"","stick-header-meta":"","header-above-stick-meta":"","header-main-stick-meta":"","header-below-stick-meta":"","astra-migrate-meta-layouts":"default","ast-page-background-enabled":"default","ast-page-background-meta":{"desktop":{"background-color":"","background-image":"","background-repeat":"repeat","background-position":"center center","background-size":"auto","background-attachment":"scroll","background-type":"","background-media":"","overlay-type":"","overlay-color":"","overlay-gradient":""},"tablet":{"background-color":"","background-image":"","background-repeat":"repeat","background-position":"center center","background-size":"auto","background-attachment":"scroll","background-type":"","background-media":"","overlay-type":"","overlay-color":"","overlay-gradient":""},"mobile":{"background-color":"","background-image":"","background-repeat":"repeat","background-position":"center center","background-size":"auto","background-attachment":"scroll","background-type":"","background-media":"","overlay-type":"","overlay-color":"","overlay-gradient":""}},"ast-content-background-meta":{"desktop":{"background-color":"var(--ast-global-color-5)","background-image":"","background-repeat":"repeat","background-position":"center center","background-size":"auto","background-attachment":"scroll","background-type":"","background-media":"","overlay-type":"","overlay-color":"","overlay-gradient":""},"tablet":{"background-color":"var(--ast-global-color-5)","background-image":"","background-repeat":"repeat","background-position":"center center","background-size":"auto","background-attachment":"scroll","background-type":"","background-media":"","overlay-type":"","overlay-color":"","overlay-gradient":""},"mobile":{"background-color":"var(--ast-global-color-5)","background-image":"","background-repeat":"repeat","background-position":"center center","background-size":"auto","background-attachment":"scroll","background-type":"","background-media":"","overlay-type":"","overlay-color":"","overlay-gradient":""}}},"product_cat":[94,99,100],"product_tag":[],"yoast_head":"<!-- This site is optimized with the Yoast SEO plugin v21.8 - https:\/\/yoast.com\/wordpress\/plugins\/seo\/ -->\n<title>Jobe V De Tracc\u00edon Con Ganchos de Acero Inoxidable 12ft 1P<\/title>\n<meta name=\"robots\" content=\"index, follow, max-snippet:-1, max-image-preview:large, max-video-preview:-1\" \/>\n<link rel=\"canonical\" href=\"https:\/\/clublamardemalaga.com\/tienda\/producto\/jobe-v-de-traccion-con-ganchos-de-acero-inoxidable-12ft-1p\/\" \/>\n<meta property=\"og:locale\" content=\"es_ES\" \/>\n<meta property=\"og:type\" content=\"article\" \/>\n<meta property=\"og:title\" content=\"Jobe V De Tracc\u00edon Con Ganchos de Acero Inoxidable 12ft 1P\" \/>\n<meta property=\"og:description\" content=\"Este tri\u00e1ngulo de Jobe est\u00e1 dise\u00f1ado para mantener la cuerda de remolque alejada de la h\u00e9lice de su barco. El tri\u00e1ngulo es de 3,65mts (12 pies) de largo, est\u00e1 fabricada con una cuerda duradera y dos fuertes ganchos de acero inoxidable para conectar el tri\u00e1ngulo con su barco. Puede transportar 1 persona y se asegurar\u00e1 [&hellip;]\" \/>\n<meta property=\"og:url\" content=\"https:\/\/clublamardemalaga.com\/tienda\/producto\/jobe-v-de-traccion-con-ganchos-de-acero-inoxidable-12ft-1p\/\" \/>\n<meta property=\"og:site_name\" content=\"Tienda de Sup &amp; Surf La Mar de M&aacute;laga\" \/>\n<meta property=\"article:modified_time\" content=\"2022-01-21T11:43:01+00:00\" \/>\n<meta property=\"og:image\" content=\"https:\/\/clublamardemalaga.com\/tienda\/wp-content\/uploads\/210017029-zoom.jpg\" \/>\n\t<meta property=\"og:image:width\" content=\"960\" \/>\n\t<meta property=\"og:image:height\" content=\"1200\" \/>\n\t<meta property=\"og:image:type\" content=\"image\/jpeg\" \/>\n<meta name=\"twitter:card\" content=\"summary_large_image\" \/>\n<meta name=\"twitter:label1\" content=\"Tiempo de lectura\" \/>\n\t<meta name=\"twitter:data1\" content=\"1 minuto\" \/>\n<script type=\"application\/ld+json\" class=\"yoast-schema-graph\">{\"@context\":\"https:\/\/schema.org\",\"@graph\":[{\"@type\":\"WebPage\",\"@id\":\"https:\/\/clublamardemalaga.com\/tienda\/producto\/jobe-v-de-traccion-con-ganchos-de-acero-inoxidable-12ft-1p\/\",\"url\":\"https:\/\/clublamardemalaga.com\/tienda\/producto\/jobe-v-de-traccion-con-ganchos-de-acero-inoxidable-12ft-1p\/\",\"name\":\"Jobe V De Tracc\u00edon Con Ganchos de Acero Inoxidable 12ft 1P\",\"isPartOf\":{\"@id\":\"https:\/\/clublamardemalaga.com\/tienda\/#website\"},\"datePublished\":\"2021-05-28T11:43:46+00:00\",\"dateModified\":\"2022-01-21T11:43:01+00:00\",\"breadcrumb\":{\"@id\":\"https:\/\/clublamardemalaga.com\/tienda\/producto\/jobe-v-de-traccion-con-ganchos-de-acero-inoxidable-12ft-1p\/#breadcrumb\"},\"inLanguage\":\"es\",\"potentialAction\":[{\"@type\":\"ReadAction\",\"target\":[\"https:\/\/clublamardemalaga.com\/tienda\/producto\/jobe-v-de-traccion-con-ganchos-de-acero-inoxidable-12ft-1p\/\"]}]},{\"@type\":\"BreadcrumbList\",\"@id\":\"https:\/\/clublamardemalaga.com\/tienda\/producto\/jobe-v-de-traccion-con-ganchos-de-acero-inoxidable-12ft-1p\/#breadcrumb\",\"itemListElement\":[{\"@type\":\"ListItem\",\"position\":1,\"name\":\"Portada\",\"item\":\"https:\/\/clublamardemalaga.com\/tienda\/\"},{\"@type\":\"ListItem\",\"position\":2,\"name\":\"Sup &#038; Surf\",\"item\":\"https:\/\/clublamardemalaga.com\/tienda\/sup-y-surf\/\"},{\"@type\":\"ListItem\",\"position\":3,\"name\":\"Jobe V De Tracc\u00edon Con Ganchos de Acero Inoxidable 12ft 1P\"}]},{\"@type\":\"WebSite\",\"@id\":\"https:\/\/clublamardemalaga.com\/tienda\/#website\",\"url\":\"https:\/\/clublamardemalaga.com\/tienda\/\",\"name\":\"Tienda de Sup &amp; Surf La Mar de M&aacute;laga\",\"description\":\"\",\"publisher\":{\"@id\":\"https:\/\/clublamardemalaga.com\/tienda\/#organization\"},\"potentialAction\":[{\"@type\":\"SearchAction\",\"target\":{\"@type\":\"EntryPoint\",\"urlTemplate\":\"https:\/\/clublamardemalaga.com\/tienda\/?s={search_term_string}\"},\"query-input\":\"required name=search_term_string\"}],\"inLanguage\":\"es\"},{\"@type\":\"Organization\",\"@id\":\"https:\/\/clublamardemalaga.com\/tienda\/#organization\",\"name\":\"Tienda Sup & Surf La Mar de M\u00e1laga\",\"url\":\"https:\/\/clublamardemalaga.com\/tienda\/\",\"logo\":{\"@type\":\"ImageObject\",\"inLanguage\":\"es\",\"@id\":\"https:\/\/clublamardemalaga.com\/tienda\/#\/schema\/logo\/image\/\",\"url\":\"https:\/\/clublamardemalaga.com\/tienda\/wp-content\/uploads\/logo-tienda-club-la-mar-de-malaga.png\",\"contentUrl\":\"https:\/\/clublamardemalaga.com\/tienda\/wp-content\/uploads\/logo-tienda-club-la-mar-de-malaga.png\",\"width\":250,\"height\":60,\"caption\":\"Tienda Sup & Surf La Mar de M\u00e1laga\"},\"image\":{\"@id\":\"https:\/\/clublamardemalaga.com\/tienda\/#\/schema\/logo\/image\/\"}}]}<\/script>\n<!-- \/ Yoast SEO plugin. -->","yoast_head_json":{"title":"Jobe V De Tracc\u00edon Con Ganchos de Acero Inoxidable 12ft 1P","robots":{"index":"index","follow":"follow","max-snippet":"max-snippet:-1","max-image-preview":"max-image-preview:large","max-video-preview":"max-video-preview:-1"},"canonical":"https:\/\/clublamardemalaga.com\/tienda\/producto\/jobe-v-de-traccion-con-ganchos-de-acero-inoxidable-12ft-1p\/","og_locale":"es_ES","og_type":"article","og_title":"Jobe V De Tracc\u00edon Con Ganchos de Acero Inoxidable 12ft 1P","og_description":"Este tri\u00e1ngulo de Jobe est\u00e1 dise\u00f1ado para mantener la cuerda de remolque alejada de la h\u00e9lice de su barco. El tri\u00e1ngulo es de 3,65mts (12 pies) de largo, est\u00e1 fabricada con una cuerda duradera y dos fuertes ganchos de acero inoxidable para conectar el tri\u00e1ngulo con su barco. Puede transportar 1 persona y se asegurar\u00e1 [&hellip;]","og_url":"https:\/\/clublamardemalaga.com\/tienda\/producto\/jobe-v-de-traccion-con-ganchos-de-acero-inoxidable-12ft-1p\/","og_site_name":"Tienda de Sup &amp; Surf La Mar de M&aacute;laga","article_modified_time":"2022-01-21T11:43:01+00:00","og_image":[{"width":960,"height":1200,"url":"https:\/\/clublamardemalaga.com\/tienda\/wp-content\/uploads\/210017029-zoom.jpg","type":"image\/jpeg"}],"twitter_card":"summary_large_image","twitter_misc":{"Tiempo de lectura":"1 minuto"},"schema":{"@context":"https:\/\/schema.org","@graph":[{"@type":"WebPage","@id":"https:\/\/clublamardemalaga.com\/tienda\/producto\/jobe-v-de-traccion-con-ganchos-de-acero-inoxidable-12ft-1p\/","url":"https:\/\/clublamardemalaga.com\/tienda\/producto\/jobe-v-de-traccion-con-ganchos-de-acero-inoxidable-12ft-1p\/","name":"Jobe V De Tracc\u00edon Con Ganchos de Acero Inoxidable 12ft 1P","isPartOf":{"@id":"https:\/\/clublamardemalaga.com\/tienda\/#website"},"datePublished":"2021-05-28T11:43:46+00:00","dateModified":"2022-01-21T11:43:01+00:00","breadcrumb":{"@id":"https:\/\/clublamardemalaga.com\/tienda\/producto\/jobe-v-de-traccion-con-ganchos-de-acero-inoxidable-12ft-1p\/#breadcrumb"},"inLanguage":"es","potentialAction":[{"@type":"ReadAction","target":["https:\/\/clublamardemalaga.com\/tienda\/producto\/jobe-v-de-traccion-con-ganchos-de-acero-inoxidable-12ft-1p\/"]}]},{"@type":"BreadcrumbList","@id":"https:\/\/clublamardemalaga.com\/tienda\/producto\/jobe-v-de-traccion-con-ganchos-de-acero-inoxidable-12ft-1p\/#breadcrumb","itemListElement":[{"@type":"ListItem","position":1,"name":"Portada","item":"https:\/\/clublamardemalaga.com\/tienda\/"},{"@type":"ListItem","position":2,"name":"Sup &#038; Surf","item":"https:\/\/clublamardemalaga.com\/tienda\/sup-y-surf\/"},{"@type":"ListItem","position":3,"name":"Jobe V De Tracc\u00edon Con Ganchos de Acero Inoxidable 12ft 1P"}]},{"@type":"WebSite","@id":"https:\/\/clublamardemalaga.com\/tienda\/#website","url":"https:\/\/clublamardemalaga.com\/tienda\/","name":"Tienda de Sup &amp; Surf La Mar de M&aacute;laga","description":"","publisher":{"@id":"https:\/\/clublamardemalaga.com\/tienda\/#organization"},"potentialAction":[{"@type":"SearchAction","target":{"@type":"EntryPoint","urlTemplate":"https:\/\/clublamardemalaga.com\/tienda\/?s={search_term_string}"},"query-input":"required name=search_term_string"}],"inLanguage":"es"},{"@type":"Organization","@id":"https:\/\/clublamardemalaga.com\/tienda\/#organization","name":"Tienda Sup & Surf La Mar de M\u00e1laga","url":"https:\/\/clublamardemalaga.com\/tienda\/","logo":{"@type":"ImageObject","inLanguage":"es","@id":"https:\/\/clublamardemalaga.com\/tienda\/#\/schema\/logo\/image\/","url":"https:\/\/clublamardemalaga.com\/tienda\/wp-content\/uploads\/logo-tienda-club-la-mar-de-malaga.png","contentUrl":"https:\/\/clublamardemalaga.com\/tienda\/wp-content\/uploads\/logo-tienda-club-la-mar-de-malaga.png","width":250,"height":60,"caption":"Tienda Sup & Surf La Mar de M\u00e1laga"},"image":{"@id":"https:\/\/clublamardemalaga.com\/tienda\/#\/schema\/logo\/image\/"}}]}},"_links":{"self":[{"href":"https:\/\/clublamardemalaga.com\/tienda\/wp-json\/wp\/v2\/product\/875"}],"collection":[{"href":"https:\/\/clublamardemalaga.com\/tienda\/wp-json\/wp\/v2\/product"}],"about":[{"href":"https:\/\/clublamardemalaga.com\/tienda\/wp-json\/wp\/v2\/types\/product"}],"replies":[{"embeddable":true,"href":"https:\/\/clublamardemalaga.com\/tienda\/wp-json\/wp\/v2\/comments?post=875"}],"wp:featuredmedia":[{"embeddable":true,"href":"https:\/\/clublamardemalaga.com\/tienda\/wp-json\/wp\/v2\/media\/876"}],"wp:attachment":[{"href":"https:\/\/clublamardemalaga.com\/tienda\/wp-json\/wp\/v2\/media?parent=875"}],"wp:term":[{"taxonomy":"product_cat","embeddable":true,"href":"https:\/\/clublamardemalaga.com\/tienda\/wp-json\/wp\/v2\/product_cat?post=875"},{"taxonomy":"product_tag","embeddable":true,"href":"https:\/\/clublamardemalaga.com\/tienda\/wp-json\/wp\/v2\/product_tag?post=875"}],"curies":[{"name":"wp","href":"https:\/\/api.w.org\/{rel}","templated":true}]}}