{"id":873,"date":"2021-05-28T13:43:46","date_gmt":"2021-05-28T11:43:46","guid":{"rendered":"https:\/\/clublamardemalaga.com\/tienda\/producto\/jobe-allegre-67-combo-esquis-acuaticos-paquete-azul\/"},"modified":"2021-08-18T13:34:16","modified_gmt":"2021-08-18T11:34:16","slug":"jobe-allegre-67-combo-esquis-acuaticos-paquete-azul","status":"publish","type":"product","link":"https:\/\/clublamardemalaga.com\/tienda\/producto\/jobe-allegre-67-combo-esquis-acuaticos-paquete-azul\/","title":{"rendered":"Jobe Allegre 67&#8243; Combo Esqu\u00eds Acu\u00e1ticos Paquete Azul"},"content":{"rendered":"<p>Nuestros esqu\u00eds combo Allegre son la combinaci\u00f3n perfecta de fuerza y control tanto para el combo como para el esqu\u00ed de slalom de iniciaci\u00f3n. Cambia f\u00e1cilmente entre estilos con nuestras fijaciones de herradura ajustables. El recubrimiento superior brillante se agrega para mejorar la resistencia contra los rasgu\u00f1os y la decoloraci\u00f3n de la superficie. Vaya a por el paquete completo, incluye una bolsa transparente con los esqu\u00eds, una cuerda con palonier, una bandera de se\u00f1alizaci\u00f3n para deportes acu\u00e1ticos y un chaleco rojo universal.<\/p>\n","protected":false},"excerpt":{"rendered":"<p>Nuestros esqu\u00eds combo Allegre son la combinaci\u00f3n perfecta de fuerza y control tanto para el combo como para el esqu\u00ed de slalom de iniciaci\u00f3n. Cambia f\u00e1cilmente entre estilos con nuestras fijaciones de herradura ajustables. El recubrimiento superior brillante se agrega para mejorar la resistencia contra los rasgu\u00f1os y la decoloraci\u00f3n de la superficie. Vaya a [&hellip;]<\/p>\n","protected":false},"featured_media":874,"comment_status":"closed","ping_status":"open","template":"","meta":{"site-sidebar-layout":"default","site-content-layout":"","ast-site-content-layout":"","site-content-style":"default","site-sidebar-style":"default","ast-global-header-display":"","ast-banner-title-visibility":"","ast-main-header-display":"","ast-hfb-above-header-display":"","ast-hfb-below-header-display":"","ast-hfb-mobile-header-display":"","site-post-title":"","ast-breadcrumbs-content":"","ast-featured-img":"","footer-sml-layout":"","theme-transparent-header-meta":"","adv-header-id-meta":"","stick-header-meta":"","header-above-stick-meta":"","header-main-stick-meta":"","header-below-stick-meta":"","astra-migrate-meta-layouts":"default","ast-page-background-enabled":"default","ast-page-background-meta":{"desktop":{"background-color":"","background-image":"","background-repeat":"repeat","background-position":"center center","background-size":"auto","background-attachment":"scroll","background-type":"","background-media":"","overlay-type":"","overlay-color":"","overlay-gradient":""},"tablet":{"background-color":"","background-image":"","background-repeat":"repeat","background-position":"center center","background-size":"auto","background-attachment":"scroll","background-type":"","background-media":"","overlay-type":"","overlay-color":"","overlay-gradient":""},"mobile":{"background-color":"","background-image":"","background-repeat":"repeat","background-position":"center center","background-size":"auto","background-attachment":"scroll","background-type":"","background-media":"","overlay-type":"","overlay-color":"","overlay-gradient":""}},"ast-content-background-meta":{"desktop":{"background-color":"var(--ast-global-color-5)","background-image":"","background-repeat":"repeat","background-position":"center center","background-size":"auto","background-attachment":"scroll","background-type":"","background-media":"","overlay-type":"","overlay-color":"","overlay-gradient":""},"tablet":{"background-color":"var(--ast-global-color-5)","background-image":"","background-repeat":"repeat","background-position":"center center","background-size":"auto","background-attachment":"scroll","background-type":"","background-media":"","overlay-type":"","overlay-color":"","overlay-gradient":""},"mobile":{"background-color":"var(--ast-global-color-5)","background-image":"","background-repeat":"repeat","background-position":"center center","background-size":"auto","background-attachment":"scroll","background-type":"","background-media":"","overlay-type":"","overlay-color":"","overlay-gradient":""}}},"product_cat":[94,95],"product_tag":[],"yoast_head":"<!-- This site is optimized with the Yoast SEO plugin v21.8 - https:\/\/yoast.com\/wordpress\/plugins\/seo\/ -->\n<title>Jobe Allegre 67&quot; Combo Esqu\u00eds Acu\u00e1ticos Paquete Azul<\/title>\n<meta name=\"robots\" content=\"index, follow, max-snippet:-1, max-image-preview:large, max-video-preview:-1\" \/>\n<link rel=\"canonical\" href=\"https:\/\/clublamardemalaga.com\/tienda\/producto\/jobe-allegre-67-combo-esquis-acuaticos-paquete-azul\/\" \/>\n<meta property=\"og:locale\" content=\"es_ES\" \/>\n<meta property=\"og:type\" content=\"article\" \/>\n<meta property=\"og:title\" content=\"Jobe Allegre 67&quot; Combo Esqu\u00eds Acu\u00e1ticos Paquete Azul\" \/>\n<meta property=\"og:description\" content=\"Nuestros esqu\u00eds combo Allegre son la combinaci\u00f3n perfecta de fuerza y control tanto para el combo como para el esqu\u00ed de slalom de iniciaci\u00f3n. Cambia f\u00e1cilmente entre estilos con nuestras fijaciones de herradura ajustables. El recubrimiento superior brillante se agrega para mejorar la resistencia contra los rasgu\u00f1os y la decoloraci\u00f3n de la superficie. Vaya a [&hellip;]\" \/>\n<meta property=\"og:url\" content=\"https:\/\/clublamardemalaga.com\/tienda\/producto\/jobe-allegre-67-combo-esquis-acuaticos-paquete-azul\/\" \/>\n<meta property=\"og:site_name\" content=\"Tienda de Sup &amp; Surf La Mar de M&aacute;laga\" \/>\n<meta property=\"article:modified_time\" content=\"2021-08-18T11:34:16+00:00\" \/>\n<meta property=\"og:image\" content=\"https:\/\/clublamardemalaga.com\/tienda\/wp-content\/uploads\/208817006-zoom.jpg\" \/>\n\t<meta property=\"og:image:width\" content=\"960\" \/>\n\t<meta property=\"og:image:height\" content=\"1206\" \/>\n\t<meta property=\"og:image:type\" content=\"image\/jpeg\" \/>\n<meta name=\"twitter:card\" content=\"summary_large_image\" \/>\n<script type=\"application\/ld+json\" class=\"yoast-schema-graph\">{\"@context\":\"https:\/\/schema.org\",\"@graph\":[{\"@type\":\"WebPage\",\"@id\":\"https:\/\/clublamardemalaga.com\/tienda\/producto\/jobe-allegre-67-combo-esquis-acuaticos-paquete-azul\/\",\"url\":\"https:\/\/clublamardemalaga.com\/tienda\/producto\/jobe-allegre-67-combo-esquis-acuaticos-paquete-azul\/\",\"name\":\"Jobe Allegre 67\\\" Combo Esqu\u00eds Acu\u00e1ticos Paquete Azul\",\"isPartOf\":{\"@id\":\"https:\/\/clublamardemalaga.com\/tienda\/#website\"},\"datePublished\":\"2021-05-28T11:43:46+00:00\",\"dateModified\":\"2021-08-18T11:34:16+00:00\",\"breadcrumb\":{\"@id\":\"https:\/\/clublamardemalaga.com\/tienda\/producto\/jobe-allegre-67-combo-esquis-acuaticos-paquete-azul\/#breadcrumb\"},\"inLanguage\":\"es\",\"potentialAction\":[{\"@type\":\"ReadAction\",\"target\":[\"https:\/\/clublamardemalaga.com\/tienda\/producto\/jobe-allegre-67-combo-esquis-acuaticos-paquete-azul\/\"]}]},{\"@type\":\"BreadcrumbList\",\"@id\":\"https:\/\/clublamardemalaga.com\/tienda\/producto\/jobe-allegre-67-combo-esquis-acuaticos-paquete-azul\/#breadcrumb\",\"itemListElement\":[{\"@type\":\"ListItem\",\"position\":1,\"name\":\"Portada\",\"item\":\"https:\/\/clublamardemalaga.com\/tienda\/\"},{\"@type\":\"ListItem\",\"position\":2,\"name\":\"Sup &#038; Surf\",\"item\":\"https:\/\/clublamardemalaga.com\/tienda\/sup-y-surf\/\"},{\"@type\":\"ListItem\",\"position\":3,\"name\":\"Jobe Allegre 67&#8243; Combo Esqu\u00eds Acu\u00e1ticos Paquete Azul\"}]},{\"@type\":\"WebSite\",\"@id\":\"https:\/\/clublamardemalaga.com\/tienda\/#website\",\"url\":\"https:\/\/clublamardemalaga.com\/tienda\/\",\"name\":\"Tienda de Sup &amp; Surf La Mar de M&aacute;laga\",\"description\":\"\",\"publisher\":{\"@id\":\"https:\/\/clublamardemalaga.com\/tienda\/#organization\"},\"potentialAction\":[{\"@type\":\"SearchAction\",\"target\":{\"@type\":\"EntryPoint\",\"urlTemplate\":\"https:\/\/clublamardemalaga.com\/tienda\/?s={search_term_string}\"},\"query-input\":\"required name=search_term_string\"}],\"inLanguage\":\"es\"},{\"@type\":\"Organization\",\"@id\":\"https:\/\/clublamardemalaga.com\/tienda\/#organization\",\"name\":\"Tienda Sup & Surf La Mar de M\u00e1laga\",\"url\":\"https:\/\/clublamardemalaga.com\/tienda\/\",\"logo\":{\"@type\":\"ImageObject\",\"inLanguage\":\"es\",\"@id\":\"https:\/\/clublamardemalaga.com\/tienda\/#\/schema\/logo\/image\/\",\"url\":\"https:\/\/clublamardemalaga.com\/tienda\/wp-content\/uploads\/logo-tienda-club-la-mar-de-malaga.png\",\"contentUrl\":\"https:\/\/clublamardemalaga.com\/tienda\/wp-content\/uploads\/logo-tienda-club-la-mar-de-malaga.png\",\"width\":250,\"height\":60,\"caption\":\"Tienda Sup & Surf La Mar de M\u00e1laga\"},\"image\":{\"@id\":\"https:\/\/clublamardemalaga.com\/tienda\/#\/schema\/logo\/image\/\"}}]}<\/script>\n<!-- \/ Yoast SEO plugin. -->","yoast_head_json":{"title":"Jobe Allegre 67\" Combo Esqu\u00eds Acu\u00e1ticos Paquete Azul","robots":{"index":"index","follow":"follow","max-snippet":"max-snippet:-1","max-image-preview":"max-image-preview:large","max-video-preview":"max-video-preview:-1"},"canonical":"https:\/\/clublamardemalaga.com\/tienda\/producto\/jobe-allegre-67-combo-esquis-acuaticos-paquete-azul\/","og_locale":"es_ES","og_type":"article","og_title":"Jobe Allegre 67\" Combo Esqu\u00eds Acu\u00e1ticos Paquete Azul","og_description":"Nuestros esqu\u00eds combo Allegre son la combinaci\u00f3n perfecta de fuerza y control tanto para el combo como para el esqu\u00ed de slalom de iniciaci\u00f3n. Cambia f\u00e1cilmente entre estilos con nuestras fijaciones de herradura ajustables. El recubrimiento superior brillante se agrega para mejorar la resistencia contra los rasgu\u00f1os y la decoloraci\u00f3n de la superficie. Vaya a [&hellip;]","og_url":"https:\/\/clublamardemalaga.com\/tienda\/producto\/jobe-allegre-67-combo-esquis-acuaticos-paquete-azul\/","og_site_name":"Tienda de Sup &amp; Surf La Mar de M&aacute;laga","article_modified_time":"2021-08-18T11:34:16+00:00","og_image":[{"width":960,"height":1206,"url":"https:\/\/clublamardemalaga.com\/tienda\/wp-content\/uploads\/208817006-zoom.jpg","type":"image\/jpeg"}],"twitter_card":"summary_large_image","schema":{"@context":"https:\/\/schema.org","@graph":[{"@type":"WebPage","@id":"https:\/\/clublamardemalaga.com\/tienda\/producto\/jobe-allegre-67-combo-esquis-acuaticos-paquete-azul\/","url":"https:\/\/clublamardemalaga.com\/tienda\/producto\/jobe-allegre-67-combo-esquis-acuaticos-paquete-azul\/","name":"Jobe Allegre 67\" Combo Esqu\u00eds Acu\u00e1ticos Paquete Azul","isPartOf":{"@id":"https:\/\/clublamardemalaga.com\/tienda\/#website"},"datePublished":"2021-05-28T11:43:46+00:00","dateModified":"2021-08-18T11:34:16+00:00","breadcrumb":{"@id":"https:\/\/clublamardemalaga.com\/tienda\/producto\/jobe-allegre-67-combo-esquis-acuaticos-paquete-azul\/#breadcrumb"},"inLanguage":"es","potentialAction":[{"@type":"ReadAction","target":["https:\/\/clublamardemalaga.com\/tienda\/producto\/jobe-allegre-67-combo-esquis-acuaticos-paquete-azul\/"]}]},{"@type":"BreadcrumbList","@id":"https:\/\/clublamardemalaga.com\/tienda\/producto\/jobe-allegre-67-combo-esquis-acuaticos-paquete-azul\/#breadcrumb","itemListElement":[{"@type":"ListItem","position":1,"name":"Portada","item":"https:\/\/clublamardemalaga.com\/tienda\/"},{"@type":"ListItem","position":2,"name":"Sup &#038; Surf","item":"https:\/\/clublamardemalaga.com\/tienda\/sup-y-surf\/"},{"@type":"ListItem","position":3,"name":"Jobe Allegre 67&#8243; Combo Esqu\u00eds Acu\u00e1ticos Paquete Azul"}]},{"@type":"WebSite","@id":"https:\/\/clublamardemalaga.com\/tienda\/#website","url":"https:\/\/clublamardemalaga.com\/tienda\/","name":"Tienda de Sup &amp; Surf La Mar de M&aacute;laga","description":"","publisher":{"@id":"https:\/\/clublamardemalaga.com\/tienda\/#organization"},"potentialAction":[{"@type":"SearchAction","target":{"@type":"EntryPoint","urlTemplate":"https:\/\/clublamardemalaga.com\/tienda\/?s={search_term_string}"},"query-input":"required name=search_term_string"}],"inLanguage":"es"},{"@type":"Organization","@id":"https:\/\/clublamardemalaga.com\/tienda\/#organization","name":"Tienda Sup & Surf La Mar de M\u00e1laga","url":"https:\/\/clublamardemalaga.com\/tienda\/","logo":{"@type":"ImageObject","inLanguage":"es","@id":"https:\/\/clublamardemalaga.com\/tienda\/#\/schema\/logo\/image\/","url":"https:\/\/clublamardemalaga.com\/tienda\/wp-content\/uploads\/logo-tienda-club-la-mar-de-malaga.png","contentUrl":"https:\/\/clublamardemalaga.com\/tienda\/wp-content\/uploads\/logo-tienda-club-la-mar-de-malaga.png","width":250,"height":60,"caption":"Tienda Sup & Surf La Mar de M\u00e1laga"},"image":{"@id":"https:\/\/clublamardemalaga.com\/tienda\/#\/schema\/logo\/image\/"}}]}},"_links":{"self":[{"href":"https:\/\/clublamardemalaga.com\/tienda\/wp-json\/wp\/v2\/product\/873"}],"collection":[{"href":"https:\/\/clublamardemalaga.com\/tienda\/wp-json\/wp\/v2\/product"}],"about":[{"href":"https:\/\/clublamardemalaga.com\/tienda\/wp-json\/wp\/v2\/types\/product"}],"replies":[{"embeddable":true,"href":"https:\/\/clublamardemalaga.com\/tienda\/wp-json\/wp\/v2\/comments?post=873"}],"wp:featuredmedia":[{"embeddable":true,"href":"https:\/\/clublamardemalaga.com\/tienda\/wp-json\/wp\/v2\/media\/874"}],"wp:attachment":[{"href":"https:\/\/clublamardemalaga.com\/tienda\/wp-json\/wp\/v2\/media?parent=873"}],"wp:term":[{"taxonomy":"product_cat","embeddable":true,"href":"https:\/\/clublamardemalaga.com\/tienda\/wp-json\/wp\/v2\/product_cat?post=873"},{"taxonomy":"product_tag","embeddable":true,"href":"https:\/\/clublamardemalaga.com\/tienda\/wp-json\/wp\/v2\/product_tag?post=873"}],"curies":[{"name":"wp","href":"https:\/\/api.w.org\/{rel}","templated":true}]}}