{"id":5279,"date":"2021-07-16T10:58:19","date_gmt":"2021-07-16T08:58:19","guid":{"rendered":"https:\/\/clublamardemalaga.com\/tienda\/?post_type=product&#038;p=5279"},"modified":"2022-01-21T12:49:54","modified_gmt":"2022-01-21T11:49:54","slug":"remo-quatro-varioflex-100","status":"publish","type":"product","link":"https:\/\/clublamardemalaga.com\/tienda\/producto\/remo-quatro-varioflex-100\/","title":{"rendered":"Remo Quatro Varioflex 100%"},"content":{"rendered":"<p>Remo de m\u00e1ximo rendimiento, disponible en 3 tama\u00f1os, S, M y L, para cubrir una amplia gama de ciclistas. El Varioflex Pro 100 le ofrece la misma experiencia de remar que el Uniflex Pro 100, pero con mayor capacidad de ajuste.<\/p>\n<p>El S tiene un eje de di\u00e1metro reducido, adecuado para damas y groms. La M es adecuada para la mayor\u00eda de los ciclistas, especialmente en tablas m\u00e1s peque\u00f1as y tambi\u00e9n viene con un eje de di\u00e1metro reducido. La L es para ciclistas m\u00e1s grandes o para tablas recreativas y para aguas planas. La L tiene un eje de di\u00e1metro est\u00e1ndar.<\/p>\n<p>Una paleta de elecci\u00f3n para velocistas poderosos, para corredores entre islas \/ largas distancias y para los surfistas y ciclistas de foil m\u00e1s ambiciosos. Nuestra pala di\u00e9drica y paralela en forma de pala hace el trabajo sin esfuerzo desde el momento de la entrada, pasando por la secci\u00f3n de potencia, hasta su liberaci\u00f3n, acelerando la pala al reducir la turbulencia a trav\u00e9s de la extensi\u00f3n de su pala c\u00f3nica hacia la punta y su \u00e1ngulo poco profundo de 8 grados. La cresta central y los c\u00f3ncavos tambi\u00e9n se suman a la construcci\u00f3n de la hoja, minimizando el torque vertical y horizontal. Todos los bordes est\u00e1n suavizados para mayor seguridad y protecci\u00f3n de los rieles.<\/p>\n<p>La rigidez del eje es su poder, mientras que el Flex es lo que alinea la geometr\u00eda de su cuerpo a trav\u00e9s de todo el movimiento, lo llamamos \u00abDirect Drive\u00bb, ajustando naturalmente el \u00e1ngulo de la hoja y el eje al tir\u00f3n de su brazo. En combinaci\u00f3n con su peso s\u00faper bajo y su resistencia s\u00faper alta, la varilla Varioflex Pro 100 no solo acelera su rendimiento, sino que tambi\u00e9n agrega comodidad y longevidad a sus sesiones.<\/p>\n<p>Esta es una paleta de rendimiento vers\u00e1til, fuerte, s\u00faper liviana, potente y equilibrada en \u00faltima instancia. Forma de pala diedro en forma de pala para potencia y control en el remo de alta cadencia. \u00c1ngulo de hoja bajo de 8 grados dise\u00f1ado para surfear.<\/p>\n<p>La construcci\u00f3n es de hoja 100% carbono 3k, eje 100% carbono 3K y mango en T 100% carbono.<\/p>\n<p>Ajustable de la siguiente manera: S 150 a 200 cm. M 160 a 210 cm. L 170 a 220 cm.<\/p>\n<p>Los pasajeros pesan de la siguiente manera: S 50 a 70 kg. M de 65 a 85 kg. L 80 a 105 kg.<\/p>\n<p>Talla S y M ideal para: Nano, Carve, Glide. Tama\u00f1o grande ideal para: Carve, Glide, Roam y excelente para uso recreativo completo.<\/p>\n<p>El Varioflex Pro es ideal para foiling SUP.<\/p>\n<p>Disponible en S, M, L.<\/p>\n<p>Disponible en azul ne\u00f3n.<\/p>\n","protected":false},"excerpt":{"rendered":"<p>Remo de m\u00e1ximo rendimiento, disponible en 3 tama\u00f1os, S, M y L, para cubrir una amplia gama de ciclistas. El Varioflex Pro 100 le ofrece la misma experiencia de remar que el Uniflex Pro 100, pero con mayor capacidad de ajuste. El S tiene un eje de di\u00e1metro reducido, adecuado para damas y groms. La [&hellip;]<\/p>\n","protected":false},"featured_media":5283,"comment_status":"open","ping_status":"closed","template":"","meta":{"site-sidebar-layout":"default","site-content-layout":"default","ast-site-content-layout":"","site-content-style":"default","site-sidebar-style":"default","ast-global-header-display":"","ast-banner-title-visibility":"","ast-main-header-display":"","ast-hfb-above-header-display":"","ast-hfb-below-header-display":"","ast-hfb-mobile-header-display":"","site-post-title":"","ast-breadcrumbs-content":"","ast-featured-img":"","footer-sml-layout":"","theme-transparent-header-meta":"default","adv-header-id-meta":"","stick-header-meta":"","header-above-stick-meta":"","header-main-stick-meta":"","header-below-stick-meta":"","astra-migrate-meta-layouts":"default","ast-page-background-enabled":"default","ast-page-background-meta":{"desktop":{"background-color":"","background-image":"","background-repeat":"repeat","background-position":"center center","background-size":"auto","background-attachment":"scroll","background-type":"","background-media":"","overlay-type":"","overlay-color":"","overlay-gradient":""},"tablet":{"background-color":"","background-image":"","background-repeat":"repeat","background-position":"center center","background-size":"auto","background-attachment":"scroll","background-type":"","background-media":"","overlay-type":"","overlay-color":"","overlay-gradient":""},"mobile":{"background-color":"","background-image":"","background-repeat":"repeat","background-position":"center center","background-size":"auto","background-attachment":"scroll","background-type":"","background-media":"","overlay-type":"","overlay-color":"","overlay-gradient":""}},"ast-content-background-meta":{"desktop":{"background-color":"var(--ast-global-color-5)","background-image":"","background-repeat":"repeat","background-position":"center center","background-size":"auto","background-attachment":"scroll","background-type":"","background-media":"","overlay-type":"","overlay-color":"","overlay-gradient":""},"tablet":{"background-color":"var(--ast-global-color-5)","background-image":"","background-repeat":"repeat","background-position":"center center","background-size":"auto","background-attachment":"scroll","background-type":"","background-media":"","overlay-type":"","overlay-color":"","overlay-gradient":""},"mobile":{"background-color":"var(--ast-global-color-5)","background-image":"","background-repeat":"repeat","background-position":"center center","background-size":"auto","background-attachment":"scroll","background-type":"","background-media":"","overlay-type":"","overlay-color":"","overlay-gradient":""}}},"product_cat":[118],"product_tag":[],"yoast_head":"<!-- This site is optimized with the Yoast SEO plugin v21.8 - https:\/\/yoast.com\/wordpress\/plugins\/seo\/ -->\n<title>Remo Quatro Varioflex 100%<\/title>\n<meta name=\"robots\" content=\"index, follow, max-snippet:-1, max-image-preview:large, max-video-preview:-1\" \/>\n<link rel=\"canonical\" href=\"https:\/\/clublamardemalaga.com\/tienda\/producto\/remo-quatro-varioflex-100\/\" \/>\n<meta property=\"og:locale\" content=\"es_ES\" \/>\n<meta property=\"og:type\" content=\"article\" \/>\n<meta property=\"og:title\" content=\"Remo Quatro Varioflex 100%\" \/>\n<meta property=\"og:description\" content=\"Remo de m\u00e1ximo rendimiento, disponible en 3 tama\u00f1os, S, M y L, para cubrir una amplia gama de ciclistas. El Varioflex Pro 100 le ofrece la misma experiencia de remar que el Uniflex Pro 100, pero con mayor capacidad de ajuste. El S tiene un eje de di\u00e1metro reducido, adecuado para damas y groms. La [&hellip;]\" \/>\n<meta property=\"og:url\" content=\"https:\/\/clublamardemalaga.com\/tienda\/producto\/remo-quatro-varioflex-100\/\" \/>\n<meta property=\"og:site_name\" content=\"Tienda de Sup &amp; Surf La Mar de M&aacute;laga\" \/>\n<meta property=\"article:modified_time\" content=\"2022-01-21T11:49:54+00:00\" \/>\n<meta property=\"og:image\" content=\"https:\/\/clublamardemalaga.com\/tienda\/wp-content\/uploads\/0002329_quatro-varioflex-100.jpg\" \/>\n\t<meta property=\"og:image:width\" content=\"1200\" \/>\n\t<meta property=\"og:image:height\" content=\"1200\" \/>\n\t<meta property=\"og:image:type\" content=\"image\/jpeg\" \/>\n<meta name=\"twitter:card\" content=\"summary_large_image\" \/>\n<meta name=\"twitter:label1\" content=\"Tiempo de lectura\" \/>\n\t<meta name=\"twitter:data1\" content=\"2 minutos\" \/>\n<script type=\"application\/ld+json\" class=\"yoast-schema-graph\">{\"@context\":\"https:\/\/schema.org\",\"@graph\":[{\"@type\":\"WebPage\",\"@id\":\"https:\/\/clublamardemalaga.com\/tienda\/producto\/remo-quatro-varioflex-100\/\",\"url\":\"https:\/\/clublamardemalaga.com\/tienda\/producto\/remo-quatro-varioflex-100\/\",\"name\":\"Remo Quatro Varioflex 100%\",\"isPartOf\":{\"@id\":\"https:\/\/clublamardemalaga.com\/tienda\/#website\"},\"datePublished\":\"2021-07-16T08:58:19+00:00\",\"dateModified\":\"2022-01-21T11:49:54+00:00\",\"breadcrumb\":{\"@id\":\"https:\/\/clublamardemalaga.com\/tienda\/producto\/remo-quatro-varioflex-100\/#breadcrumb\"},\"inLanguage\":\"es\",\"potentialAction\":[{\"@type\":\"ReadAction\",\"target\":[\"https:\/\/clublamardemalaga.com\/tienda\/producto\/remo-quatro-varioflex-100\/\"]}]},{\"@type\":\"BreadcrumbList\",\"@id\":\"https:\/\/clublamardemalaga.com\/tienda\/producto\/remo-quatro-varioflex-100\/#breadcrumb\",\"itemListElement\":[{\"@type\":\"ListItem\",\"position\":1,\"name\":\"Portada\",\"item\":\"https:\/\/clublamardemalaga.com\/tienda\/\"},{\"@type\":\"ListItem\",\"position\":2,\"name\":\"Sup &#038; Surf\",\"item\":\"https:\/\/clublamardemalaga.com\/tienda\/sup-y-surf\/\"},{\"@type\":\"ListItem\",\"position\":3,\"name\":\"Remo Quatro Varioflex 100%\"}]},{\"@type\":\"WebSite\",\"@id\":\"https:\/\/clublamardemalaga.com\/tienda\/#website\",\"url\":\"https:\/\/clublamardemalaga.com\/tienda\/\",\"name\":\"Tienda de Sup &amp; Surf La Mar de M&aacute;laga\",\"description\":\"\",\"publisher\":{\"@id\":\"https:\/\/clublamardemalaga.com\/tienda\/#organization\"},\"potentialAction\":[{\"@type\":\"SearchAction\",\"target\":{\"@type\":\"EntryPoint\",\"urlTemplate\":\"https:\/\/clublamardemalaga.com\/tienda\/?s={search_term_string}\"},\"query-input\":\"required name=search_term_string\"}],\"inLanguage\":\"es\"},{\"@type\":\"Organization\",\"@id\":\"https:\/\/clublamardemalaga.com\/tienda\/#organization\",\"name\":\"Tienda Sup & Surf La Mar de M\u00e1laga\",\"url\":\"https:\/\/clublamardemalaga.com\/tienda\/\",\"logo\":{\"@type\":\"ImageObject\",\"inLanguage\":\"es\",\"@id\":\"https:\/\/clublamardemalaga.com\/tienda\/#\/schema\/logo\/image\/\",\"url\":\"https:\/\/clublamardemalaga.com\/tienda\/wp-content\/uploads\/logo-tienda-club-la-mar-de-malaga.png\",\"contentUrl\":\"https:\/\/clublamardemalaga.com\/tienda\/wp-content\/uploads\/logo-tienda-club-la-mar-de-malaga.png\",\"width\":250,\"height\":60,\"caption\":\"Tienda Sup & Surf La Mar de M\u00e1laga\"},\"image\":{\"@id\":\"https:\/\/clublamardemalaga.com\/tienda\/#\/schema\/logo\/image\/\"}}]}<\/script>\n<!-- \/ Yoast SEO plugin. -->","yoast_head_json":{"title":"Remo Quatro Varioflex 100%","robots":{"index":"index","follow":"follow","max-snippet":"max-snippet:-1","max-image-preview":"max-image-preview:large","max-video-preview":"max-video-preview:-1"},"canonical":"https:\/\/clublamardemalaga.com\/tienda\/producto\/remo-quatro-varioflex-100\/","og_locale":"es_ES","og_type":"article","og_title":"Remo Quatro Varioflex 100%","og_description":"Remo de m\u00e1ximo rendimiento, disponible en 3 tama\u00f1os, S, M y L, para cubrir una amplia gama de ciclistas. El Varioflex Pro 100 le ofrece la misma experiencia de remar que el Uniflex Pro 100, pero con mayor capacidad de ajuste. El S tiene un eje de di\u00e1metro reducido, adecuado para damas y groms. La [&hellip;]","og_url":"https:\/\/clublamardemalaga.com\/tienda\/producto\/remo-quatro-varioflex-100\/","og_site_name":"Tienda de Sup &amp; Surf La Mar de M&aacute;laga","article_modified_time":"2022-01-21T11:49:54+00:00","og_image":[{"width":1200,"height":1200,"url":"https:\/\/clublamardemalaga.com\/tienda\/wp-content\/uploads\/0002329_quatro-varioflex-100.jpg","type":"image\/jpeg"}],"twitter_card":"summary_large_image","twitter_misc":{"Tiempo de lectura":"2 minutos"},"schema":{"@context":"https:\/\/schema.org","@graph":[{"@type":"WebPage","@id":"https:\/\/clublamardemalaga.com\/tienda\/producto\/remo-quatro-varioflex-100\/","url":"https:\/\/clublamardemalaga.com\/tienda\/producto\/remo-quatro-varioflex-100\/","name":"Remo Quatro Varioflex 100%","isPartOf":{"@id":"https:\/\/clublamardemalaga.com\/tienda\/#website"},"datePublished":"2021-07-16T08:58:19+00:00","dateModified":"2022-01-21T11:49:54+00:00","breadcrumb":{"@id":"https:\/\/clublamardemalaga.com\/tienda\/producto\/remo-quatro-varioflex-100\/#breadcrumb"},"inLanguage":"es","potentialAction":[{"@type":"ReadAction","target":["https:\/\/clublamardemalaga.com\/tienda\/producto\/remo-quatro-varioflex-100\/"]}]},{"@type":"BreadcrumbList","@id":"https:\/\/clublamardemalaga.com\/tienda\/producto\/remo-quatro-varioflex-100\/#breadcrumb","itemListElement":[{"@type":"ListItem","position":1,"name":"Portada","item":"https:\/\/clublamardemalaga.com\/tienda\/"},{"@type":"ListItem","position":2,"name":"Sup &#038; Surf","item":"https:\/\/clublamardemalaga.com\/tienda\/sup-y-surf\/"},{"@type":"ListItem","position":3,"name":"Remo Quatro Varioflex 100%"}]},{"@type":"WebSite","@id":"https:\/\/clublamardemalaga.com\/tienda\/#website","url":"https:\/\/clublamardemalaga.com\/tienda\/","name":"Tienda de Sup &amp; Surf La Mar de M&aacute;laga","description":"","publisher":{"@id":"https:\/\/clublamardemalaga.com\/tienda\/#organization"},"potentialAction":[{"@type":"SearchAction","target":{"@type":"EntryPoint","urlTemplate":"https:\/\/clublamardemalaga.com\/tienda\/?s={search_term_string}"},"query-input":"required name=search_term_string"}],"inLanguage":"es"},{"@type":"Organization","@id":"https:\/\/clublamardemalaga.com\/tienda\/#organization","name":"Tienda Sup & Surf La Mar de M\u00e1laga","url":"https:\/\/clublamardemalaga.com\/tienda\/","logo":{"@type":"ImageObject","inLanguage":"es","@id":"https:\/\/clublamardemalaga.com\/tienda\/#\/schema\/logo\/image\/","url":"https:\/\/clublamardemalaga.com\/tienda\/wp-content\/uploads\/logo-tienda-club-la-mar-de-malaga.png","contentUrl":"https:\/\/clublamardemalaga.com\/tienda\/wp-content\/uploads\/logo-tienda-club-la-mar-de-malaga.png","width":250,"height":60,"caption":"Tienda Sup & Surf La Mar de M\u00e1laga"},"image":{"@id":"https:\/\/clublamardemalaga.com\/tienda\/#\/schema\/logo\/image\/"}}]}},"_links":{"self":[{"href":"https:\/\/clublamardemalaga.com\/tienda\/wp-json\/wp\/v2\/product\/5279"}],"collection":[{"href":"https:\/\/clublamardemalaga.com\/tienda\/wp-json\/wp\/v2\/product"}],"about":[{"href":"https:\/\/clublamardemalaga.com\/tienda\/wp-json\/wp\/v2\/types\/product"}],"replies":[{"embeddable":true,"href":"https:\/\/clublamardemalaga.com\/tienda\/wp-json\/wp\/v2\/comments?post=5279"}],"wp:featuredmedia":[{"embeddable":true,"href":"https:\/\/clublamardemalaga.com\/tienda\/wp-json\/wp\/v2\/media\/5283"}],"wp:attachment":[{"href":"https:\/\/clublamardemalaga.com\/tienda\/wp-json\/wp\/v2\/media?parent=5279"}],"wp:term":[{"taxonomy":"product_cat","embeddable":true,"href":"https:\/\/clublamardemalaga.com\/tienda\/wp-json\/wp\/v2\/product_cat?post=5279"},{"taxonomy":"product_tag","embeddable":true,"href":"https:\/\/clublamardemalaga.com\/tienda\/wp-json\/wp\/v2\/product_tag?post=5279"}],"curies":[{"name":"wp","href":"https:\/\/api.w.org\/{rel}","templated":true}]}}