{"id":4372,"date":"2021-06-25T11:43:02","date_gmt":"2021-06-25T09:43:02","guid":{"rendered":"https:\/\/clublamardemalaga.com\/tienda\/producto\/jobe-perth-3-2mm-traje-de-neopreno-hombre-rojo\/"},"modified":"2022-01-21T12:46:34","modified_gmt":"2022-01-21T11:46:34","slug":"jobe-perth-3-2mm-traje-de-neopreno-hombre-rojo","status":"publish","type":"product","link":"https:\/\/clublamardemalaga.com\/tienda\/producto\/jobe-perth-3-2mm-traje-de-neopreno-hombre-rojo\/","title":{"rendered":"Jobe Perth 3\/2mm Traje De Neopreno Hombre Rojo"},"content":{"rendered":"<p>El Jobe Perth 3\/2mm Traje De Neopreno Hombre Rojo que estabas buscando. Este traje de neopreno totalmente el\u00e1stico est\u00e1 cargado con tecnolog\u00eda que mejora el calor para mantener el verano rodando durante todo el a\u00f1o. Con caracter\u00edsticas como costuras planas duraderas, una cremallera trasera para poder pon\u00e9rtelo f\u00e1cilmente y rodilleras protectoras reforzadas. El Perth de 3 \/ 2 mm viene en 3 impresionantes colores: rojo, azul y gris grafito que se ven muy bien en combinaci\u00f3n con los chalecos Jobe Neoprene y Unify.<\/p>\n<ul>\n<li>Costuras flatlock duraderas<\/li>\n<li>Cinta de refuerzo interior<\/li>\n<li>Cremallera trasera para una entrada r\u00e1pida<\/li>\n<li>kneeboards protectoras fuertes<\/li>\n<li>Neopreno de 3 mm en pecho y espalda, 2 mm en otros paneles<\/li>\n<li>Neopreno completamente el\u00e1stico<\/li>\n<\/ul>\n","protected":false},"excerpt":{"rendered":"<p>El Jobe Perth 3\/2mm Traje De Neopreno Hombre Rojo que estabas buscando. Este traje de neopreno totalmente el\u00e1stico est\u00e1 cargado con tecnolog\u00eda que mejora el calor para mantener el verano rodando durante todo el a\u00f1o. Con caracter\u00edsticas como costuras planas duraderas, una cremallera trasera para poder pon\u00e9rtelo f\u00e1cilmente y rodilleras protectoras reforzadas. El Perth de [&hellip;]<\/p>\n","protected":false},"featured_media":4373,"comment_status":"closed","ping_status":"open","template":"","meta":{"site-sidebar-layout":"default","site-content-layout":"","ast-site-content-layout":"","site-content-style":"default","site-sidebar-style":"default","ast-global-header-display":"","ast-banner-title-visibility":"","ast-main-header-display":"","ast-hfb-above-header-display":"","ast-hfb-below-header-display":"","ast-hfb-mobile-header-display":"","site-post-title":"","ast-breadcrumbs-content":"","ast-featured-img":"","footer-sml-layout":"","theme-transparent-header-meta":"","adv-header-id-meta":"","stick-header-meta":"","header-above-stick-meta":"","header-main-stick-meta":"","header-below-stick-meta":"","astra-migrate-meta-layouts":"default","ast-page-background-enabled":"default","ast-page-background-meta":{"desktop":{"background-color":"","background-image":"","background-repeat":"repeat","background-position":"center center","background-size":"auto","background-attachment":"scroll","background-type":"","background-media":"","overlay-type":"","overlay-color":"","overlay-gradient":""},"tablet":{"background-color":"","background-image":"","background-repeat":"repeat","background-position":"center center","background-size":"auto","background-attachment":"scroll","background-type":"","background-media":"","overlay-type":"","overlay-color":"","overlay-gradient":""},"mobile":{"background-color":"","background-image":"","background-repeat":"repeat","background-position":"center center","background-size":"auto","background-attachment":"scroll","background-type":"","background-media":"","overlay-type":"","overlay-color":"","overlay-gradient":""}},"ast-content-background-meta":{"desktop":{"background-color":"var(--ast-global-color-5)","background-image":"","background-repeat":"repeat","background-position":"center center","background-size":"auto","background-attachment":"scroll","background-type":"","background-media":"","overlay-type":"","overlay-color":"","overlay-gradient":""},"tablet":{"background-color":"var(--ast-global-color-5)","background-image":"","background-repeat":"repeat","background-position":"center center","background-size":"auto","background-attachment":"scroll","background-type":"","background-media":"","overlay-type":"","overlay-color":"","overlay-gradient":""},"mobile":{"background-color":"var(--ast-global-color-5)","background-image":"","background-repeat":"repeat","background-position":"center center","background-size":"auto","background-attachment":"scroll","background-type":"","background-media":"","overlay-type":"","overlay-color":"","overlay-gradient":""}}},"product_cat":[107],"product_tag":[],"yoast_head":"<!-- This site is optimized with the Yoast SEO plugin v21.8 - https:\/\/yoast.com\/wordpress\/plugins\/seo\/ -->\n<title>Jobe Perth 3\/2mm Traje De Neopreno Hombre Rojo<\/title>\n<meta name=\"robots\" content=\"index, follow, max-snippet:-1, max-image-preview:large, max-video-preview:-1\" \/>\n<link rel=\"canonical\" href=\"https:\/\/clublamardemalaga.com\/tienda\/producto\/jobe-perth-3-2mm-traje-de-neopreno-hombre-rojo\/\" \/>\n<meta property=\"og:locale\" content=\"es_ES\" \/>\n<meta property=\"og:type\" content=\"article\" \/>\n<meta property=\"og:title\" content=\"Jobe Perth 3\/2mm Traje De Neopreno Hombre Rojo\" \/>\n<meta property=\"og:description\" content=\"El Jobe Perth 3\/2mm Traje De Neopreno Hombre Rojo que estabas buscando. Este traje de neopreno totalmente el\u00e1stico est\u00e1 cargado con tecnolog\u00eda que mejora el calor para mantener el verano rodando durante todo el a\u00f1o. Con caracter\u00edsticas como costuras planas duraderas, una cremallera trasera para poder pon\u00e9rtelo f\u00e1cilmente y rodilleras protectoras reforzadas. El Perth de [&hellip;]\" \/>\n<meta property=\"og:url\" content=\"https:\/\/clublamardemalaga.com\/tienda\/producto\/jobe-perth-3-2mm-traje-de-neopreno-hombre-rojo\/\" \/>\n<meta property=\"og:site_name\" content=\"Tienda de Sup &amp; Surf La Mar de M&aacute;laga\" \/>\n<meta property=\"article:modified_time\" content=\"2022-01-21T11:46:34+00:00\" \/>\n<meta property=\"og:image\" content=\"https:\/\/clublamardemalaga.com\/tienda\/wp-content\/uploads\/303521001-zoom.jpg\" \/>\n\t<meta property=\"og:image:width\" content=\"960\" \/>\n\t<meta property=\"og:image:height\" content=\"1200\" \/>\n\t<meta property=\"og:image:type\" content=\"image\/jpeg\" \/>\n<meta name=\"twitter:card\" content=\"summary_large_image\" \/>\n<meta name=\"twitter:label1\" content=\"Tiempo de lectura\" \/>\n\t<meta name=\"twitter:data1\" content=\"1 minuto\" \/>\n<script type=\"application\/ld+json\" class=\"yoast-schema-graph\">{\"@context\":\"https:\/\/schema.org\",\"@graph\":[{\"@type\":\"WebPage\",\"@id\":\"https:\/\/clublamardemalaga.com\/tienda\/producto\/jobe-perth-3-2mm-traje-de-neopreno-hombre-rojo\/\",\"url\":\"https:\/\/clublamardemalaga.com\/tienda\/producto\/jobe-perth-3-2mm-traje-de-neopreno-hombre-rojo\/\",\"name\":\"Jobe Perth 3\/2mm Traje De Neopreno Hombre Rojo\",\"isPartOf\":{\"@id\":\"https:\/\/clublamardemalaga.com\/tienda\/#website\"},\"datePublished\":\"2021-06-25T09:43:02+00:00\",\"dateModified\":\"2022-01-21T11:46:34+00:00\",\"breadcrumb\":{\"@id\":\"https:\/\/clublamardemalaga.com\/tienda\/producto\/jobe-perth-3-2mm-traje-de-neopreno-hombre-rojo\/#breadcrumb\"},\"inLanguage\":\"es\",\"potentialAction\":[{\"@type\":\"ReadAction\",\"target\":[\"https:\/\/clublamardemalaga.com\/tienda\/producto\/jobe-perth-3-2mm-traje-de-neopreno-hombre-rojo\/\"]}]},{\"@type\":\"BreadcrumbList\",\"@id\":\"https:\/\/clublamardemalaga.com\/tienda\/producto\/jobe-perth-3-2mm-traje-de-neopreno-hombre-rojo\/#breadcrumb\",\"itemListElement\":[{\"@type\":\"ListItem\",\"position\":1,\"name\":\"Portada\",\"item\":\"https:\/\/clublamardemalaga.com\/tienda\/\"},{\"@type\":\"ListItem\",\"position\":2,\"name\":\"Sup &#038; Surf\",\"item\":\"https:\/\/clublamardemalaga.com\/tienda\/sup-y-surf\/\"},{\"@type\":\"ListItem\",\"position\":3,\"name\":\"Jobe Perth 3\/2mm Traje De Neopreno Hombre Rojo\"}]},{\"@type\":\"WebSite\",\"@id\":\"https:\/\/clublamardemalaga.com\/tienda\/#website\",\"url\":\"https:\/\/clublamardemalaga.com\/tienda\/\",\"name\":\"Tienda de Sup &amp; Surf La Mar de M&aacute;laga\",\"description\":\"\",\"publisher\":{\"@id\":\"https:\/\/clublamardemalaga.com\/tienda\/#organization\"},\"potentialAction\":[{\"@type\":\"SearchAction\",\"target\":{\"@type\":\"EntryPoint\",\"urlTemplate\":\"https:\/\/clublamardemalaga.com\/tienda\/?s={search_term_string}\"},\"query-input\":\"required name=search_term_string\"}],\"inLanguage\":\"es\"},{\"@type\":\"Organization\",\"@id\":\"https:\/\/clublamardemalaga.com\/tienda\/#organization\",\"name\":\"Tienda Sup & Surf La Mar de M\u00e1laga\",\"url\":\"https:\/\/clublamardemalaga.com\/tienda\/\",\"logo\":{\"@type\":\"ImageObject\",\"inLanguage\":\"es\",\"@id\":\"https:\/\/clublamardemalaga.com\/tienda\/#\/schema\/logo\/image\/\",\"url\":\"https:\/\/clublamardemalaga.com\/tienda\/wp-content\/uploads\/logo-tienda-club-la-mar-de-malaga.png\",\"contentUrl\":\"https:\/\/clublamardemalaga.com\/tienda\/wp-content\/uploads\/logo-tienda-club-la-mar-de-malaga.png\",\"width\":250,\"height\":60,\"caption\":\"Tienda Sup & Surf La Mar de M\u00e1laga\"},\"image\":{\"@id\":\"https:\/\/clublamardemalaga.com\/tienda\/#\/schema\/logo\/image\/\"}}]}<\/script>\n<!-- \/ Yoast SEO plugin. -->","yoast_head_json":{"title":"Jobe Perth 3\/2mm Traje De Neopreno Hombre Rojo","robots":{"index":"index","follow":"follow","max-snippet":"max-snippet:-1","max-image-preview":"max-image-preview:large","max-video-preview":"max-video-preview:-1"},"canonical":"https:\/\/clublamardemalaga.com\/tienda\/producto\/jobe-perth-3-2mm-traje-de-neopreno-hombre-rojo\/","og_locale":"es_ES","og_type":"article","og_title":"Jobe Perth 3\/2mm Traje De Neopreno Hombre Rojo","og_description":"El Jobe Perth 3\/2mm Traje De Neopreno Hombre Rojo que estabas buscando. Este traje de neopreno totalmente el\u00e1stico est\u00e1 cargado con tecnolog\u00eda que mejora el calor para mantener el verano rodando durante todo el a\u00f1o. Con caracter\u00edsticas como costuras planas duraderas, una cremallera trasera para poder pon\u00e9rtelo f\u00e1cilmente y rodilleras protectoras reforzadas. El Perth de [&hellip;]","og_url":"https:\/\/clublamardemalaga.com\/tienda\/producto\/jobe-perth-3-2mm-traje-de-neopreno-hombre-rojo\/","og_site_name":"Tienda de Sup &amp; Surf La Mar de M&aacute;laga","article_modified_time":"2022-01-21T11:46:34+00:00","og_image":[{"width":960,"height":1200,"url":"https:\/\/clublamardemalaga.com\/tienda\/wp-content\/uploads\/303521001-zoom.jpg","type":"image\/jpeg"}],"twitter_card":"summary_large_image","twitter_misc":{"Tiempo de lectura":"1 minuto"},"schema":{"@context":"https:\/\/schema.org","@graph":[{"@type":"WebPage","@id":"https:\/\/clublamardemalaga.com\/tienda\/producto\/jobe-perth-3-2mm-traje-de-neopreno-hombre-rojo\/","url":"https:\/\/clublamardemalaga.com\/tienda\/producto\/jobe-perth-3-2mm-traje-de-neopreno-hombre-rojo\/","name":"Jobe Perth 3\/2mm Traje De Neopreno Hombre Rojo","isPartOf":{"@id":"https:\/\/clublamardemalaga.com\/tienda\/#website"},"datePublished":"2021-06-25T09:43:02+00:00","dateModified":"2022-01-21T11:46:34+00:00","breadcrumb":{"@id":"https:\/\/clublamardemalaga.com\/tienda\/producto\/jobe-perth-3-2mm-traje-de-neopreno-hombre-rojo\/#breadcrumb"},"inLanguage":"es","potentialAction":[{"@type":"ReadAction","target":["https:\/\/clublamardemalaga.com\/tienda\/producto\/jobe-perth-3-2mm-traje-de-neopreno-hombre-rojo\/"]}]},{"@type":"BreadcrumbList","@id":"https:\/\/clublamardemalaga.com\/tienda\/producto\/jobe-perth-3-2mm-traje-de-neopreno-hombre-rojo\/#breadcrumb","itemListElement":[{"@type":"ListItem","position":1,"name":"Portada","item":"https:\/\/clublamardemalaga.com\/tienda\/"},{"@type":"ListItem","position":2,"name":"Sup &#038; Surf","item":"https:\/\/clublamardemalaga.com\/tienda\/sup-y-surf\/"},{"@type":"ListItem","position":3,"name":"Jobe Perth 3\/2mm Traje De Neopreno Hombre Rojo"}]},{"@type":"WebSite","@id":"https:\/\/clublamardemalaga.com\/tienda\/#website","url":"https:\/\/clublamardemalaga.com\/tienda\/","name":"Tienda de Sup &amp; Surf La Mar de M&aacute;laga","description":"","publisher":{"@id":"https:\/\/clublamardemalaga.com\/tienda\/#organization"},"potentialAction":[{"@type":"SearchAction","target":{"@type":"EntryPoint","urlTemplate":"https:\/\/clublamardemalaga.com\/tienda\/?s={search_term_string}"},"query-input":"required name=search_term_string"}],"inLanguage":"es"},{"@type":"Organization","@id":"https:\/\/clublamardemalaga.com\/tienda\/#organization","name":"Tienda Sup & Surf La Mar de M\u00e1laga","url":"https:\/\/clublamardemalaga.com\/tienda\/","logo":{"@type":"ImageObject","inLanguage":"es","@id":"https:\/\/clublamardemalaga.com\/tienda\/#\/schema\/logo\/image\/","url":"https:\/\/clublamardemalaga.com\/tienda\/wp-content\/uploads\/logo-tienda-club-la-mar-de-malaga.png","contentUrl":"https:\/\/clublamardemalaga.com\/tienda\/wp-content\/uploads\/logo-tienda-club-la-mar-de-malaga.png","width":250,"height":60,"caption":"Tienda Sup & Surf La Mar de M\u00e1laga"},"image":{"@id":"https:\/\/clublamardemalaga.com\/tienda\/#\/schema\/logo\/image\/"}}]}},"_links":{"self":[{"href":"https:\/\/clublamardemalaga.com\/tienda\/wp-json\/wp\/v2\/product\/4372"}],"collection":[{"href":"https:\/\/clublamardemalaga.com\/tienda\/wp-json\/wp\/v2\/product"}],"about":[{"href":"https:\/\/clublamardemalaga.com\/tienda\/wp-json\/wp\/v2\/types\/product"}],"replies":[{"embeddable":true,"href":"https:\/\/clublamardemalaga.com\/tienda\/wp-json\/wp\/v2\/comments?post=4372"}],"wp:featuredmedia":[{"embeddable":true,"href":"https:\/\/clublamardemalaga.com\/tienda\/wp-json\/wp\/v2\/media\/4373"}],"wp:attachment":[{"href":"https:\/\/clublamardemalaga.com\/tienda\/wp-json\/wp\/v2\/media?parent=4372"}],"wp:term":[{"taxonomy":"product_cat","embeddable":true,"href":"https:\/\/clublamardemalaga.com\/tienda\/wp-json\/wp\/v2\/product_cat?post=4372"},{"taxonomy":"product_tag","embeddable":true,"href":"https:\/\/clublamardemalaga.com\/tienda\/wp-json\/wp\/v2\/product_tag?post=4372"}],"curies":[{"name":"wp","href":"https:\/\/api.w.org\/{rel}","templated":true}]}}