{"id":3788,"date":"2021-06-24T12:47:25","date_gmt":"2021-06-24T10:47:25","guid":{"rendered":"https:\/\/clublamardemalaga.com\/tienda\/producto\/jobe-allegre-59-combo-esquis-acuaticos-paquete-rojo\/"},"modified":"2024-10-06T09:28:02","modified_gmt":"2024-10-06T07:28:02","slug":"jobe-allegre-59-combo-esquis-acuaticos-paquete-rojo","status":"publish","type":"product","link":"https:\/\/clublamardemalaga.com\/tienda\/producto\/jobe-allegre-59-combo-esquis-acuaticos-paquete-rojo\/","title":{"rendered":"Jobe Allegre 59&#8243; Combo Esqu\u00eds Acu\u00e1ticos Paquete Rojo"},"content":{"rendered":"<p>This Allegre water ski package will provide you everything you need to let the entire family enjoy water skiing. The Allegre water skis are our most allround skis and can be used for both combo and slalom skiing. Together with this ski you&#8217;ll get a waterskiing rope, water sports flag, universal vest and a nice bag to fit all this gear in.<\/p>\n<ul>\n<li>Construcci\u00f3n de inyecci\u00f3n de llanta con varillas met\u00e1licas adicionales para mayor rigidez<\/li>\n<li>Dise\u00f1o en V de la parte inferior para facilitar el desplazamiento de un extremo a otro y un mejor seguimiento<\/li>\n<li>Aletas brillantes para una mayor visibilidad<\/li>\n<li>Dedo delantero c\u00f3modo y tal\u00f3n ajustable<\/li>\n<li>Para esqu\u00ed combinado y eslalon de nivel b\u00e1sico<\/li>\n<li>Tama\u00f1o de botas: 59&#8243; US 1-6 | Europe 32-40<\/li>\n<li>Tama\u00f1o de botas 67&#8243;: US 5,5-14 | Europe 36-47<\/li>\n<li>Superposici\u00f3n extra para mayor durabilidad<\/li>\n<li>Slalom toe<\/li>\n<li>Acabado superior de protecci\u00f3n brillante<\/li>\n<li>Esqu\u00ed acu\u00e1tico de nivel recreativo<\/li>\n<li>Rango de peso 59&#8243;: <55 kg, 67\": >50 kg<\/li>\n<li>El paquete contiene: Esqu\u00eds acu\u00e1ticos, Bolsa transparente, Ski Combo Transfer, Chaleco Universal Rojo and Bandera de deportes acu\u00e1ticos naranja<\/li>\n<\/ul>\n","protected":false},"excerpt":{"rendered":"<p>This Allegre water ski package will provide you everything you need to let the entire family enjoy water skiing. The Allegre water skis are our most allround skis and can be used for both combo and slalom skiing. Together with this ski you&#8217;ll get a waterskiing rope, water sports flag, universal vest and a nice [&hellip;]<\/p>\n","protected":false},"featured_media":3789,"comment_status":"closed","ping_status":"open","template":"","meta":{"site-sidebar-layout":"default","site-content-layout":"","ast-site-content-layout":"","site-content-style":"default","site-sidebar-style":"default","ast-global-header-display":"","ast-banner-title-visibility":"","ast-main-header-display":"","ast-hfb-above-header-display":"","ast-hfb-below-header-display":"","ast-hfb-mobile-header-display":"","site-post-title":"","ast-breadcrumbs-content":"","ast-featured-img":"","footer-sml-layout":"","theme-transparent-header-meta":"","adv-header-id-meta":"","stick-header-meta":"","header-above-stick-meta":"","header-main-stick-meta":"","header-below-stick-meta":"","astra-migrate-meta-layouts":"default","ast-page-background-enabled":"default","ast-page-background-meta":{"desktop":{"background-color":"","background-image":"","background-repeat":"repeat","background-position":"center center","background-size":"auto","background-attachment":"scroll","background-type":"","background-media":"","overlay-type":"","overlay-color":"","overlay-gradient":""},"tablet":{"background-color":"","background-image":"","background-repeat":"repeat","background-position":"center center","background-size":"auto","background-attachment":"scroll","background-type":"","background-media":"","overlay-type":"","overlay-color":"","overlay-gradient":""},"mobile":{"background-color":"","background-image":"","background-repeat":"repeat","background-position":"center center","background-size":"auto","background-attachment":"scroll","background-type":"","background-media":"","overlay-type":"","overlay-color":"","overlay-gradient":""}},"ast-content-background-meta":{"desktop":{"background-color":"var(--ast-global-color-5)","background-image":"","background-repeat":"repeat","background-position":"center center","background-size":"auto","background-attachment":"scroll","background-type":"","background-media":"","overlay-type":"","overlay-color":"","overlay-gradient":""},"tablet":{"background-color":"var(--ast-global-color-5)","background-image":"","background-repeat":"repeat","background-position":"center center","background-size":"auto","background-attachment":"scroll","background-type":"","background-media":"","overlay-type":"","overlay-color":"","overlay-gradient":""},"mobile":{"background-color":"var(--ast-global-color-5)","background-image":"","background-repeat":"repeat","background-position":"center center","background-size":"auto","background-attachment":"scroll","background-type":"","background-media":"","overlay-type":"","overlay-color":"","overlay-gradient":""}}},"product_cat":[94,95],"product_tag":[],"yoast_head":"<!-- This site is optimized with the Yoast SEO plugin v21.8 - https:\/\/yoast.com\/wordpress\/plugins\/seo\/ -->\n<title>Jobe Allegre 59&quot; Combo Esqu\u00eds Acu\u00e1ticos Paquete Rojo<\/title>\n<meta name=\"robots\" content=\"index, follow, max-snippet:-1, max-image-preview:large, max-video-preview:-1\" \/>\n<link rel=\"canonical\" href=\"https:\/\/clublamardemalaga.com\/tienda\/producto\/jobe-allegre-59-combo-esquis-acuaticos-paquete-rojo\/\" \/>\n<meta property=\"og:locale\" content=\"es_ES\" \/>\n<meta property=\"og:type\" content=\"article\" \/>\n<meta property=\"og:title\" content=\"Jobe Allegre 59&quot; Combo Esqu\u00eds Acu\u00e1ticos Paquete Rojo\" \/>\n<meta property=\"og:description\" content=\"This Allegre water ski package will provide you everything you need to let the entire family enjoy water skiing. The Allegre water skis are our most allround skis and can be used for both combo and slalom skiing. Together with this ski you&#8217;ll get a waterskiing rope, water sports flag, universal vest and a nice [&hellip;]\" \/>\n<meta property=\"og:url\" content=\"https:\/\/clublamardemalaga.com\/tienda\/producto\/jobe-allegre-59-combo-esquis-acuaticos-paquete-rojo\/\" \/>\n<meta property=\"og:site_name\" content=\"Tienda de Sup &amp; Surf La Mar de M&aacute;laga\" \/>\n<meta property=\"article:modified_time\" content=\"2024-10-06T07:28:02+00:00\" \/>\n<meta property=\"og:image\" content=\"https:\/\/clublamardemalaga.com\/tienda\/wp-content\/uploads\/208820001-zoom.jpg\" \/>\n\t<meta property=\"og:image:width\" content=\"960\" \/>\n\t<meta property=\"og:image:height\" content=\"1200\" \/>\n\t<meta property=\"og:image:type\" content=\"image\/jpeg\" \/>\n<meta name=\"twitter:card\" content=\"summary_large_image\" \/>\n<meta name=\"twitter:label1\" content=\"Tiempo de lectura\" \/>\n\t<meta name=\"twitter:data1\" content=\"1 minuto\" \/>\n<script type=\"application\/ld+json\" class=\"yoast-schema-graph\">{\"@context\":\"https:\/\/schema.org\",\"@graph\":[{\"@type\":\"WebPage\",\"@id\":\"https:\/\/clublamardemalaga.com\/tienda\/producto\/jobe-allegre-59-combo-esquis-acuaticos-paquete-rojo\/\",\"url\":\"https:\/\/clublamardemalaga.com\/tienda\/producto\/jobe-allegre-59-combo-esquis-acuaticos-paquete-rojo\/\",\"name\":\"Jobe Allegre 59\\\" Combo Esqu\u00eds Acu\u00e1ticos Paquete Rojo\",\"isPartOf\":{\"@id\":\"https:\/\/clublamardemalaga.com\/tienda\/#website\"},\"datePublished\":\"2021-06-24T10:47:25+00:00\",\"dateModified\":\"2024-10-06T07:28:02+00:00\",\"breadcrumb\":{\"@id\":\"https:\/\/clublamardemalaga.com\/tienda\/producto\/jobe-allegre-59-combo-esquis-acuaticos-paquete-rojo\/#breadcrumb\"},\"inLanguage\":\"es\",\"potentialAction\":[{\"@type\":\"ReadAction\",\"target\":[\"https:\/\/clublamardemalaga.com\/tienda\/producto\/jobe-allegre-59-combo-esquis-acuaticos-paquete-rojo\/\"]}]},{\"@type\":\"BreadcrumbList\",\"@id\":\"https:\/\/clublamardemalaga.com\/tienda\/producto\/jobe-allegre-59-combo-esquis-acuaticos-paquete-rojo\/#breadcrumb\",\"itemListElement\":[{\"@type\":\"ListItem\",\"position\":1,\"name\":\"Portada\",\"item\":\"https:\/\/clublamardemalaga.com\/tienda\/\"},{\"@type\":\"ListItem\",\"position\":2,\"name\":\"Sup &#038; Surf\",\"item\":\"https:\/\/clublamardemalaga.com\/tienda\/sup-y-surf\/\"},{\"@type\":\"ListItem\",\"position\":3,\"name\":\"Jobe Allegre 59&#8243; Combo Esqu\u00eds Acu\u00e1ticos Paquete Rojo\"}]},{\"@type\":\"WebSite\",\"@id\":\"https:\/\/clublamardemalaga.com\/tienda\/#website\",\"url\":\"https:\/\/clublamardemalaga.com\/tienda\/\",\"name\":\"Tienda de Sup &amp; Surf La Mar de M&aacute;laga\",\"description\":\"\",\"publisher\":{\"@id\":\"https:\/\/clublamardemalaga.com\/tienda\/#organization\"},\"potentialAction\":[{\"@type\":\"SearchAction\",\"target\":{\"@type\":\"EntryPoint\",\"urlTemplate\":\"https:\/\/clublamardemalaga.com\/tienda\/?s={search_term_string}\"},\"query-input\":\"required name=search_term_string\"}],\"inLanguage\":\"es\"},{\"@type\":\"Organization\",\"@id\":\"https:\/\/clublamardemalaga.com\/tienda\/#organization\",\"name\":\"Tienda Sup & Surf La Mar de M\u00e1laga\",\"url\":\"https:\/\/clublamardemalaga.com\/tienda\/\",\"logo\":{\"@type\":\"ImageObject\",\"inLanguage\":\"es\",\"@id\":\"https:\/\/clublamardemalaga.com\/tienda\/#\/schema\/logo\/image\/\",\"url\":\"https:\/\/clublamardemalaga.com\/tienda\/wp-content\/uploads\/logo-tienda-club-la-mar-de-malaga.png\",\"contentUrl\":\"https:\/\/clublamardemalaga.com\/tienda\/wp-content\/uploads\/logo-tienda-club-la-mar-de-malaga.png\",\"width\":250,\"height\":60,\"caption\":\"Tienda Sup & Surf La Mar de M\u00e1laga\"},\"image\":{\"@id\":\"https:\/\/clublamardemalaga.com\/tienda\/#\/schema\/logo\/image\/\"}}]}<\/script>\n<!-- \/ Yoast SEO plugin. -->","yoast_head_json":{"title":"Jobe Allegre 59\" Combo Esqu\u00eds Acu\u00e1ticos Paquete Rojo","robots":{"index":"index","follow":"follow","max-snippet":"max-snippet:-1","max-image-preview":"max-image-preview:large","max-video-preview":"max-video-preview:-1"},"canonical":"https:\/\/clublamardemalaga.com\/tienda\/producto\/jobe-allegre-59-combo-esquis-acuaticos-paquete-rojo\/","og_locale":"es_ES","og_type":"article","og_title":"Jobe Allegre 59\" Combo Esqu\u00eds Acu\u00e1ticos Paquete Rojo","og_description":"This Allegre water ski package will provide you everything you need to let the entire family enjoy water skiing. The Allegre water skis are our most allround skis and can be used for both combo and slalom skiing. Together with this ski you&#8217;ll get a waterskiing rope, water sports flag, universal vest and a nice [&hellip;]","og_url":"https:\/\/clublamardemalaga.com\/tienda\/producto\/jobe-allegre-59-combo-esquis-acuaticos-paquete-rojo\/","og_site_name":"Tienda de Sup &amp; Surf La Mar de M&aacute;laga","article_modified_time":"2024-10-06T07:28:02+00:00","og_image":[{"width":960,"height":1200,"url":"https:\/\/clublamardemalaga.com\/tienda\/wp-content\/uploads\/208820001-zoom.jpg","type":"image\/jpeg"}],"twitter_card":"summary_large_image","twitter_misc":{"Tiempo de lectura":"1 minuto"},"schema":{"@context":"https:\/\/schema.org","@graph":[{"@type":"WebPage","@id":"https:\/\/clublamardemalaga.com\/tienda\/producto\/jobe-allegre-59-combo-esquis-acuaticos-paquete-rojo\/","url":"https:\/\/clublamardemalaga.com\/tienda\/producto\/jobe-allegre-59-combo-esquis-acuaticos-paquete-rojo\/","name":"Jobe Allegre 59\" Combo Esqu\u00eds Acu\u00e1ticos Paquete Rojo","isPartOf":{"@id":"https:\/\/clublamardemalaga.com\/tienda\/#website"},"datePublished":"2021-06-24T10:47:25+00:00","dateModified":"2024-10-06T07:28:02+00:00","breadcrumb":{"@id":"https:\/\/clublamardemalaga.com\/tienda\/producto\/jobe-allegre-59-combo-esquis-acuaticos-paquete-rojo\/#breadcrumb"},"inLanguage":"es","potentialAction":[{"@type":"ReadAction","target":["https:\/\/clublamardemalaga.com\/tienda\/producto\/jobe-allegre-59-combo-esquis-acuaticos-paquete-rojo\/"]}]},{"@type":"BreadcrumbList","@id":"https:\/\/clublamardemalaga.com\/tienda\/producto\/jobe-allegre-59-combo-esquis-acuaticos-paquete-rojo\/#breadcrumb","itemListElement":[{"@type":"ListItem","position":1,"name":"Portada","item":"https:\/\/clublamardemalaga.com\/tienda\/"},{"@type":"ListItem","position":2,"name":"Sup &#038; Surf","item":"https:\/\/clublamardemalaga.com\/tienda\/sup-y-surf\/"},{"@type":"ListItem","position":3,"name":"Jobe Allegre 59&#8243; Combo Esqu\u00eds Acu\u00e1ticos Paquete Rojo"}]},{"@type":"WebSite","@id":"https:\/\/clublamardemalaga.com\/tienda\/#website","url":"https:\/\/clublamardemalaga.com\/tienda\/","name":"Tienda de Sup &amp; Surf La Mar de M&aacute;laga","description":"","publisher":{"@id":"https:\/\/clublamardemalaga.com\/tienda\/#organization"},"potentialAction":[{"@type":"SearchAction","target":{"@type":"EntryPoint","urlTemplate":"https:\/\/clublamardemalaga.com\/tienda\/?s={search_term_string}"},"query-input":"required name=search_term_string"}],"inLanguage":"es"},{"@type":"Organization","@id":"https:\/\/clublamardemalaga.com\/tienda\/#organization","name":"Tienda Sup & Surf La Mar de M\u00e1laga","url":"https:\/\/clublamardemalaga.com\/tienda\/","logo":{"@type":"ImageObject","inLanguage":"es","@id":"https:\/\/clublamardemalaga.com\/tienda\/#\/schema\/logo\/image\/","url":"https:\/\/clublamardemalaga.com\/tienda\/wp-content\/uploads\/logo-tienda-club-la-mar-de-malaga.png","contentUrl":"https:\/\/clublamardemalaga.com\/tienda\/wp-content\/uploads\/logo-tienda-club-la-mar-de-malaga.png","width":250,"height":60,"caption":"Tienda Sup & Surf La Mar de M\u00e1laga"},"image":{"@id":"https:\/\/clublamardemalaga.com\/tienda\/#\/schema\/logo\/image\/"}}]}},"_links":{"self":[{"href":"https:\/\/clublamardemalaga.com\/tienda\/wp-json\/wp\/v2\/product\/3788"}],"collection":[{"href":"https:\/\/clublamardemalaga.com\/tienda\/wp-json\/wp\/v2\/product"}],"about":[{"href":"https:\/\/clublamardemalaga.com\/tienda\/wp-json\/wp\/v2\/types\/product"}],"replies":[{"embeddable":true,"href":"https:\/\/clublamardemalaga.com\/tienda\/wp-json\/wp\/v2\/comments?post=3788"}],"wp:featuredmedia":[{"embeddable":true,"href":"https:\/\/clublamardemalaga.com\/tienda\/wp-json\/wp\/v2\/media\/3789"}],"wp:attachment":[{"href":"https:\/\/clublamardemalaga.com\/tienda\/wp-json\/wp\/v2\/media?parent=3788"}],"wp:term":[{"taxonomy":"product_cat","embeddable":true,"href":"https:\/\/clublamardemalaga.com\/tienda\/wp-json\/wp\/v2\/product_cat?post=3788"},{"taxonomy":"product_tag","embeddable":true,"href":"https:\/\/clublamardemalaga.com\/tienda\/wp-json\/wp\/v2\/product_tag?post=3788"}],"curies":[{"name":"wp","href":"https:\/\/api.w.org\/{rel}","templated":true}]}}