{"id":3277,"date":"2021-06-24T12:45:38","date_gmt":"2021-06-24T10:45:38","guid":{"rendered":"https:\/\/clublamardemalaga.com\/tienda\/producto\/jobe-vanity-wakeboard\/"},"modified":"2022-01-21T12:46:21","modified_gmt":"2022-01-21T11:46:21","slug":"jobe-vanity-wakeboard","status":"publish","type":"product","link":"https:\/\/clublamardemalaga.com\/tienda\/producto\/jobe-vanity-wakeboard\/","title":{"rendered":"Jobe Vanity Wakeboard"},"content":{"rendered":"<p>A wakeboard for beginners to intermediate boarders. Meet a continuous rocker arch providing fast, smooth rides and allows you to turn more easily. Armed with integrated fins to improve the boards grip in the water and provide stability when landing. A quick releasing and reacting profile that offers better edge hold and a smooth release and a functional and reliable molded polyurethane core. Let&#8217;s make a fresh start.<\/p>\n<ul>\n<li>Continuous rocker<\/li>\n<li>N\u00facleo de espuma tradicional<\/li>\n<li>Placa base: todo lo que necesita para ser asombroso (a un precio excelente)<\/li>\n<li>Canales ranurados profundos para tracci\u00f3n y control<\/li>\n<li>Moldeado en fibra de vidrio de alta presi\u00f3n<\/li>\n<li>2 aletas centrales de pl\u00e1stico de nylon<\/li>\n<li>Aletas moldeadas<\/li>\n<li>Non-obstacle board: no est\u00e1 dise\u00f1ada para montar pateadores, deslizadores u otros obst\u00e1culos<\/li>\n<\/ul>\n","protected":false},"excerpt":{"rendered":"<p>A wakeboard for beginners to intermediate boarders. Meet a continuous rocker arch providing fast, smooth rides and allows you to turn more easily. Armed with integrated fins to improve the boards grip in the water and provide stability when landing. A quick releasing and reacting profile that offers better edge hold and a smooth release [&hellip;]<\/p>\n","protected":false},"featured_media":3278,"comment_status":"closed","ping_status":"open","template":"","meta":{"site-sidebar-layout":"default","site-content-layout":"","ast-site-content-layout":"","site-content-style":"default","site-sidebar-style":"default","ast-global-header-display":"","ast-banner-title-visibility":"","ast-main-header-display":"","ast-hfb-above-header-display":"","ast-hfb-below-header-display":"","ast-hfb-mobile-header-display":"","site-post-title":"","ast-breadcrumbs-content":"","ast-featured-img":"","footer-sml-layout":"","theme-transparent-header-meta":"","adv-header-id-meta":"","stick-header-meta":"","header-above-stick-meta":"","header-main-stick-meta":"","header-below-stick-meta":"","astra-migrate-meta-layouts":"default","ast-page-background-enabled":"default","ast-page-background-meta":{"desktop":{"background-color":"","background-image":"","background-repeat":"repeat","background-position":"center center","background-size":"auto","background-attachment":"scroll","background-type":"","background-media":"","overlay-type":"","overlay-color":"","overlay-gradient":""},"tablet":{"background-color":"","background-image":"","background-repeat":"repeat","background-position":"center center","background-size":"auto","background-attachment":"scroll","background-type":"","background-media":"","overlay-type":"","overlay-color":"","overlay-gradient":""},"mobile":{"background-color":"","background-image":"","background-repeat":"repeat","background-position":"center center","background-size":"auto","background-attachment":"scroll","background-type":"","background-media":"","overlay-type":"","overlay-color":"","overlay-gradient":""}},"ast-content-background-meta":{"desktop":{"background-color":"var(--ast-global-color-5)","background-image":"","background-repeat":"repeat","background-position":"center center","background-size":"auto","background-attachment":"scroll","background-type":"","background-media":"","overlay-type":"","overlay-color":"","overlay-gradient":""},"tablet":{"background-color":"var(--ast-global-color-5)","background-image":"","background-repeat":"repeat","background-position":"center center","background-size":"auto","background-attachment":"scroll","background-type":"","background-media":"","overlay-type":"","overlay-color":"","overlay-gradient":""},"mobile":{"background-color":"var(--ast-global-color-5)","background-image":"","background-repeat":"repeat","background-position":"center center","background-size":"auto","background-attachment":"scroll","background-type":"","background-media":"","overlay-type":"","overlay-color":"","overlay-gradient":""}}},"product_cat":[94,110],"product_tag":[],"yoast_head":"<!-- This site is optimized with the Yoast SEO plugin v21.8 - https:\/\/yoast.com\/wordpress\/plugins\/seo\/ -->\n<title>Jobe Vanity Wakeboard<\/title>\n<meta name=\"robots\" content=\"index, follow, max-snippet:-1, max-image-preview:large, max-video-preview:-1\" \/>\n<link rel=\"canonical\" href=\"https:\/\/clublamardemalaga.com\/tienda\/producto\/jobe-vanity-wakeboard\/\" \/>\n<meta property=\"og:locale\" content=\"es_ES\" \/>\n<meta property=\"og:type\" content=\"article\" \/>\n<meta property=\"og:title\" content=\"Jobe Vanity Wakeboard\" \/>\n<meta property=\"og:description\" content=\"A wakeboard for beginners to intermediate boarders. Meet a continuous rocker arch providing fast, smooth rides and allows you to turn more easily. Armed with integrated fins to improve the boards grip in the water and provide stability when landing. A quick releasing and reacting profile that offers better edge hold and a smooth release [&hellip;]\" \/>\n<meta property=\"og:url\" content=\"https:\/\/clublamardemalaga.com\/tienda\/producto\/jobe-vanity-wakeboard\/\" \/>\n<meta property=\"og:site_name\" content=\"Tienda de Sup &amp; Surf La Mar de M&aacute;laga\" \/>\n<meta property=\"article:modified_time\" content=\"2022-01-21T11:46:21+00:00\" \/>\n<meta property=\"og:image\" content=\"https:\/\/clublamardemalaga.com\/tienda\/wp-content\/uploads\/272520003-zoom.jpg\" \/>\n\t<meta property=\"og:image:width\" content=\"960\" \/>\n\t<meta property=\"og:image:height\" content=\"1200\" \/>\n\t<meta property=\"og:image:type\" content=\"image\/jpeg\" \/>\n<meta name=\"twitter:card\" content=\"summary_large_image\" \/>\n<meta name=\"twitter:label1\" content=\"Tiempo de lectura\" \/>\n\t<meta name=\"twitter:data1\" content=\"1 minuto\" \/>\n<script type=\"application\/ld+json\" class=\"yoast-schema-graph\">{\"@context\":\"https:\/\/schema.org\",\"@graph\":[{\"@type\":\"WebPage\",\"@id\":\"https:\/\/clublamardemalaga.com\/tienda\/producto\/jobe-vanity-wakeboard\/\",\"url\":\"https:\/\/clublamardemalaga.com\/tienda\/producto\/jobe-vanity-wakeboard\/\",\"name\":\"Jobe Vanity Wakeboard\",\"isPartOf\":{\"@id\":\"https:\/\/clublamardemalaga.com\/tienda\/#website\"},\"datePublished\":\"2021-06-24T10:45:38+00:00\",\"dateModified\":\"2022-01-21T11:46:21+00:00\",\"breadcrumb\":{\"@id\":\"https:\/\/clublamardemalaga.com\/tienda\/producto\/jobe-vanity-wakeboard\/#breadcrumb\"},\"inLanguage\":\"es\",\"potentialAction\":[{\"@type\":\"ReadAction\",\"target\":[\"https:\/\/clublamardemalaga.com\/tienda\/producto\/jobe-vanity-wakeboard\/\"]}]},{\"@type\":\"BreadcrumbList\",\"@id\":\"https:\/\/clublamardemalaga.com\/tienda\/producto\/jobe-vanity-wakeboard\/#breadcrumb\",\"itemListElement\":[{\"@type\":\"ListItem\",\"position\":1,\"name\":\"Portada\",\"item\":\"https:\/\/clublamardemalaga.com\/tienda\/\"},{\"@type\":\"ListItem\",\"position\":2,\"name\":\"Sup &#038; Surf\",\"item\":\"https:\/\/clublamardemalaga.com\/tienda\/sup-y-surf\/\"},{\"@type\":\"ListItem\",\"position\":3,\"name\":\"Jobe Vanity Wakeboard\"}]},{\"@type\":\"WebSite\",\"@id\":\"https:\/\/clublamardemalaga.com\/tienda\/#website\",\"url\":\"https:\/\/clublamardemalaga.com\/tienda\/\",\"name\":\"Tienda de Sup &amp; Surf La Mar de M&aacute;laga\",\"description\":\"\",\"publisher\":{\"@id\":\"https:\/\/clublamardemalaga.com\/tienda\/#organization\"},\"potentialAction\":[{\"@type\":\"SearchAction\",\"target\":{\"@type\":\"EntryPoint\",\"urlTemplate\":\"https:\/\/clublamardemalaga.com\/tienda\/?s={search_term_string}\"},\"query-input\":\"required name=search_term_string\"}],\"inLanguage\":\"es\"},{\"@type\":\"Organization\",\"@id\":\"https:\/\/clublamardemalaga.com\/tienda\/#organization\",\"name\":\"Tienda Sup & Surf La Mar de M\u00e1laga\",\"url\":\"https:\/\/clublamardemalaga.com\/tienda\/\",\"logo\":{\"@type\":\"ImageObject\",\"inLanguage\":\"es\",\"@id\":\"https:\/\/clublamardemalaga.com\/tienda\/#\/schema\/logo\/image\/\",\"url\":\"https:\/\/clublamardemalaga.com\/tienda\/wp-content\/uploads\/logo-tienda-club-la-mar-de-malaga.png\",\"contentUrl\":\"https:\/\/clublamardemalaga.com\/tienda\/wp-content\/uploads\/logo-tienda-club-la-mar-de-malaga.png\",\"width\":250,\"height\":60,\"caption\":\"Tienda Sup & Surf La Mar de M\u00e1laga\"},\"image\":{\"@id\":\"https:\/\/clublamardemalaga.com\/tienda\/#\/schema\/logo\/image\/\"}}]}<\/script>\n<!-- \/ Yoast SEO plugin. -->","yoast_head_json":{"title":"Jobe Vanity Wakeboard","robots":{"index":"index","follow":"follow","max-snippet":"max-snippet:-1","max-image-preview":"max-image-preview:large","max-video-preview":"max-video-preview:-1"},"canonical":"https:\/\/clublamardemalaga.com\/tienda\/producto\/jobe-vanity-wakeboard\/","og_locale":"es_ES","og_type":"article","og_title":"Jobe Vanity Wakeboard","og_description":"A wakeboard for beginners to intermediate boarders. Meet a continuous rocker arch providing fast, smooth rides and allows you to turn more easily. Armed with integrated fins to improve the boards grip in the water and provide stability when landing. A quick releasing and reacting profile that offers better edge hold and a smooth release [&hellip;]","og_url":"https:\/\/clublamardemalaga.com\/tienda\/producto\/jobe-vanity-wakeboard\/","og_site_name":"Tienda de Sup &amp; Surf La Mar de M&aacute;laga","article_modified_time":"2022-01-21T11:46:21+00:00","og_image":[{"width":960,"height":1200,"url":"https:\/\/clublamardemalaga.com\/tienda\/wp-content\/uploads\/272520003-zoom.jpg","type":"image\/jpeg"}],"twitter_card":"summary_large_image","twitter_misc":{"Tiempo de lectura":"1 minuto"},"schema":{"@context":"https:\/\/schema.org","@graph":[{"@type":"WebPage","@id":"https:\/\/clublamardemalaga.com\/tienda\/producto\/jobe-vanity-wakeboard\/","url":"https:\/\/clublamardemalaga.com\/tienda\/producto\/jobe-vanity-wakeboard\/","name":"Jobe Vanity Wakeboard","isPartOf":{"@id":"https:\/\/clublamardemalaga.com\/tienda\/#website"},"datePublished":"2021-06-24T10:45:38+00:00","dateModified":"2022-01-21T11:46:21+00:00","breadcrumb":{"@id":"https:\/\/clublamardemalaga.com\/tienda\/producto\/jobe-vanity-wakeboard\/#breadcrumb"},"inLanguage":"es","potentialAction":[{"@type":"ReadAction","target":["https:\/\/clublamardemalaga.com\/tienda\/producto\/jobe-vanity-wakeboard\/"]}]},{"@type":"BreadcrumbList","@id":"https:\/\/clublamardemalaga.com\/tienda\/producto\/jobe-vanity-wakeboard\/#breadcrumb","itemListElement":[{"@type":"ListItem","position":1,"name":"Portada","item":"https:\/\/clublamardemalaga.com\/tienda\/"},{"@type":"ListItem","position":2,"name":"Sup &#038; Surf","item":"https:\/\/clublamardemalaga.com\/tienda\/sup-y-surf\/"},{"@type":"ListItem","position":3,"name":"Jobe Vanity Wakeboard"}]},{"@type":"WebSite","@id":"https:\/\/clublamardemalaga.com\/tienda\/#website","url":"https:\/\/clublamardemalaga.com\/tienda\/","name":"Tienda de Sup &amp; Surf La Mar de M&aacute;laga","description":"","publisher":{"@id":"https:\/\/clublamardemalaga.com\/tienda\/#organization"},"potentialAction":[{"@type":"SearchAction","target":{"@type":"EntryPoint","urlTemplate":"https:\/\/clublamardemalaga.com\/tienda\/?s={search_term_string}"},"query-input":"required name=search_term_string"}],"inLanguage":"es"},{"@type":"Organization","@id":"https:\/\/clublamardemalaga.com\/tienda\/#organization","name":"Tienda Sup & Surf La Mar de M\u00e1laga","url":"https:\/\/clublamardemalaga.com\/tienda\/","logo":{"@type":"ImageObject","inLanguage":"es","@id":"https:\/\/clublamardemalaga.com\/tienda\/#\/schema\/logo\/image\/","url":"https:\/\/clublamardemalaga.com\/tienda\/wp-content\/uploads\/logo-tienda-club-la-mar-de-malaga.png","contentUrl":"https:\/\/clublamardemalaga.com\/tienda\/wp-content\/uploads\/logo-tienda-club-la-mar-de-malaga.png","width":250,"height":60,"caption":"Tienda Sup & Surf La Mar de M\u00e1laga"},"image":{"@id":"https:\/\/clublamardemalaga.com\/tienda\/#\/schema\/logo\/image\/"}}]}},"_links":{"self":[{"href":"https:\/\/clublamardemalaga.com\/tienda\/wp-json\/wp\/v2\/product\/3277"}],"collection":[{"href":"https:\/\/clublamardemalaga.com\/tienda\/wp-json\/wp\/v2\/product"}],"about":[{"href":"https:\/\/clublamardemalaga.com\/tienda\/wp-json\/wp\/v2\/types\/product"}],"replies":[{"embeddable":true,"href":"https:\/\/clublamardemalaga.com\/tienda\/wp-json\/wp\/v2\/comments?post=3277"}],"wp:featuredmedia":[{"embeddable":true,"href":"https:\/\/clublamardemalaga.com\/tienda\/wp-json\/wp\/v2\/media\/3278"}],"wp:attachment":[{"href":"https:\/\/clublamardemalaga.com\/tienda\/wp-json\/wp\/v2\/media?parent=3277"}],"wp:term":[{"taxonomy":"product_cat","embeddable":true,"href":"https:\/\/clublamardemalaga.com\/tienda\/wp-json\/wp\/v2\/product_cat?post=3277"},{"taxonomy":"product_tag","embeddable":true,"href":"https:\/\/clublamardemalaga.com\/tienda\/wp-json\/wp\/v2\/product_tag?post=3277"}],"curies":[{"name":"wp","href":"https:\/\/api.w.org\/{rel}","templated":true}]}}