{"id":2814,"date":"2021-06-14T13:15:21","date_gmt":"2021-06-14T11:15:21","guid":{"rendered":"https:\/\/clublamardemalaga.com\/tienda\/producto\/jobe-malmo-5-3mm-traje-de-neopreno-ninos\/"},"modified":"2022-01-21T12:46:31","modified_gmt":"2022-01-21T11:46:31","slug":"jobe-malmo-5-3mm-traje-de-neopreno-ninos","status":"publish","type":"product","link":"https:\/\/clublamardemalaga.com\/tienda\/producto\/jobe-malmo-5-3mm-traje-de-neopreno-ninos\/","title":{"rendered":"Jobe Malm\u00f6 5\/3mm Traje De Neopreno Ni\u00f1os"},"content":{"rendered":"<p>Un traje de neopreno para los ni\u00f1os que siempre est\u00e1n en el agua, sin importar las condiciones. El traje de Jobe Malmo es un 5\/3 mm  que usa un forro t\u00e9rmico c\u00e1lido para mantenerte abrigado en todo momento. La cremallera frontal combinada con un neopreno el\u00e1stico lo convierte en un traje de neopreno flexible que proporciona la m\u00e1xima libertad de movimiento.<\/p>\n<ul>\n<li>Forro interior t\u00e9rmico caliente (pecho y espalda)<\/li>\n<li>Costuras pegadas e invisibles: sin entrada de agua a trav\u00e9s de las costuras<\/li>\n<li>Cremallera en el pecho para m\u00e1xima flexibilidad y m\u00ednima entrada de agua<\/li>\n<li>Neopreno de 5 mm en pecho y espalda, 3 mm en otros paneles<\/li>\n<li>Bolsillo para llaves con cord\u00f3n el\u00e1stico<\/li>\n<li>Ajuste unisex<\/li>\n<li>Sistema de drenaje de agua<\/li>\n<li>Cinta de refuerzo interior<\/li>\n<li>kneeboards protectoras fuertes<\/li>\n<li>Neopreno el\u00e1stico Supreme<\/li>\n<li>C\u00f3moda tecnolog\u00eda de costura m\u00ednima<\/li>\n<li>Cinta de bloqueo de agua en mu\u00f1ecas y tobillos<\/li>\n<\/ul>\n","protected":false},"excerpt":{"rendered":"<p>Un traje de neopreno para los ni\u00f1os que siempre est\u00e1n en el agua, sin importar las condiciones. El traje de Jobe Malmo es un 5\/3 mm que usa un forro t\u00e9rmico c\u00e1lido para mantenerte abrigado en todo momento. La cremallera frontal combinada con un neopreno el\u00e1stico lo convierte en un traje de neopreno flexible que [&hellip;]<\/p>\n","protected":false},"featured_media":2815,"comment_status":"closed","ping_status":"open","template":"","meta":{"site-sidebar-layout":"default","site-content-layout":"","ast-site-content-layout":"","site-content-style":"default","site-sidebar-style":"default","ast-global-header-display":"","ast-banner-title-visibility":"","ast-main-header-display":"","ast-hfb-above-header-display":"","ast-hfb-below-header-display":"","ast-hfb-mobile-header-display":"","site-post-title":"","ast-breadcrumbs-content":"","ast-featured-img":"","footer-sml-layout":"","theme-transparent-header-meta":"","adv-header-id-meta":"","stick-header-meta":"","header-above-stick-meta":"","header-main-stick-meta":"","header-below-stick-meta":"","astra-migrate-meta-layouts":"default","ast-page-background-enabled":"default","ast-page-background-meta":{"desktop":{"background-color":"","background-image":"","background-repeat":"repeat","background-position":"center center","background-size":"auto","background-attachment":"scroll","background-type":"","background-media":"","overlay-type":"","overlay-color":"","overlay-gradient":""},"tablet":{"background-color":"","background-image":"","background-repeat":"repeat","background-position":"center center","background-size":"auto","background-attachment":"scroll","background-type":"","background-media":"","overlay-type":"","overlay-color":"","overlay-gradient":""},"mobile":{"background-color":"","background-image":"","background-repeat":"repeat","background-position":"center center","background-size":"auto","background-attachment":"scroll","background-type":"","background-media":"","overlay-type":"","overlay-color":"","overlay-gradient":""}},"ast-content-background-meta":{"desktop":{"background-color":"var(--ast-global-color-5)","background-image":"","background-repeat":"repeat","background-position":"center center","background-size":"auto","background-attachment":"scroll","background-type":"","background-media":"","overlay-type":"","overlay-color":"","overlay-gradient":""},"tablet":{"background-color":"var(--ast-global-color-5)","background-image":"","background-repeat":"repeat","background-position":"center center","background-size":"auto","background-attachment":"scroll","background-type":"","background-media":"","overlay-type":"","overlay-color":"","overlay-gradient":""},"mobile":{"background-color":"var(--ast-global-color-5)","background-image":"","background-repeat":"repeat","background-position":"center center","background-size":"auto","background-attachment":"scroll","background-type":"","background-media":"","overlay-type":"","overlay-color":"","overlay-gradient":""}}},"product_cat":[107],"product_tag":[],"yoast_head":"<!-- This site is optimized with the Yoast SEO plugin v21.8 - https:\/\/yoast.com\/wordpress\/plugins\/seo\/ -->\n<title>Jobe Malm\u00f6 5\/3mm Traje De Neopreno Ni\u00f1os<\/title>\n<meta name=\"robots\" content=\"index, follow, max-snippet:-1, max-image-preview:large, max-video-preview:-1\" \/>\n<link rel=\"canonical\" href=\"https:\/\/clublamardemalaga.com\/tienda\/producto\/jobe-malmo-5-3mm-traje-de-neopreno-ninos\/\" \/>\n<meta property=\"og:locale\" content=\"es_ES\" \/>\n<meta property=\"og:type\" content=\"article\" \/>\n<meta property=\"og:title\" content=\"Jobe Malm\u00f6 5\/3mm Traje De Neopreno Ni\u00f1os\" \/>\n<meta property=\"og:description\" content=\"Un traje de neopreno para los ni\u00f1os que siempre est\u00e1n en el agua, sin importar las condiciones. El traje de Jobe Malmo es un 5\/3 mm que usa un forro t\u00e9rmico c\u00e1lido para mantenerte abrigado en todo momento. La cremallera frontal combinada con un neopreno el\u00e1stico lo convierte en un traje de neopreno flexible que [&hellip;]\" \/>\n<meta property=\"og:url\" content=\"https:\/\/clublamardemalaga.com\/tienda\/producto\/jobe-malmo-5-3mm-traje-de-neopreno-ninos\/\" \/>\n<meta property=\"og:site_name\" content=\"Tienda de Sup &amp; Surf La Mar de M&aacute;laga\" \/>\n<meta property=\"article:modified_time\" content=\"2022-01-21T11:46:31+00:00\" \/>\n<meta property=\"og:image\" content=\"https:\/\/clublamardemalaga.com\/tienda\/wp-content\/uploads\/303519300-zoom.jpg\" \/>\n\t<meta property=\"og:image:width\" content=\"800\" \/>\n\t<meta property=\"og:image:height\" content=\"1200\" \/>\n\t<meta property=\"og:image:type\" content=\"image\/jpeg\" \/>\n<meta name=\"twitter:card\" content=\"summary_large_image\" \/>\n<meta name=\"twitter:label1\" content=\"Tiempo de lectura\" \/>\n\t<meta name=\"twitter:data1\" content=\"1 minuto\" \/>\n<script type=\"application\/ld+json\" class=\"yoast-schema-graph\">{\"@context\":\"https:\/\/schema.org\",\"@graph\":[{\"@type\":\"WebPage\",\"@id\":\"https:\/\/clublamardemalaga.com\/tienda\/producto\/jobe-malmo-5-3mm-traje-de-neopreno-ninos\/\",\"url\":\"https:\/\/clublamardemalaga.com\/tienda\/producto\/jobe-malmo-5-3mm-traje-de-neopreno-ninos\/\",\"name\":\"Jobe Malm\u00f6 5\/3mm Traje De Neopreno Ni\u00f1os\",\"isPartOf\":{\"@id\":\"https:\/\/clublamardemalaga.com\/tienda\/#website\"},\"datePublished\":\"2021-06-14T11:15:21+00:00\",\"dateModified\":\"2022-01-21T11:46:31+00:00\",\"breadcrumb\":{\"@id\":\"https:\/\/clublamardemalaga.com\/tienda\/producto\/jobe-malmo-5-3mm-traje-de-neopreno-ninos\/#breadcrumb\"},\"inLanguage\":\"es\",\"potentialAction\":[{\"@type\":\"ReadAction\",\"target\":[\"https:\/\/clublamardemalaga.com\/tienda\/producto\/jobe-malmo-5-3mm-traje-de-neopreno-ninos\/\"]}]},{\"@type\":\"BreadcrumbList\",\"@id\":\"https:\/\/clublamardemalaga.com\/tienda\/producto\/jobe-malmo-5-3mm-traje-de-neopreno-ninos\/#breadcrumb\",\"itemListElement\":[{\"@type\":\"ListItem\",\"position\":1,\"name\":\"Portada\",\"item\":\"https:\/\/clublamardemalaga.com\/tienda\/\"},{\"@type\":\"ListItem\",\"position\":2,\"name\":\"Sup &#038; Surf\",\"item\":\"https:\/\/clublamardemalaga.com\/tienda\/sup-y-surf\/\"},{\"@type\":\"ListItem\",\"position\":3,\"name\":\"Jobe Malm\u00f6 5\/3mm Traje De Neopreno Ni\u00f1os\"}]},{\"@type\":\"WebSite\",\"@id\":\"https:\/\/clublamardemalaga.com\/tienda\/#website\",\"url\":\"https:\/\/clublamardemalaga.com\/tienda\/\",\"name\":\"Tienda de Sup &amp; Surf La Mar de M&aacute;laga\",\"description\":\"\",\"publisher\":{\"@id\":\"https:\/\/clublamardemalaga.com\/tienda\/#organization\"},\"potentialAction\":[{\"@type\":\"SearchAction\",\"target\":{\"@type\":\"EntryPoint\",\"urlTemplate\":\"https:\/\/clublamardemalaga.com\/tienda\/?s={search_term_string}\"},\"query-input\":\"required name=search_term_string\"}],\"inLanguage\":\"es\"},{\"@type\":\"Organization\",\"@id\":\"https:\/\/clublamardemalaga.com\/tienda\/#organization\",\"name\":\"Tienda Sup & Surf La Mar de M\u00e1laga\",\"url\":\"https:\/\/clublamardemalaga.com\/tienda\/\",\"logo\":{\"@type\":\"ImageObject\",\"inLanguage\":\"es\",\"@id\":\"https:\/\/clublamardemalaga.com\/tienda\/#\/schema\/logo\/image\/\",\"url\":\"https:\/\/clublamardemalaga.com\/tienda\/wp-content\/uploads\/logo-tienda-club-la-mar-de-malaga.png\",\"contentUrl\":\"https:\/\/clublamardemalaga.com\/tienda\/wp-content\/uploads\/logo-tienda-club-la-mar-de-malaga.png\",\"width\":250,\"height\":60,\"caption\":\"Tienda Sup & Surf La Mar de M\u00e1laga\"},\"image\":{\"@id\":\"https:\/\/clublamardemalaga.com\/tienda\/#\/schema\/logo\/image\/\"}}]}<\/script>\n<!-- \/ Yoast SEO plugin. -->","yoast_head_json":{"title":"Jobe Malm\u00f6 5\/3mm Traje De Neopreno Ni\u00f1os","robots":{"index":"index","follow":"follow","max-snippet":"max-snippet:-1","max-image-preview":"max-image-preview:large","max-video-preview":"max-video-preview:-1"},"canonical":"https:\/\/clublamardemalaga.com\/tienda\/producto\/jobe-malmo-5-3mm-traje-de-neopreno-ninos\/","og_locale":"es_ES","og_type":"article","og_title":"Jobe Malm\u00f6 5\/3mm Traje De Neopreno Ni\u00f1os","og_description":"Un traje de neopreno para los ni\u00f1os que siempre est\u00e1n en el agua, sin importar las condiciones. El traje de Jobe Malmo es un 5\/3 mm que usa un forro t\u00e9rmico c\u00e1lido para mantenerte abrigado en todo momento. La cremallera frontal combinada con un neopreno el\u00e1stico lo convierte en un traje de neopreno flexible que [&hellip;]","og_url":"https:\/\/clublamardemalaga.com\/tienda\/producto\/jobe-malmo-5-3mm-traje-de-neopreno-ninos\/","og_site_name":"Tienda de Sup &amp; Surf La Mar de M&aacute;laga","article_modified_time":"2022-01-21T11:46:31+00:00","og_image":[{"width":800,"height":1200,"url":"https:\/\/clublamardemalaga.com\/tienda\/wp-content\/uploads\/303519300-zoom.jpg","type":"image\/jpeg"}],"twitter_card":"summary_large_image","twitter_misc":{"Tiempo de lectura":"1 minuto"},"schema":{"@context":"https:\/\/schema.org","@graph":[{"@type":"WebPage","@id":"https:\/\/clublamardemalaga.com\/tienda\/producto\/jobe-malmo-5-3mm-traje-de-neopreno-ninos\/","url":"https:\/\/clublamardemalaga.com\/tienda\/producto\/jobe-malmo-5-3mm-traje-de-neopreno-ninos\/","name":"Jobe Malm\u00f6 5\/3mm Traje De Neopreno Ni\u00f1os","isPartOf":{"@id":"https:\/\/clublamardemalaga.com\/tienda\/#website"},"datePublished":"2021-06-14T11:15:21+00:00","dateModified":"2022-01-21T11:46:31+00:00","breadcrumb":{"@id":"https:\/\/clublamardemalaga.com\/tienda\/producto\/jobe-malmo-5-3mm-traje-de-neopreno-ninos\/#breadcrumb"},"inLanguage":"es","potentialAction":[{"@type":"ReadAction","target":["https:\/\/clublamardemalaga.com\/tienda\/producto\/jobe-malmo-5-3mm-traje-de-neopreno-ninos\/"]}]},{"@type":"BreadcrumbList","@id":"https:\/\/clublamardemalaga.com\/tienda\/producto\/jobe-malmo-5-3mm-traje-de-neopreno-ninos\/#breadcrumb","itemListElement":[{"@type":"ListItem","position":1,"name":"Portada","item":"https:\/\/clublamardemalaga.com\/tienda\/"},{"@type":"ListItem","position":2,"name":"Sup &#038; Surf","item":"https:\/\/clublamardemalaga.com\/tienda\/sup-y-surf\/"},{"@type":"ListItem","position":3,"name":"Jobe Malm\u00f6 5\/3mm Traje De Neopreno Ni\u00f1os"}]},{"@type":"WebSite","@id":"https:\/\/clublamardemalaga.com\/tienda\/#website","url":"https:\/\/clublamardemalaga.com\/tienda\/","name":"Tienda de Sup &amp; Surf La Mar de M&aacute;laga","description":"","publisher":{"@id":"https:\/\/clublamardemalaga.com\/tienda\/#organization"},"potentialAction":[{"@type":"SearchAction","target":{"@type":"EntryPoint","urlTemplate":"https:\/\/clublamardemalaga.com\/tienda\/?s={search_term_string}"},"query-input":"required name=search_term_string"}],"inLanguage":"es"},{"@type":"Organization","@id":"https:\/\/clublamardemalaga.com\/tienda\/#organization","name":"Tienda Sup & Surf La Mar de M\u00e1laga","url":"https:\/\/clublamardemalaga.com\/tienda\/","logo":{"@type":"ImageObject","inLanguage":"es","@id":"https:\/\/clublamardemalaga.com\/tienda\/#\/schema\/logo\/image\/","url":"https:\/\/clublamardemalaga.com\/tienda\/wp-content\/uploads\/logo-tienda-club-la-mar-de-malaga.png","contentUrl":"https:\/\/clublamardemalaga.com\/tienda\/wp-content\/uploads\/logo-tienda-club-la-mar-de-malaga.png","width":250,"height":60,"caption":"Tienda Sup & Surf La Mar de M\u00e1laga"},"image":{"@id":"https:\/\/clublamardemalaga.com\/tienda\/#\/schema\/logo\/image\/"}}]}},"_links":{"self":[{"href":"https:\/\/clublamardemalaga.com\/tienda\/wp-json\/wp\/v2\/product\/2814"}],"collection":[{"href":"https:\/\/clublamardemalaga.com\/tienda\/wp-json\/wp\/v2\/product"}],"about":[{"href":"https:\/\/clublamardemalaga.com\/tienda\/wp-json\/wp\/v2\/types\/product"}],"replies":[{"embeddable":true,"href":"https:\/\/clublamardemalaga.com\/tienda\/wp-json\/wp\/v2\/comments?post=2814"}],"wp:featuredmedia":[{"embeddable":true,"href":"https:\/\/clublamardemalaga.com\/tienda\/wp-json\/wp\/v2\/media\/2815"}],"wp:attachment":[{"href":"https:\/\/clublamardemalaga.com\/tienda\/wp-json\/wp\/v2\/media?parent=2814"}],"wp:term":[{"taxonomy":"product_cat","embeddable":true,"href":"https:\/\/clublamardemalaga.com\/tienda\/wp-json\/wp\/v2\/product_cat?post=2814"},{"taxonomy":"product_tag","embeddable":true,"href":"https:\/\/clublamardemalaga.com\/tienda\/wp-json\/wp\/v2\/product_tag?post=2814"}],"curies":[{"name":"wp","href":"https:\/\/api.w.org\/{rel}","templated":true}]}}