{"id":2802,"date":"2021-06-14T13:15:21","date_gmt":"2021-06-14T11:15:21","guid":{"rendered":"https:\/\/clublamardemalaga.com\/tienda\/producto\/jobe-victoria-3-2mm-traje-de-neopreno-mujer\/"},"modified":"2021-09-30T13:50:25","modified_gmt":"2021-09-30T11:50:25","slug":"jobe-victoria-3-2mm-traje-de-neopreno-mujer","status":"publish","type":"product","link":"https:\/\/clublamardemalaga.com\/tienda\/producto\/jobe-victoria-3-2mm-traje-de-neopreno-mujer\/","title":{"rendered":"Jobe Victoria 3\/2mm Traje De Neopreno Mujer"},"content":{"rendered":"<p>El Jobe Victoria 3\/2mm Traje De Neopreno Mujer se ha elaborado con tecnolog\u00eda Meltdown en el pecho y la espalda lo que proporcionar\u00e1 calidez, comodidad y flexibilidad durante tus actividades de deportes acu\u00e1ticos. La cremallera del pecho en la parte delantera mantiene la entrada de agua al m\u00ednimo y proporciona la m\u00e1xima flexibilidad en la zona de la espalda. La combinaci\u00f3n de tecnolog\u00edas avanzadas hace que Victoria sea la base perfecta para un maravilloso d\u00eda en el agua.<\/p>\n<ul>\n<li>Forro interior t\u00e9rmico caliente (pecho, espalda y parte superior de las piernas)<\/li>\n<li>Costuras pegadas e invisibles: sin entrada de agua a trav\u00e9s de las costuras<\/li>\n<li>Cremallera en el pecho para m\u00e1xima flexibilidad y m\u00ednima entrada de agua<\/li>\n<li>Ajuste femenino<\/li>\n<li>Cintas de refuerzo en el interior<\/li>\n<li>Sistema de drenaje de agua<\/li>\n<li>kneeboards protectoras fuertes<\/li>\n<li>Neopreno de 3 mm en pecho y espalda, 2 mm en otros paneles<\/li>\n<li>Neopreno el\u00e1stico Supreme<\/li>\n<li>C\u00f3moda tecnolog\u00eda de costura m\u00ednima<\/li>\n<li>Cinta de bloqueo de agua en mu\u00f1ecas y tobillos<\/li>\n<\/ul>\n","protected":false},"excerpt":{"rendered":"<p>El Jobe Victoria 3\/2mm Traje De Neopreno Mujer se ha elaborado con tecnolog\u00eda Meltdown en el pecho y la espalda lo que proporcionar\u00e1 calidez, comodidad y flexibilidad durante tus actividades de deportes acu\u00e1ticos. La cremallera del pecho en la parte delantera mantiene la entrada de agua al m\u00ednimo y proporciona la m\u00e1xima flexibilidad en la [&hellip;]<\/p>\n","protected":false},"featured_media":2803,"comment_status":"closed","ping_status":"open","template":"","meta":{"site-sidebar-layout":"default","site-content-layout":"","ast-site-content-layout":"","site-content-style":"default","site-sidebar-style":"default","ast-global-header-display":"","ast-banner-title-visibility":"","ast-main-header-display":"","ast-hfb-above-header-display":"","ast-hfb-below-header-display":"","ast-hfb-mobile-header-display":"","site-post-title":"","ast-breadcrumbs-content":"","ast-featured-img":"","footer-sml-layout":"","theme-transparent-header-meta":"","adv-header-id-meta":"","stick-header-meta":"","header-above-stick-meta":"","header-main-stick-meta":"","header-below-stick-meta":"","astra-migrate-meta-layouts":"default","ast-page-background-enabled":"default","ast-page-background-meta":{"desktop":{"background-color":"","background-image":"","background-repeat":"repeat","background-position":"center center","background-size":"auto","background-attachment":"scroll","background-type":"","background-media":"","overlay-type":"","overlay-color":"","overlay-gradient":""},"tablet":{"background-color":"","background-image":"","background-repeat":"repeat","background-position":"center center","background-size":"auto","background-attachment":"scroll","background-type":"","background-media":"","overlay-type":"","overlay-color":"","overlay-gradient":""},"mobile":{"background-color":"","background-image":"","background-repeat":"repeat","background-position":"center center","background-size":"auto","background-attachment":"scroll","background-type":"","background-media":"","overlay-type":"","overlay-color":"","overlay-gradient":""}},"ast-content-background-meta":{"desktop":{"background-color":"var(--ast-global-color-5)","background-image":"","background-repeat":"repeat","background-position":"center center","background-size":"auto","background-attachment":"scroll","background-type":"","background-media":"","overlay-type":"","overlay-color":"","overlay-gradient":""},"tablet":{"background-color":"var(--ast-global-color-5)","background-image":"","background-repeat":"repeat","background-position":"center center","background-size":"auto","background-attachment":"scroll","background-type":"","background-media":"","overlay-type":"","overlay-color":"","overlay-gradient":""},"mobile":{"background-color":"var(--ast-global-color-5)","background-image":"","background-repeat":"repeat","background-position":"center center","background-size":"auto","background-attachment":"scroll","background-type":"","background-media":"","overlay-type":"","overlay-color":"","overlay-gradient":""}}},"product_cat":[107],"product_tag":[],"yoast_head":"<!-- This site is optimized with the Yoast SEO plugin v21.8 - https:\/\/yoast.com\/wordpress\/plugins\/seo\/ -->\n<title>Jobe Victoria 3\/2mm Traje De Neopreno Mujer<\/title>\n<meta name=\"robots\" content=\"index, follow, max-snippet:-1, max-image-preview:large, max-video-preview:-1\" \/>\n<link rel=\"canonical\" href=\"https:\/\/clublamardemalaga.com\/tienda\/producto\/jobe-victoria-3-2mm-traje-de-neopreno-mujer\/\" \/>\n<meta property=\"og:locale\" content=\"es_ES\" \/>\n<meta property=\"og:type\" content=\"article\" \/>\n<meta property=\"og:title\" content=\"Jobe Victoria 3\/2mm Traje De Neopreno Mujer\" \/>\n<meta property=\"og:description\" content=\"El Jobe Victoria 3\/2mm Traje De Neopreno Mujer se ha elaborado con tecnolog\u00eda Meltdown en el pecho y la espalda lo que proporcionar\u00e1 calidez, comodidad y flexibilidad durante tus actividades de deportes acu\u00e1ticos. La cremallera del pecho en la parte delantera mantiene la entrada de agua al m\u00ednimo y proporciona la m\u00e1xima flexibilidad en la [&hellip;]\" \/>\n<meta property=\"og:url\" content=\"https:\/\/clublamardemalaga.com\/tienda\/producto\/jobe-victoria-3-2mm-traje-de-neopreno-mujer\/\" \/>\n<meta property=\"og:site_name\" content=\"Tienda de Sup &amp; Surf La Mar de M&aacute;laga\" \/>\n<meta property=\"article:modified_time\" content=\"2021-09-30T11:50:25+00:00\" \/>\n<meta property=\"og:image\" content=\"https:\/\/clublamardemalaga.com\/tienda\/wp-content\/uploads\/303519210-zoom.jpg\" \/>\n\t<meta property=\"og:image:width\" content=\"800\" \/>\n\t<meta property=\"og:image:height\" content=\"1200\" \/>\n\t<meta property=\"og:image:type\" content=\"image\/jpeg\" \/>\n<meta name=\"twitter:card\" content=\"summary_large_image\" \/>\n<meta name=\"twitter:label1\" content=\"Tiempo de lectura\" \/>\n\t<meta name=\"twitter:data1\" content=\"1 minuto\" \/>\n<script type=\"application\/ld+json\" class=\"yoast-schema-graph\">{\"@context\":\"https:\/\/schema.org\",\"@graph\":[{\"@type\":\"WebPage\",\"@id\":\"https:\/\/clublamardemalaga.com\/tienda\/producto\/jobe-victoria-3-2mm-traje-de-neopreno-mujer\/\",\"url\":\"https:\/\/clublamardemalaga.com\/tienda\/producto\/jobe-victoria-3-2mm-traje-de-neopreno-mujer\/\",\"name\":\"Jobe Victoria 3\/2mm Traje De Neopreno Mujer\",\"isPartOf\":{\"@id\":\"https:\/\/clublamardemalaga.com\/tienda\/#website\"},\"datePublished\":\"2021-06-14T11:15:21+00:00\",\"dateModified\":\"2021-09-30T11:50:25+00:00\",\"breadcrumb\":{\"@id\":\"https:\/\/clublamardemalaga.com\/tienda\/producto\/jobe-victoria-3-2mm-traje-de-neopreno-mujer\/#breadcrumb\"},\"inLanguage\":\"es\",\"potentialAction\":[{\"@type\":\"ReadAction\",\"target\":[\"https:\/\/clublamardemalaga.com\/tienda\/producto\/jobe-victoria-3-2mm-traje-de-neopreno-mujer\/\"]}]},{\"@type\":\"BreadcrumbList\",\"@id\":\"https:\/\/clublamardemalaga.com\/tienda\/producto\/jobe-victoria-3-2mm-traje-de-neopreno-mujer\/#breadcrumb\",\"itemListElement\":[{\"@type\":\"ListItem\",\"position\":1,\"name\":\"Portada\",\"item\":\"https:\/\/clublamardemalaga.com\/tienda\/\"},{\"@type\":\"ListItem\",\"position\":2,\"name\":\"Sup &#038; Surf\",\"item\":\"https:\/\/clublamardemalaga.com\/tienda\/sup-y-surf\/\"},{\"@type\":\"ListItem\",\"position\":3,\"name\":\"Jobe Victoria 3\/2mm Traje De Neopreno Mujer\"}]},{\"@type\":\"WebSite\",\"@id\":\"https:\/\/clublamardemalaga.com\/tienda\/#website\",\"url\":\"https:\/\/clublamardemalaga.com\/tienda\/\",\"name\":\"Tienda de Sup &amp; Surf La Mar de M&aacute;laga\",\"description\":\"\",\"publisher\":{\"@id\":\"https:\/\/clublamardemalaga.com\/tienda\/#organization\"},\"potentialAction\":[{\"@type\":\"SearchAction\",\"target\":{\"@type\":\"EntryPoint\",\"urlTemplate\":\"https:\/\/clublamardemalaga.com\/tienda\/?s={search_term_string}\"},\"query-input\":\"required name=search_term_string\"}],\"inLanguage\":\"es\"},{\"@type\":\"Organization\",\"@id\":\"https:\/\/clublamardemalaga.com\/tienda\/#organization\",\"name\":\"Tienda Sup & Surf La Mar de M\u00e1laga\",\"url\":\"https:\/\/clublamardemalaga.com\/tienda\/\",\"logo\":{\"@type\":\"ImageObject\",\"inLanguage\":\"es\",\"@id\":\"https:\/\/clublamardemalaga.com\/tienda\/#\/schema\/logo\/image\/\",\"url\":\"https:\/\/clublamardemalaga.com\/tienda\/wp-content\/uploads\/logo-tienda-club-la-mar-de-malaga.png\",\"contentUrl\":\"https:\/\/clublamardemalaga.com\/tienda\/wp-content\/uploads\/logo-tienda-club-la-mar-de-malaga.png\",\"width\":250,\"height\":60,\"caption\":\"Tienda Sup & Surf La Mar de M\u00e1laga\"},\"image\":{\"@id\":\"https:\/\/clublamardemalaga.com\/tienda\/#\/schema\/logo\/image\/\"}}]}<\/script>\n<!-- \/ Yoast SEO plugin. -->","yoast_head_json":{"title":"Jobe Victoria 3\/2mm Traje De Neopreno Mujer","robots":{"index":"index","follow":"follow","max-snippet":"max-snippet:-1","max-image-preview":"max-image-preview:large","max-video-preview":"max-video-preview:-1"},"canonical":"https:\/\/clublamardemalaga.com\/tienda\/producto\/jobe-victoria-3-2mm-traje-de-neopreno-mujer\/","og_locale":"es_ES","og_type":"article","og_title":"Jobe Victoria 3\/2mm Traje De Neopreno Mujer","og_description":"El Jobe Victoria 3\/2mm Traje De Neopreno Mujer se ha elaborado con tecnolog\u00eda Meltdown en el pecho y la espalda lo que proporcionar\u00e1 calidez, comodidad y flexibilidad durante tus actividades de deportes acu\u00e1ticos. La cremallera del pecho en la parte delantera mantiene la entrada de agua al m\u00ednimo y proporciona la m\u00e1xima flexibilidad en la [&hellip;]","og_url":"https:\/\/clublamardemalaga.com\/tienda\/producto\/jobe-victoria-3-2mm-traje-de-neopreno-mujer\/","og_site_name":"Tienda de Sup &amp; Surf La Mar de M&aacute;laga","article_modified_time":"2021-09-30T11:50:25+00:00","og_image":[{"width":800,"height":1200,"url":"https:\/\/clublamardemalaga.com\/tienda\/wp-content\/uploads\/303519210-zoom.jpg","type":"image\/jpeg"}],"twitter_card":"summary_large_image","twitter_misc":{"Tiempo de lectura":"1 minuto"},"schema":{"@context":"https:\/\/schema.org","@graph":[{"@type":"WebPage","@id":"https:\/\/clublamardemalaga.com\/tienda\/producto\/jobe-victoria-3-2mm-traje-de-neopreno-mujer\/","url":"https:\/\/clublamardemalaga.com\/tienda\/producto\/jobe-victoria-3-2mm-traje-de-neopreno-mujer\/","name":"Jobe Victoria 3\/2mm Traje De Neopreno Mujer","isPartOf":{"@id":"https:\/\/clublamardemalaga.com\/tienda\/#website"},"datePublished":"2021-06-14T11:15:21+00:00","dateModified":"2021-09-30T11:50:25+00:00","breadcrumb":{"@id":"https:\/\/clublamardemalaga.com\/tienda\/producto\/jobe-victoria-3-2mm-traje-de-neopreno-mujer\/#breadcrumb"},"inLanguage":"es","potentialAction":[{"@type":"ReadAction","target":["https:\/\/clublamardemalaga.com\/tienda\/producto\/jobe-victoria-3-2mm-traje-de-neopreno-mujer\/"]}]},{"@type":"BreadcrumbList","@id":"https:\/\/clublamardemalaga.com\/tienda\/producto\/jobe-victoria-3-2mm-traje-de-neopreno-mujer\/#breadcrumb","itemListElement":[{"@type":"ListItem","position":1,"name":"Portada","item":"https:\/\/clublamardemalaga.com\/tienda\/"},{"@type":"ListItem","position":2,"name":"Sup &#038; Surf","item":"https:\/\/clublamardemalaga.com\/tienda\/sup-y-surf\/"},{"@type":"ListItem","position":3,"name":"Jobe Victoria 3\/2mm Traje De Neopreno Mujer"}]},{"@type":"WebSite","@id":"https:\/\/clublamardemalaga.com\/tienda\/#website","url":"https:\/\/clublamardemalaga.com\/tienda\/","name":"Tienda de Sup &amp; Surf La Mar de M&aacute;laga","description":"","publisher":{"@id":"https:\/\/clublamardemalaga.com\/tienda\/#organization"},"potentialAction":[{"@type":"SearchAction","target":{"@type":"EntryPoint","urlTemplate":"https:\/\/clublamardemalaga.com\/tienda\/?s={search_term_string}"},"query-input":"required name=search_term_string"}],"inLanguage":"es"},{"@type":"Organization","@id":"https:\/\/clublamardemalaga.com\/tienda\/#organization","name":"Tienda Sup & Surf La Mar de M\u00e1laga","url":"https:\/\/clublamardemalaga.com\/tienda\/","logo":{"@type":"ImageObject","inLanguage":"es","@id":"https:\/\/clublamardemalaga.com\/tienda\/#\/schema\/logo\/image\/","url":"https:\/\/clublamardemalaga.com\/tienda\/wp-content\/uploads\/logo-tienda-club-la-mar-de-malaga.png","contentUrl":"https:\/\/clublamardemalaga.com\/tienda\/wp-content\/uploads\/logo-tienda-club-la-mar-de-malaga.png","width":250,"height":60,"caption":"Tienda Sup & Surf La Mar de M\u00e1laga"},"image":{"@id":"https:\/\/clublamardemalaga.com\/tienda\/#\/schema\/logo\/image\/"}}]}},"_links":{"self":[{"href":"https:\/\/clublamardemalaga.com\/tienda\/wp-json\/wp\/v2\/product\/2802"}],"collection":[{"href":"https:\/\/clublamardemalaga.com\/tienda\/wp-json\/wp\/v2\/product"}],"about":[{"href":"https:\/\/clublamardemalaga.com\/tienda\/wp-json\/wp\/v2\/types\/product"}],"replies":[{"embeddable":true,"href":"https:\/\/clublamardemalaga.com\/tienda\/wp-json\/wp\/v2\/comments?post=2802"}],"wp:featuredmedia":[{"embeddable":true,"href":"https:\/\/clublamardemalaga.com\/tienda\/wp-json\/wp\/v2\/media\/2803"}],"wp:attachment":[{"href":"https:\/\/clublamardemalaga.com\/tienda\/wp-json\/wp\/v2\/media?parent=2802"}],"wp:term":[{"taxonomy":"product_cat","embeddable":true,"href":"https:\/\/clublamardemalaga.com\/tienda\/wp-json\/wp\/v2\/product_cat?post=2802"},{"taxonomy":"product_tag","embeddable":true,"href":"https:\/\/clublamardemalaga.com\/tienda\/wp-json\/wp\/v2\/product_tag?post=2802"}],"curies":[{"name":"wp","href":"https:\/\/api.w.org\/{rel}","templated":true}]}}