{"id":2789,"date":"2021-06-14T13:14:55","date_gmt":"2021-06-14T11:14:55","guid":{"rendered":"https:\/\/clublamardemalaga.com\/tienda\/producto\/jobe-aspen-5-3mm-traje-de-neopreno-mujer\/"},"modified":"2021-12-21T11:07:43","modified_gmt":"2021-12-21T10:07:43","slug":"jobe-aspen-5-3mm-traje-de-neopreno-mujer","status":"publish","type":"product","link":"https:\/\/clublamardemalaga.com\/tienda\/producto\/jobe-aspen-5-3mm-traje-de-neopreno-mujer\/","title":{"rendered":"Jobe Aspen 5\/3mm Traje De Neopreno Mujer"},"content":{"rendered":"<p>Innovaci\u00f3n y buena apariencia se unen en el traje de neopreno para chicas Aspen de Jobe. Es el traje para agua fr\u00eda m\u00e1s vendido, te mantiene c\u00e1lida y c\u00f3moda, con un m\u00e1ximo de 5 mm de neopreno. El tejido de drenaje t\u00e9rmico incorporado mantiene el calor cerca de su cuerpo y ayuda a absorber el agua cuando es necesario. Aspen es el traje de neopreno m\u00e1s c\u00e1lido de su gama, pero es s\u00faper flexible debido al lujoso neopreno de flexibilidad suprema. Una construcci\u00f3n c\u00f3moda y profesional y unas costuras con cinta de neopreno proporcionan la m\u00e1xima protecci\u00f3n y resistencia. Encuentre toda nuestra experiencia en el Aspen para chicas y perm\u00edtanos lacompa\u00f1arle en sus deportes acu\u00e1ticos para conseguir el siguiente nivel. A partir de ahora, no hay l\u00edmites.<\/p>\n<ul>\n<li>Forro interior t\u00e9rmico de drenaje: abrigado y seco (traje de neopreno completo)<\/li>\n<li>Costuras pegadas e invisibles: sin entrada de agua a trav\u00e9s de las costuras<\/li>\n<li>Costuras interiores con cinta de neopreno para mayor calidez, resistencia y protecci\u00f3n.<\/li>\n<li>Cremallera en el pecho para m\u00e1xima flexibilidad y m\u00ednima entrada de agua<\/li>\n<li>Neopreno de 5 mm en pecho y espalda, 3 mm en otros paneles<\/li>\n<li>Correas de tobillo ajustables y desmontables<\/li>\n<li>Pu\u00f1os con bloqueo de agua para la mu\u00f1eca<\/li>\n<li>Bolsillo para llaves con cord\u00f3n el\u00e1stico<\/li>\n<li>Ajuste femenino<\/li>\n<li>Sistema de drenaje de agua<\/li>\n<li>Cinta de refuerzo interior<\/li>\n<li>kneeboards protectoras fuertes<\/li>\n<li>Neopreno el\u00e1stico Supreme<\/li>\n<li>C\u00f3moda tecnolog\u00eda de costura m\u00ednima<\/li>\n<\/ul>\n","protected":false},"excerpt":{"rendered":"<p>Innovaci\u00f3n y buena apariencia se unen en el traje de neopreno para chicas Aspen de Jobe. Es el traje para agua fr\u00eda m\u00e1s vendido, te mantiene c\u00e1lida y c\u00f3moda, con un m\u00e1ximo de 5 mm de neopreno. El tejido de drenaje t\u00e9rmico incorporado mantiene el calor cerca de su cuerpo y ayuda a absorber el [&hellip;]<\/p>\n","protected":false},"featured_media":2790,"comment_status":"closed","ping_status":"open","template":"","meta":{"site-sidebar-layout":"default","site-content-layout":"","ast-site-content-layout":"","site-content-style":"default","site-sidebar-style":"default","ast-global-header-display":"","ast-banner-title-visibility":"","ast-main-header-display":"","ast-hfb-above-header-display":"","ast-hfb-below-header-display":"","ast-hfb-mobile-header-display":"","site-post-title":"","ast-breadcrumbs-content":"","ast-featured-img":"","footer-sml-layout":"","theme-transparent-header-meta":"","adv-header-id-meta":"","stick-header-meta":"","header-above-stick-meta":"","header-main-stick-meta":"","header-below-stick-meta":"","astra-migrate-meta-layouts":"default","ast-page-background-enabled":"default","ast-page-background-meta":{"desktop":{"background-color":"","background-image":"","background-repeat":"repeat","background-position":"center center","background-size":"auto","background-attachment":"scroll","background-type":"","background-media":"","overlay-type":"","overlay-color":"","overlay-gradient":""},"tablet":{"background-color":"","background-image":"","background-repeat":"repeat","background-position":"center center","background-size":"auto","background-attachment":"scroll","background-type":"","background-media":"","overlay-type":"","overlay-color":"","overlay-gradient":""},"mobile":{"background-color":"","background-image":"","background-repeat":"repeat","background-position":"center center","background-size":"auto","background-attachment":"scroll","background-type":"","background-media":"","overlay-type":"","overlay-color":"","overlay-gradient":""}},"ast-content-background-meta":{"desktop":{"background-color":"var(--ast-global-color-5)","background-image":"","background-repeat":"repeat","background-position":"center center","background-size":"auto","background-attachment":"scroll","background-type":"","background-media":"","overlay-type":"","overlay-color":"","overlay-gradient":""},"tablet":{"background-color":"var(--ast-global-color-5)","background-image":"","background-repeat":"repeat","background-position":"center center","background-size":"auto","background-attachment":"scroll","background-type":"","background-media":"","overlay-type":"","overlay-color":"","overlay-gradient":""},"mobile":{"background-color":"var(--ast-global-color-5)","background-image":"","background-repeat":"repeat","background-position":"center center","background-size":"auto","background-attachment":"scroll","background-type":"","background-media":"","overlay-type":"","overlay-color":"","overlay-gradient":""}}},"product_cat":[107],"product_tag":[],"yoast_head":"<!-- This site is optimized with the Yoast SEO plugin v21.8 - https:\/\/yoast.com\/wordpress\/plugins\/seo\/ -->\n<title>Jobe Aspen 5\/3mm Traje De Neopreno Mujer<\/title>\n<meta name=\"robots\" content=\"index, follow, max-snippet:-1, max-image-preview:large, max-video-preview:-1\" \/>\n<link rel=\"canonical\" href=\"https:\/\/clublamardemalaga.com\/tienda\/producto\/jobe-aspen-5-3mm-traje-de-neopreno-mujer\/\" \/>\n<meta property=\"og:locale\" content=\"es_ES\" \/>\n<meta property=\"og:type\" content=\"article\" \/>\n<meta property=\"og:title\" content=\"Jobe Aspen 5\/3mm Traje De Neopreno Mujer\" \/>\n<meta property=\"og:description\" content=\"Innovaci\u00f3n y buena apariencia se unen en el traje de neopreno para chicas Aspen de Jobe. Es el traje para agua fr\u00eda m\u00e1s vendido, te mantiene c\u00e1lida y c\u00f3moda, con un m\u00e1ximo de 5 mm de neopreno. El tejido de drenaje t\u00e9rmico incorporado mantiene el calor cerca de su cuerpo y ayuda a absorber el [&hellip;]\" \/>\n<meta property=\"og:url\" content=\"https:\/\/clublamardemalaga.com\/tienda\/producto\/jobe-aspen-5-3mm-traje-de-neopreno-mujer\/\" \/>\n<meta property=\"og:site_name\" content=\"Tienda de Sup &amp; Surf La Mar de M&aacute;laga\" \/>\n<meta property=\"article:modified_time\" content=\"2021-12-21T10:07:43+00:00\" \/>\n<meta property=\"og:image\" content=\"https:\/\/clublamardemalaga.com\/tienda\/wp-content\/uploads\/303519200-zoom.jpg\" \/>\n\t<meta property=\"og:image:width\" content=\"800\" \/>\n\t<meta property=\"og:image:height\" content=\"1200\" \/>\n\t<meta property=\"og:image:type\" content=\"image\/jpeg\" \/>\n<meta name=\"twitter:card\" content=\"summary_large_image\" \/>\n<meta name=\"twitter:label1\" content=\"Tiempo de lectura\" \/>\n\t<meta name=\"twitter:data1\" content=\"1 minuto\" \/>\n<script type=\"application\/ld+json\" class=\"yoast-schema-graph\">{\"@context\":\"https:\/\/schema.org\",\"@graph\":[{\"@type\":\"WebPage\",\"@id\":\"https:\/\/clublamardemalaga.com\/tienda\/producto\/jobe-aspen-5-3mm-traje-de-neopreno-mujer\/\",\"url\":\"https:\/\/clublamardemalaga.com\/tienda\/producto\/jobe-aspen-5-3mm-traje-de-neopreno-mujer\/\",\"name\":\"Jobe Aspen 5\/3mm Traje De Neopreno Mujer\",\"isPartOf\":{\"@id\":\"https:\/\/clublamardemalaga.com\/tienda\/#website\"},\"datePublished\":\"2021-06-14T11:14:55+00:00\",\"dateModified\":\"2021-12-21T10:07:43+00:00\",\"breadcrumb\":{\"@id\":\"https:\/\/clublamardemalaga.com\/tienda\/producto\/jobe-aspen-5-3mm-traje-de-neopreno-mujer\/#breadcrumb\"},\"inLanguage\":\"es\",\"potentialAction\":[{\"@type\":\"ReadAction\",\"target\":[\"https:\/\/clublamardemalaga.com\/tienda\/producto\/jobe-aspen-5-3mm-traje-de-neopreno-mujer\/\"]}]},{\"@type\":\"BreadcrumbList\",\"@id\":\"https:\/\/clublamardemalaga.com\/tienda\/producto\/jobe-aspen-5-3mm-traje-de-neopreno-mujer\/#breadcrumb\",\"itemListElement\":[{\"@type\":\"ListItem\",\"position\":1,\"name\":\"Portada\",\"item\":\"https:\/\/clublamardemalaga.com\/tienda\/\"},{\"@type\":\"ListItem\",\"position\":2,\"name\":\"Sup &#038; Surf\",\"item\":\"https:\/\/clublamardemalaga.com\/tienda\/sup-y-surf\/\"},{\"@type\":\"ListItem\",\"position\":3,\"name\":\"Jobe Aspen 5\/3mm Traje De Neopreno Mujer\"}]},{\"@type\":\"WebSite\",\"@id\":\"https:\/\/clublamardemalaga.com\/tienda\/#website\",\"url\":\"https:\/\/clublamardemalaga.com\/tienda\/\",\"name\":\"Tienda de Sup &amp; Surf La Mar de M&aacute;laga\",\"description\":\"\",\"publisher\":{\"@id\":\"https:\/\/clublamardemalaga.com\/tienda\/#organization\"},\"potentialAction\":[{\"@type\":\"SearchAction\",\"target\":{\"@type\":\"EntryPoint\",\"urlTemplate\":\"https:\/\/clublamardemalaga.com\/tienda\/?s={search_term_string}\"},\"query-input\":\"required name=search_term_string\"}],\"inLanguage\":\"es\"},{\"@type\":\"Organization\",\"@id\":\"https:\/\/clublamardemalaga.com\/tienda\/#organization\",\"name\":\"Tienda Sup & Surf La Mar de M\u00e1laga\",\"url\":\"https:\/\/clublamardemalaga.com\/tienda\/\",\"logo\":{\"@type\":\"ImageObject\",\"inLanguage\":\"es\",\"@id\":\"https:\/\/clublamardemalaga.com\/tienda\/#\/schema\/logo\/image\/\",\"url\":\"https:\/\/clublamardemalaga.com\/tienda\/wp-content\/uploads\/logo-tienda-club-la-mar-de-malaga.png\",\"contentUrl\":\"https:\/\/clublamardemalaga.com\/tienda\/wp-content\/uploads\/logo-tienda-club-la-mar-de-malaga.png\",\"width\":250,\"height\":60,\"caption\":\"Tienda Sup & Surf La Mar de M\u00e1laga\"},\"image\":{\"@id\":\"https:\/\/clublamardemalaga.com\/tienda\/#\/schema\/logo\/image\/\"}}]}<\/script>\n<!-- \/ Yoast SEO plugin. -->","yoast_head_json":{"title":"Jobe Aspen 5\/3mm Traje De Neopreno Mujer","robots":{"index":"index","follow":"follow","max-snippet":"max-snippet:-1","max-image-preview":"max-image-preview:large","max-video-preview":"max-video-preview:-1"},"canonical":"https:\/\/clublamardemalaga.com\/tienda\/producto\/jobe-aspen-5-3mm-traje-de-neopreno-mujer\/","og_locale":"es_ES","og_type":"article","og_title":"Jobe Aspen 5\/3mm Traje De Neopreno Mujer","og_description":"Innovaci\u00f3n y buena apariencia se unen en el traje de neopreno para chicas Aspen de Jobe. Es el traje para agua fr\u00eda m\u00e1s vendido, te mantiene c\u00e1lida y c\u00f3moda, con un m\u00e1ximo de 5 mm de neopreno. El tejido de drenaje t\u00e9rmico incorporado mantiene el calor cerca de su cuerpo y ayuda a absorber el [&hellip;]","og_url":"https:\/\/clublamardemalaga.com\/tienda\/producto\/jobe-aspen-5-3mm-traje-de-neopreno-mujer\/","og_site_name":"Tienda de Sup &amp; Surf La Mar de M&aacute;laga","article_modified_time":"2021-12-21T10:07:43+00:00","og_image":[{"width":800,"height":1200,"url":"https:\/\/clublamardemalaga.com\/tienda\/wp-content\/uploads\/303519200-zoom.jpg","type":"image\/jpeg"}],"twitter_card":"summary_large_image","twitter_misc":{"Tiempo de lectura":"1 minuto"},"schema":{"@context":"https:\/\/schema.org","@graph":[{"@type":"WebPage","@id":"https:\/\/clublamardemalaga.com\/tienda\/producto\/jobe-aspen-5-3mm-traje-de-neopreno-mujer\/","url":"https:\/\/clublamardemalaga.com\/tienda\/producto\/jobe-aspen-5-3mm-traje-de-neopreno-mujer\/","name":"Jobe Aspen 5\/3mm Traje De Neopreno Mujer","isPartOf":{"@id":"https:\/\/clublamardemalaga.com\/tienda\/#website"},"datePublished":"2021-06-14T11:14:55+00:00","dateModified":"2021-12-21T10:07:43+00:00","breadcrumb":{"@id":"https:\/\/clublamardemalaga.com\/tienda\/producto\/jobe-aspen-5-3mm-traje-de-neopreno-mujer\/#breadcrumb"},"inLanguage":"es","potentialAction":[{"@type":"ReadAction","target":["https:\/\/clublamardemalaga.com\/tienda\/producto\/jobe-aspen-5-3mm-traje-de-neopreno-mujer\/"]}]},{"@type":"BreadcrumbList","@id":"https:\/\/clublamardemalaga.com\/tienda\/producto\/jobe-aspen-5-3mm-traje-de-neopreno-mujer\/#breadcrumb","itemListElement":[{"@type":"ListItem","position":1,"name":"Portada","item":"https:\/\/clublamardemalaga.com\/tienda\/"},{"@type":"ListItem","position":2,"name":"Sup &#038; Surf","item":"https:\/\/clublamardemalaga.com\/tienda\/sup-y-surf\/"},{"@type":"ListItem","position":3,"name":"Jobe Aspen 5\/3mm Traje De Neopreno Mujer"}]},{"@type":"WebSite","@id":"https:\/\/clublamardemalaga.com\/tienda\/#website","url":"https:\/\/clublamardemalaga.com\/tienda\/","name":"Tienda de Sup &amp; Surf La Mar de M&aacute;laga","description":"","publisher":{"@id":"https:\/\/clublamardemalaga.com\/tienda\/#organization"},"potentialAction":[{"@type":"SearchAction","target":{"@type":"EntryPoint","urlTemplate":"https:\/\/clublamardemalaga.com\/tienda\/?s={search_term_string}"},"query-input":"required name=search_term_string"}],"inLanguage":"es"},{"@type":"Organization","@id":"https:\/\/clublamardemalaga.com\/tienda\/#organization","name":"Tienda Sup & Surf La Mar de M\u00e1laga","url":"https:\/\/clublamardemalaga.com\/tienda\/","logo":{"@type":"ImageObject","inLanguage":"es","@id":"https:\/\/clublamardemalaga.com\/tienda\/#\/schema\/logo\/image\/","url":"https:\/\/clublamardemalaga.com\/tienda\/wp-content\/uploads\/logo-tienda-club-la-mar-de-malaga.png","contentUrl":"https:\/\/clublamardemalaga.com\/tienda\/wp-content\/uploads\/logo-tienda-club-la-mar-de-malaga.png","width":250,"height":60,"caption":"Tienda Sup & Surf La Mar de M\u00e1laga"},"image":{"@id":"https:\/\/clublamardemalaga.com\/tienda\/#\/schema\/logo\/image\/"}}]}},"_links":{"self":[{"href":"https:\/\/clublamardemalaga.com\/tienda\/wp-json\/wp\/v2\/product\/2789"}],"collection":[{"href":"https:\/\/clublamardemalaga.com\/tienda\/wp-json\/wp\/v2\/product"}],"about":[{"href":"https:\/\/clublamardemalaga.com\/tienda\/wp-json\/wp\/v2\/types\/product"}],"replies":[{"embeddable":true,"href":"https:\/\/clublamardemalaga.com\/tienda\/wp-json\/wp\/v2\/comments?post=2789"}],"wp:featuredmedia":[{"embeddable":true,"href":"https:\/\/clublamardemalaga.com\/tienda\/wp-json\/wp\/v2\/media\/2790"}],"wp:attachment":[{"href":"https:\/\/clublamardemalaga.com\/tienda\/wp-json\/wp\/v2\/media?parent=2789"}],"wp:term":[{"taxonomy":"product_cat","embeddable":true,"href":"https:\/\/clublamardemalaga.com\/tienda\/wp-json\/wp\/v2\/product_cat?post=2789"},{"taxonomy":"product_tag","embeddable":true,"href":"https:\/\/clublamardemalaga.com\/tienda\/wp-json\/wp\/v2\/product_tag?post=2789"}],"curies":[{"name":"wp","href":"https:\/\/api.w.org\/{rel}","templated":true}]}}