{"id":2437,"date":"2021-06-11T13:56:06","date_gmt":"2021-06-11T11:56:06","guid":{"rendered":"https:\/\/clublamardemalaga.com\/tienda\/producto\/jobe-chaleco-salvavidas-comfort-boating-ninos-naranja\/"},"modified":"2022-01-21T12:45:46","modified_gmt":"2022-01-21T11:45:46","slug":"jobe-chaleco-salvavidas-comfort-boating-ninos-naranja","status":"publish","type":"product","link":"https:\/\/clublamardemalaga.com\/tienda\/producto\/jobe-chaleco-salvavidas-comfort-boating-ninos-naranja\/","title":{"rendered":"Jobe Chaleco Salvavidas Comfort Boating Ni\u00f1os Naranja"},"content":{"rendered":"<p>\u00a1Los deportes acu\u00e1ticos no se entienden sin la seguridad! Protege a tus ni\u00f1os con este chaleco de nylon s\u00faper fuerte y espuma ligera. Este chaleco salvavidas 100N est\u00e1 fabricado para la mejor flotaci\u00f3n. Adem\u00e1s, cuenta con la aprobaci\u00f3n CE de acuerdo con la norma ISO 12402. Debido a sus paneles reflectantes y silbato que no obstruye, \u00a1este chaleco es perfecto para un d\u00eda sin preocupaciones en el agua (principalmente para los padres)! Este chaleco est\u00e1 equipado con correas de cuello y entrepierna.<\/p>\n<ul>\n<li>Certificaci\u00f3n ISO 100N (chaleco salvavidas)<\/li>\n<li>Tejido de nylon resistente y ligero<\/li>\n<li>Ajuste unisex<\/li>\n<li>Silbato en caso de emergencia<\/li>\n<li>Correa ajustable: 1,5&#8243; | 3,8cm<\/li>\n<li>Color brillante y paneles reflectantes para una \u00f3ptima visibilidad<\/li>\n<li>Cremallera frontal para una entrada r\u00e1pida<\/li>\n<li>Espuma EPE ligera<\/li>\n<li>Correa ajustable: 1&#8243;. | 2,5cm<\/li>\n<li>Correa en la entrepierna para una seguridad \u00f3ptima<\/li>\n<li>Tallas: 4XS: 3-10 kg, 3XS\/2XS: 10-15 kg, XS\/S: 15-20 kg, M\/L: 20-30 kg<\/li>\n<li>Hebilla YKK fuerte y cremallera YKK<\/li>\n<\/ul>\n","protected":false},"excerpt":{"rendered":"<p>\u00a1Los deportes acu\u00e1ticos no se entienden sin la seguridad! Protege a tus ni\u00f1os con este chaleco de nylon s\u00faper fuerte y espuma ligera. Este chaleco salvavidas 100N est\u00e1 fabricado para la mejor flotaci\u00f3n. Adem\u00e1s, cuenta con la aprobaci\u00f3n CE de acuerdo con la norma ISO 12402. Debido a sus paneles reflectantes y silbato que no [&hellip;]<\/p>\n","protected":false},"featured_media":2438,"comment_status":"closed","ping_status":"closed","template":"","meta":{"site-sidebar-layout":"default","site-content-layout":"default","ast-site-content-layout":"","site-content-style":"default","site-sidebar-style":"default","ast-global-header-display":"","ast-banner-title-visibility":"","ast-main-header-display":"","ast-hfb-above-header-display":"","ast-hfb-below-header-display":"","ast-hfb-mobile-header-display":"","site-post-title":"","ast-breadcrumbs-content":"","ast-featured-img":"","footer-sml-layout":"","theme-transparent-header-meta":"default","adv-header-id-meta":"","stick-header-meta":"","header-above-stick-meta":"","header-main-stick-meta":"","header-below-stick-meta":"","astra-migrate-meta-layouts":"default","ast-page-background-enabled":"default","ast-page-background-meta":{"desktop":{"background-color":"","background-image":"","background-repeat":"repeat","background-position":"center center","background-size":"auto","background-attachment":"scroll","background-type":"","background-media":"","overlay-type":"","overlay-color":"","overlay-gradient":""},"tablet":{"background-color":"","background-image":"","background-repeat":"repeat","background-position":"center center","background-size":"auto","background-attachment":"scroll","background-type":"","background-media":"","overlay-type":"","overlay-color":"","overlay-gradient":""},"mobile":{"background-color":"","background-image":"","background-repeat":"repeat","background-position":"center center","background-size":"auto","background-attachment":"scroll","background-type":"","background-media":"","overlay-type":"","overlay-color":"","overlay-gradient":""}},"ast-content-background-meta":{"desktop":{"background-color":"var(--ast-global-color-5)","background-image":"","background-repeat":"repeat","background-position":"center center","background-size":"auto","background-attachment":"scroll","background-type":"","background-media":"","overlay-type":"","overlay-color":"","overlay-gradient":""},"tablet":{"background-color":"var(--ast-global-color-5)","background-image":"","background-repeat":"repeat","background-position":"center center","background-size":"auto","background-attachment":"scroll","background-type":"","background-media":"","overlay-type":"","overlay-color":"","overlay-gradient":""},"mobile":{"background-color":"var(--ast-global-color-5)","background-image":"","background-repeat":"repeat","background-position":"center center","background-size":"auto","background-attachment":"scroll","background-type":"","background-media":"","overlay-type":"","overlay-color":"","overlay-gradient":""}}},"product_cat":[104],"product_tag":[],"yoast_head":"<!-- This site is optimized with the Yoast SEO plugin v21.8 - https:\/\/yoast.com\/wordpress\/plugins\/seo\/ -->\n<title>Jobe Chaleco Salvavidas Comfort Boating Ni\u00f1os Naranja<\/title>\n<meta name=\"robots\" content=\"index, follow, max-snippet:-1, max-image-preview:large, max-video-preview:-1\" \/>\n<link rel=\"canonical\" href=\"https:\/\/clublamardemalaga.com\/tienda\/producto\/jobe-chaleco-salvavidas-comfort-boating-ninos-naranja\/\" \/>\n<meta property=\"og:locale\" content=\"es_ES\" \/>\n<meta property=\"og:type\" content=\"article\" \/>\n<meta property=\"og:title\" content=\"Jobe Chaleco Salvavidas Comfort Boating Ni\u00f1os Naranja\" \/>\n<meta property=\"og:description\" content=\"\u00a1Los deportes acu\u00e1ticos no se entienden sin la seguridad! Protege a tus ni\u00f1os con este chaleco de nylon s\u00faper fuerte y espuma ligera. Este chaleco salvavidas 100N est\u00e1 fabricado para la mejor flotaci\u00f3n. Adem\u00e1s, cuenta con la aprobaci\u00f3n CE de acuerdo con la norma ISO 12402. Debido a sus paneles reflectantes y silbato que no [&hellip;]\" \/>\n<meta property=\"og:url\" content=\"https:\/\/clublamardemalaga.com\/tienda\/producto\/jobe-chaleco-salvavidas-comfort-boating-ninos-naranja\/\" \/>\n<meta property=\"og:site_name\" content=\"Tienda de Sup &amp; Surf La Mar de M&aacute;laga\" \/>\n<meta property=\"article:modified_time\" content=\"2022-01-21T11:45:46+00:00\" \/>\n<meta property=\"og:image\" content=\"https:\/\/clublamardemalaga.com\/tienda\/wp-content\/uploads\/244817375-zoom.jpg\" \/>\n\t<meta property=\"og:image:width\" content=\"960\" \/>\n\t<meta property=\"og:image:height\" content=\"1206\" \/>\n\t<meta property=\"og:image:type\" content=\"image\/jpeg\" \/>\n<meta name=\"twitter:card\" content=\"summary_large_image\" \/>\n<meta name=\"twitter:label1\" content=\"Tiempo de lectura\" \/>\n\t<meta name=\"twitter:data1\" content=\"1 minuto\" \/>\n<script type=\"application\/ld+json\" class=\"yoast-schema-graph\">{\"@context\":\"https:\/\/schema.org\",\"@graph\":[{\"@type\":\"WebPage\",\"@id\":\"https:\/\/clublamardemalaga.com\/tienda\/producto\/jobe-chaleco-salvavidas-comfort-boating-ninos-naranja\/\",\"url\":\"https:\/\/clublamardemalaga.com\/tienda\/producto\/jobe-chaleco-salvavidas-comfort-boating-ninos-naranja\/\",\"name\":\"Jobe Chaleco Salvavidas Comfort Boating Ni\u00f1os Naranja\",\"isPartOf\":{\"@id\":\"https:\/\/clublamardemalaga.com\/tienda\/#website\"},\"datePublished\":\"2021-06-11T11:56:06+00:00\",\"dateModified\":\"2022-01-21T11:45:46+00:00\",\"breadcrumb\":{\"@id\":\"https:\/\/clublamardemalaga.com\/tienda\/producto\/jobe-chaleco-salvavidas-comfort-boating-ninos-naranja\/#breadcrumb\"},\"inLanguage\":\"es\",\"potentialAction\":[{\"@type\":\"ReadAction\",\"target\":[\"https:\/\/clublamardemalaga.com\/tienda\/producto\/jobe-chaleco-salvavidas-comfort-boating-ninos-naranja\/\"]}]},{\"@type\":\"BreadcrumbList\",\"@id\":\"https:\/\/clublamardemalaga.com\/tienda\/producto\/jobe-chaleco-salvavidas-comfort-boating-ninos-naranja\/#breadcrumb\",\"itemListElement\":[{\"@type\":\"ListItem\",\"position\":1,\"name\":\"Portada\",\"item\":\"https:\/\/clublamardemalaga.com\/tienda\/\"},{\"@type\":\"ListItem\",\"position\":2,\"name\":\"Sup &#038; Surf\",\"item\":\"https:\/\/clublamardemalaga.com\/tienda\/sup-y-surf\/\"},{\"@type\":\"ListItem\",\"position\":3,\"name\":\"Jobe Chaleco Salvavidas Comfort Boating Ni\u00f1os Naranja\"}]},{\"@type\":\"WebSite\",\"@id\":\"https:\/\/clublamardemalaga.com\/tienda\/#website\",\"url\":\"https:\/\/clublamardemalaga.com\/tienda\/\",\"name\":\"Tienda de Sup &amp; Surf La Mar de M&aacute;laga\",\"description\":\"\",\"publisher\":{\"@id\":\"https:\/\/clublamardemalaga.com\/tienda\/#organization\"},\"potentialAction\":[{\"@type\":\"SearchAction\",\"target\":{\"@type\":\"EntryPoint\",\"urlTemplate\":\"https:\/\/clublamardemalaga.com\/tienda\/?s={search_term_string}\"},\"query-input\":\"required name=search_term_string\"}],\"inLanguage\":\"es\"},{\"@type\":\"Organization\",\"@id\":\"https:\/\/clublamardemalaga.com\/tienda\/#organization\",\"name\":\"Tienda Sup & Surf La Mar de M\u00e1laga\",\"url\":\"https:\/\/clublamardemalaga.com\/tienda\/\",\"logo\":{\"@type\":\"ImageObject\",\"inLanguage\":\"es\",\"@id\":\"https:\/\/clublamardemalaga.com\/tienda\/#\/schema\/logo\/image\/\",\"url\":\"https:\/\/clublamardemalaga.com\/tienda\/wp-content\/uploads\/logo-tienda-club-la-mar-de-malaga.png\",\"contentUrl\":\"https:\/\/clublamardemalaga.com\/tienda\/wp-content\/uploads\/logo-tienda-club-la-mar-de-malaga.png\",\"width\":250,\"height\":60,\"caption\":\"Tienda Sup & Surf La Mar de M\u00e1laga\"},\"image\":{\"@id\":\"https:\/\/clublamardemalaga.com\/tienda\/#\/schema\/logo\/image\/\"}}]}<\/script>\n<!-- \/ Yoast SEO plugin. -->","yoast_head_json":{"title":"Jobe Chaleco Salvavidas Comfort Boating Ni\u00f1os Naranja","robots":{"index":"index","follow":"follow","max-snippet":"max-snippet:-1","max-image-preview":"max-image-preview:large","max-video-preview":"max-video-preview:-1"},"canonical":"https:\/\/clublamardemalaga.com\/tienda\/producto\/jobe-chaleco-salvavidas-comfort-boating-ninos-naranja\/","og_locale":"es_ES","og_type":"article","og_title":"Jobe Chaleco Salvavidas Comfort Boating Ni\u00f1os Naranja","og_description":"\u00a1Los deportes acu\u00e1ticos no se entienden sin la seguridad! Protege a tus ni\u00f1os con este chaleco de nylon s\u00faper fuerte y espuma ligera. Este chaleco salvavidas 100N est\u00e1 fabricado para la mejor flotaci\u00f3n. Adem\u00e1s, cuenta con la aprobaci\u00f3n CE de acuerdo con la norma ISO 12402. Debido a sus paneles reflectantes y silbato que no [&hellip;]","og_url":"https:\/\/clublamardemalaga.com\/tienda\/producto\/jobe-chaleco-salvavidas-comfort-boating-ninos-naranja\/","og_site_name":"Tienda de Sup &amp; Surf La Mar de M&aacute;laga","article_modified_time":"2022-01-21T11:45:46+00:00","og_image":[{"width":960,"height":1206,"url":"https:\/\/clublamardemalaga.com\/tienda\/wp-content\/uploads\/244817375-zoom.jpg","type":"image\/jpeg"}],"twitter_card":"summary_large_image","twitter_misc":{"Tiempo de lectura":"1 minuto"},"schema":{"@context":"https:\/\/schema.org","@graph":[{"@type":"WebPage","@id":"https:\/\/clublamardemalaga.com\/tienda\/producto\/jobe-chaleco-salvavidas-comfort-boating-ninos-naranja\/","url":"https:\/\/clublamardemalaga.com\/tienda\/producto\/jobe-chaleco-salvavidas-comfort-boating-ninos-naranja\/","name":"Jobe Chaleco Salvavidas Comfort Boating Ni\u00f1os Naranja","isPartOf":{"@id":"https:\/\/clublamardemalaga.com\/tienda\/#website"},"datePublished":"2021-06-11T11:56:06+00:00","dateModified":"2022-01-21T11:45:46+00:00","breadcrumb":{"@id":"https:\/\/clublamardemalaga.com\/tienda\/producto\/jobe-chaleco-salvavidas-comfort-boating-ninos-naranja\/#breadcrumb"},"inLanguage":"es","potentialAction":[{"@type":"ReadAction","target":["https:\/\/clublamardemalaga.com\/tienda\/producto\/jobe-chaleco-salvavidas-comfort-boating-ninos-naranja\/"]}]},{"@type":"BreadcrumbList","@id":"https:\/\/clublamardemalaga.com\/tienda\/producto\/jobe-chaleco-salvavidas-comfort-boating-ninos-naranja\/#breadcrumb","itemListElement":[{"@type":"ListItem","position":1,"name":"Portada","item":"https:\/\/clublamardemalaga.com\/tienda\/"},{"@type":"ListItem","position":2,"name":"Sup &#038; Surf","item":"https:\/\/clublamardemalaga.com\/tienda\/sup-y-surf\/"},{"@type":"ListItem","position":3,"name":"Jobe Chaleco Salvavidas Comfort Boating Ni\u00f1os Naranja"}]},{"@type":"WebSite","@id":"https:\/\/clublamardemalaga.com\/tienda\/#website","url":"https:\/\/clublamardemalaga.com\/tienda\/","name":"Tienda de Sup &amp; Surf La Mar de M&aacute;laga","description":"","publisher":{"@id":"https:\/\/clublamardemalaga.com\/tienda\/#organization"},"potentialAction":[{"@type":"SearchAction","target":{"@type":"EntryPoint","urlTemplate":"https:\/\/clublamardemalaga.com\/tienda\/?s={search_term_string}"},"query-input":"required name=search_term_string"}],"inLanguage":"es"},{"@type":"Organization","@id":"https:\/\/clublamardemalaga.com\/tienda\/#organization","name":"Tienda Sup & Surf La Mar de M\u00e1laga","url":"https:\/\/clublamardemalaga.com\/tienda\/","logo":{"@type":"ImageObject","inLanguage":"es","@id":"https:\/\/clublamardemalaga.com\/tienda\/#\/schema\/logo\/image\/","url":"https:\/\/clublamardemalaga.com\/tienda\/wp-content\/uploads\/logo-tienda-club-la-mar-de-malaga.png","contentUrl":"https:\/\/clublamardemalaga.com\/tienda\/wp-content\/uploads\/logo-tienda-club-la-mar-de-malaga.png","width":250,"height":60,"caption":"Tienda Sup & Surf La Mar de M\u00e1laga"},"image":{"@id":"https:\/\/clublamardemalaga.com\/tienda\/#\/schema\/logo\/image\/"}}]}},"_links":{"self":[{"href":"https:\/\/clublamardemalaga.com\/tienda\/wp-json\/wp\/v2\/product\/2437"}],"collection":[{"href":"https:\/\/clublamardemalaga.com\/tienda\/wp-json\/wp\/v2\/product"}],"about":[{"href":"https:\/\/clublamardemalaga.com\/tienda\/wp-json\/wp\/v2\/types\/product"}],"replies":[{"embeddable":true,"href":"https:\/\/clublamardemalaga.com\/tienda\/wp-json\/wp\/v2\/comments?post=2437"}],"wp:featuredmedia":[{"embeddable":true,"href":"https:\/\/clublamardemalaga.com\/tienda\/wp-json\/wp\/v2\/media\/2438"}],"wp:attachment":[{"href":"https:\/\/clublamardemalaga.com\/tienda\/wp-json\/wp\/v2\/media?parent=2437"}],"wp:term":[{"taxonomy":"product_cat","embeddable":true,"href":"https:\/\/clublamardemalaga.com\/tienda\/wp-json\/wp\/v2\/product_cat?post=2437"},{"taxonomy":"product_tag","embeddable":true,"href":"https:\/\/clublamardemalaga.com\/tienda\/wp-json\/wp\/v2\/product_tag?post=2437"}],"curies":[{"name":"wp","href":"https:\/\/api.w.org\/{rel}","templated":true}]}}