{"id":2213,"date":"2021-05-31T11:38:12","date_gmt":"2021-05-31T09:38:12","guid":{"rendered":"https:\/\/clublamardemalaga.com\/tienda\/producto\/jobe-leona-10-6-tabla-paddle-surf-hinchable-paquete\/"},"modified":"2022-01-21T12:45:00","modified_gmt":"2022-01-21T11:45:00","slug":"jobe-leona-10-6-tabla-paddle-surf-hinchable-paquete","status":"publish","type":"product","link":"https:\/\/clublamardemalaga.com\/tienda\/producto\/jobe-leona-10-6-tabla-paddle-surf-hinchable-paquete\/","title":{"rendered":"Jobe Leona 10.6 Tabla Paddle Surf Hinchable Paquete"},"content":{"rendered":"<p>La Leona 10.6 Tabla Paddle Surf Hinchable Paquete es la nueva incorporaci\u00f3n a la colecci\u00f3n 2021. Esta nueva Paddle Board tiene la alta calidad que puedes esperar, \u00a1pero a un precio m\u00e1s atractivo! La tabla tiene todos los aspectos t\u00e9cnicos, como un larguero en la parte superior y una construcci\u00f3n X-Foundation para una Paddle Board hinchable m\u00e1s liviana que funciona mejor. Si bien la forma de la Paddle Board la convierte en una verdadera todoterreno, \u00a1es perfecta para el fan\u00e1tico de las Paddle Boards recreativas que quieren hacer de todo!<\/p>\n<ul>\n<li>3 a\u00f1os de garant\u00eda despu\u00e9s del registro<\/li>\n<li>Tecnolog\u00eda de uni\u00f3n al calor: calidad y seguridad de la capa de yegua<\/li>\n<li>Patr\u00f3n de espuma EVA antideslizante, permite un c\u00f3modo SUP a largo plazo<\/li>\n<li>X-dropstitching construcci\u00f3n ligera con costura<\/li>\n<li>Larguero en la parte superior para mayor rigidez<\/li>\n<li>Asa de neopreno f\u00e1cil de transportar con soporte de paleta<\/li>\n<li>Red de almacenamiento Bungee<\/li>\n<li>V\u00e1lvula Halkey Roberts<\/li>\n<li>Anillo en D en la punta y la cola<\/li>\n<li>Asistencia de parche de v\u00e1lvula<\/li>\n<li>8&#8243; aleta de bloqueo EZ<\/li>\n<li>Nose rocker: 9&#8243;, Tail rocker: 0&#8243;<\/li>\n<li>Peso m\u00e1ximo del piloto 120kg | 264,6 Ibs<\/li>\n<li>Peso de la tabla: 8,2kg | 18lbs<\/li>\n<li>Peso de paquete: 13,2kg | 29,1lbs<\/li>\n<li>Dimensiones inflado: 10&#8217;6&#8243; x 32&#8243; x 4,75&#8243; | 320 x 81,3 x 12cm<\/li>\n<li>Volumen: 246 l<\/li>\n<li>El paquete contiene: Aero Leona Tabla Paddlesurf 10.6, adjustable 3-piece aluminium paddle, Mochila impermeable, Bomba double action, 10ft \/ 3,04m coiled leash<\/li>\n<\/ul>\n","protected":false},"excerpt":{"rendered":"<p>La Leona 10.6 Tabla Paddle Surf Hinchable Paquete es la nueva incorporaci\u00f3n a la colecci\u00f3n 2021. Esta nueva Paddle Board tiene la alta calidad que puedes esperar, \u00a1pero a un precio m\u00e1s atractivo! La tabla tiene todos los aspectos t\u00e9cnicos, como un larguero en la parte superior y una construcci\u00f3n X-Foundation para una Paddle Board [&hellip;]<\/p>\n","protected":false},"featured_media":2214,"comment_status":"closed","ping_status":"closed","template":"","meta":{"site-sidebar-layout":"default","site-content-layout":"default","ast-site-content-layout":"","site-content-style":"default","site-sidebar-style":"default","ast-global-header-display":"","ast-banner-title-visibility":"","ast-main-header-display":"","ast-hfb-above-header-display":"","ast-hfb-below-header-display":"","ast-hfb-mobile-header-display":"","site-post-title":"","ast-breadcrumbs-content":"","ast-featured-img":"","footer-sml-layout":"","theme-transparent-header-meta":"default","adv-header-id-meta":"","stick-header-meta":"","header-above-stick-meta":"","header-main-stick-meta":"","header-below-stick-meta":"","astra-migrate-meta-layouts":"default","ast-page-background-enabled":"default","ast-page-background-meta":{"desktop":{"background-color":"","background-image":"","background-repeat":"repeat","background-position":"center center","background-size":"auto","background-attachment":"scroll","background-type":"","background-media":"","overlay-type":"","overlay-color":"","overlay-gradient":""},"tablet":{"background-color":"","background-image":"","background-repeat":"repeat","background-position":"center center","background-size":"auto","background-attachment":"scroll","background-type":"","background-media":"","overlay-type":"","overlay-color":"","overlay-gradient":""},"mobile":{"background-color":"","background-image":"","background-repeat":"repeat","background-position":"center center","background-size":"auto","background-attachment":"scroll","background-type":"","background-media":"","overlay-type":"","overlay-color":"","overlay-gradient":""}},"ast-content-background-meta":{"desktop":{"background-color":"var(--ast-global-color-5)","background-image":"","background-repeat":"repeat","background-position":"center center","background-size":"auto","background-attachment":"scroll","background-type":"","background-media":"","overlay-type":"","overlay-color":"","overlay-gradient":""},"tablet":{"background-color":"var(--ast-global-color-5)","background-image":"","background-repeat":"repeat","background-position":"center center","background-size":"auto","background-attachment":"scroll","background-type":"","background-media":"","overlay-type":"","overlay-color":"","overlay-gradient":""},"mobile":{"background-color":"var(--ast-global-color-5)","background-image":"","background-repeat":"repeat","background-position":"center center","background-size":"auto","background-attachment":"scroll","background-type":"","background-media":"","overlay-type":"","overlay-color":"","overlay-gradient":""}}},"product_cat":[17],"product_tag":[],"yoast_head":"<!-- This site is optimized with the Yoast SEO plugin v21.8 - https:\/\/yoast.com\/wordpress\/plugins\/seo\/ -->\n<title>Jobe Leona 10.6 Tabla Paddle Surf Hinchable Paquete<\/title>\n<meta name=\"robots\" content=\"index, follow, max-snippet:-1, max-image-preview:large, max-video-preview:-1\" \/>\n<link rel=\"canonical\" href=\"https:\/\/clublamardemalaga.com\/tienda\/producto\/jobe-leona-10-6-tabla-paddle-surf-hinchable-paquete\/\" \/>\n<meta property=\"og:locale\" content=\"es_ES\" \/>\n<meta property=\"og:type\" content=\"article\" \/>\n<meta property=\"og:title\" content=\"Jobe Leona 10.6 Tabla Paddle Surf Hinchable Paquete\" \/>\n<meta property=\"og:description\" content=\"La Leona 10.6 Tabla Paddle Surf Hinchable Paquete es la nueva incorporaci\u00f3n a la colecci\u00f3n 2021. Esta nueva Paddle Board tiene la alta calidad que puedes esperar, \u00a1pero a un precio m\u00e1s atractivo! La tabla tiene todos los aspectos t\u00e9cnicos, como un larguero en la parte superior y una construcci\u00f3n X-Foundation para una Paddle Board [&hellip;]\" \/>\n<meta property=\"og:url\" content=\"https:\/\/clublamardemalaga.com\/tienda\/producto\/jobe-leona-10-6-tabla-paddle-surf-hinchable-paquete\/\" \/>\n<meta property=\"og:site_name\" content=\"Tienda de Sup &amp; Surf La Mar de M&aacute;laga\" \/>\n<meta property=\"article:modified_time\" content=\"2022-01-21T11:45:00+00:00\" \/>\n<meta property=\"og:image\" content=\"https:\/\/clublamardemalaga.com\/tienda\/wp-content\/uploads\/486421010-zoom.jpg\" \/>\n\t<meta property=\"og:image:width\" content=\"960\" \/>\n\t<meta property=\"og:image:height\" content=\"1201\" \/>\n\t<meta property=\"og:image:type\" content=\"image\/jpeg\" \/>\n<meta name=\"twitter:card\" content=\"summary_large_image\" \/>\n<meta name=\"twitter:label1\" content=\"Tiempo de lectura\" \/>\n\t<meta name=\"twitter:data1\" content=\"1 minuto\" \/>\n<script type=\"application\/ld+json\" class=\"yoast-schema-graph\">{\"@context\":\"https:\/\/schema.org\",\"@graph\":[{\"@type\":\"WebPage\",\"@id\":\"https:\/\/clublamardemalaga.com\/tienda\/producto\/jobe-leona-10-6-tabla-paddle-surf-hinchable-paquete\/\",\"url\":\"https:\/\/clublamardemalaga.com\/tienda\/producto\/jobe-leona-10-6-tabla-paddle-surf-hinchable-paquete\/\",\"name\":\"Jobe Leona 10.6 Tabla Paddle Surf Hinchable Paquete\",\"isPartOf\":{\"@id\":\"https:\/\/clublamardemalaga.com\/tienda\/#website\"},\"datePublished\":\"2021-05-31T09:38:12+00:00\",\"dateModified\":\"2022-01-21T11:45:00+00:00\",\"breadcrumb\":{\"@id\":\"https:\/\/clublamardemalaga.com\/tienda\/producto\/jobe-leona-10-6-tabla-paddle-surf-hinchable-paquete\/#breadcrumb\"},\"inLanguage\":\"es\",\"potentialAction\":[{\"@type\":\"ReadAction\",\"target\":[\"https:\/\/clublamardemalaga.com\/tienda\/producto\/jobe-leona-10-6-tabla-paddle-surf-hinchable-paquete\/\"]}]},{\"@type\":\"BreadcrumbList\",\"@id\":\"https:\/\/clublamardemalaga.com\/tienda\/producto\/jobe-leona-10-6-tabla-paddle-surf-hinchable-paquete\/#breadcrumb\",\"itemListElement\":[{\"@type\":\"ListItem\",\"position\":1,\"name\":\"Portada\",\"item\":\"https:\/\/clublamardemalaga.com\/tienda\/\"},{\"@type\":\"ListItem\",\"position\":2,\"name\":\"Sup &#038; Surf\",\"item\":\"https:\/\/clublamardemalaga.com\/tienda\/sup-y-surf\/\"},{\"@type\":\"ListItem\",\"position\":3,\"name\":\"Jobe Leona 10.6 Tabla Paddle Surf Hinchable Paquete\"}]},{\"@type\":\"WebSite\",\"@id\":\"https:\/\/clublamardemalaga.com\/tienda\/#website\",\"url\":\"https:\/\/clublamardemalaga.com\/tienda\/\",\"name\":\"Tienda de Sup &amp; Surf La Mar de M&aacute;laga\",\"description\":\"\",\"publisher\":{\"@id\":\"https:\/\/clublamardemalaga.com\/tienda\/#organization\"},\"potentialAction\":[{\"@type\":\"SearchAction\",\"target\":{\"@type\":\"EntryPoint\",\"urlTemplate\":\"https:\/\/clublamardemalaga.com\/tienda\/?s={search_term_string}\"},\"query-input\":\"required name=search_term_string\"}],\"inLanguage\":\"es\"},{\"@type\":\"Organization\",\"@id\":\"https:\/\/clublamardemalaga.com\/tienda\/#organization\",\"name\":\"Tienda Sup & Surf La Mar de M\u00e1laga\",\"url\":\"https:\/\/clublamardemalaga.com\/tienda\/\",\"logo\":{\"@type\":\"ImageObject\",\"inLanguage\":\"es\",\"@id\":\"https:\/\/clublamardemalaga.com\/tienda\/#\/schema\/logo\/image\/\",\"url\":\"https:\/\/clublamardemalaga.com\/tienda\/wp-content\/uploads\/logo-tienda-club-la-mar-de-malaga.png\",\"contentUrl\":\"https:\/\/clublamardemalaga.com\/tienda\/wp-content\/uploads\/logo-tienda-club-la-mar-de-malaga.png\",\"width\":250,\"height\":60,\"caption\":\"Tienda Sup & Surf La Mar de M\u00e1laga\"},\"image\":{\"@id\":\"https:\/\/clublamardemalaga.com\/tienda\/#\/schema\/logo\/image\/\"}}]}<\/script>\n<!-- \/ Yoast SEO plugin. -->","yoast_head_json":{"title":"Jobe Leona 10.6 Tabla Paddle Surf Hinchable Paquete","robots":{"index":"index","follow":"follow","max-snippet":"max-snippet:-1","max-image-preview":"max-image-preview:large","max-video-preview":"max-video-preview:-1"},"canonical":"https:\/\/clublamardemalaga.com\/tienda\/producto\/jobe-leona-10-6-tabla-paddle-surf-hinchable-paquete\/","og_locale":"es_ES","og_type":"article","og_title":"Jobe Leona 10.6 Tabla Paddle Surf Hinchable Paquete","og_description":"La Leona 10.6 Tabla Paddle Surf Hinchable Paquete es la nueva incorporaci\u00f3n a la colecci\u00f3n 2021. Esta nueva Paddle Board tiene la alta calidad que puedes esperar, \u00a1pero a un precio m\u00e1s atractivo! La tabla tiene todos los aspectos t\u00e9cnicos, como un larguero en la parte superior y una construcci\u00f3n X-Foundation para una Paddle Board [&hellip;]","og_url":"https:\/\/clublamardemalaga.com\/tienda\/producto\/jobe-leona-10-6-tabla-paddle-surf-hinchable-paquete\/","og_site_name":"Tienda de Sup &amp; Surf La Mar de M&aacute;laga","article_modified_time":"2022-01-21T11:45:00+00:00","og_image":[{"width":960,"height":1201,"url":"https:\/\/clublamardemalaga.com\/tienda\/wp-content\/uploads\/486421010-zoom.jpg","type":"image\/jpeg"}],"twitter_card":"summary_large_image","twitter_misc":{"Tiempo de lectura":"1 minuto"},"schema":{"@context":"https:\/\/schema.org","@graph":[{"@type":"WebPage","@id":"https:\/\/clublamardemalaga.com\/tienda\/producto\/jobe-leona-10-6-tabla-paddle-surf-hinchable-paquete\/","url":"https:\/\/clublamardemalaga.com\/tienda\/producto\/jobe-leona-10-6-tabla-paddle-surf-hinchable-paquete\/","name":"Jobe Leona 10.6 Tabla Paddle Surf Hinchable Paquete","isPartOf":{"@id":"https:\/\/clublamardemalaga.com\/tienda\/#website"},"datePublished":"2021-05-31T09:38:12+00:00","dateModified":"2022-01-21T11:45:00+00:00","breadcrumb":{"@id":"https:\/\/clublamardemalaga.com\/tienda\/producto\/jobe-leona-10-6-tabla-paddle-surf-hinchable-paquete\/#breadcrumb"},"inLanguage":"es","potentialAction":[{"@type":"ReadAction","target":["https:\/\/clublamardemalaga.com\/tienda\/producto\/jobe-leona-10-6-tabla-paddle-surf-hinchable-paquete\/"]}]},{"@type":"BreadcrumbList","@id":"https:\/\/clublamardemalaga.com\/tienda\/producto\/jobe-leona-10-6-tabla-paddle-surf-hinchable-paquete\/#breadcrumb","itemListElement":[{"@type":"ListItem","position":1,"name":"Portada","item":"https:\/\/clublamardemalaga.com\/tienda\/"},{"@type":"ListItem","position":2,"name":"Sup &#038; Surf","item":"https:\/\/clublamardemalaga.com\/tienda\/sup-y-surf\/"},{"@type":"ListItem","position":3,"name":"Jobe Leona 10.6 Tabla Paddle Surf Hinchable Paquete"}]},{"@type":"WebSite","@id":"https:\/\/clublamardemalaga.com\/tienda\/#website","url":"https:\/\/clublamardemalaga.com\/tienda\/","name":"Tienda de Sup &amp; Surf La Mar de M&aacute;laga","description":"","publisher":{"@id":"https:\/\/clublamardemalaga.com\/tienda\/#organization"},"potentialAction":[{"@type":"SearchAction","target":{"@type":"EntryPoint","urlTemplate":"https:\/\/clublamardemalaga.com\/tienda\/?s={search_term_string}"},"query-input":"required name=search_term_string"}],"inLanguage":"es"},{"@type":"Organization","@id":"https:\/\/clublamardemalaga.com\/tienda\/#organization","name":"Tienda Sup & Surf La Mar de M\u00e1laga","url":"https:\/\/clublamardemalaga.com\/tienda\/","logo":{"@type":"ImageObject","inLanguage":"es","@id":"https:\/\/clublamardemalaga.com\/tienda\/#\/schema\/logo\/image\/","url":"https:\/\/clublamardemalaga.com\/tienda\/wp-content\/uploads\/logo-tienda-club-la-mar-de-malaga.png","contentUrl":"https:\/\/clublamardemalaga.com\/tienda\/wp-content\/uploads\/logo-tienda-club-la-mar-de-malaga.png","width":250,"height":60,"caption":"Tienda Sup & Surf La Mar de M\u00e1laga"},"image":{"@id":"https:\/\/clublamardemalaga.com\/tienda\/#\/schema\/logo\/image\/"}}]}},"_links":{"self":[{"href":"https:\/\/clublamardemalaga.com\/tienda\/wp-json\/wp\/v2\/product\/2213"}],"collection":[{"href":"https:\/\/clublamardemalaga.com\/tienda\/wp-json\/wp\/v2\/product"}],"about":[{"href":"https:\/\/clublamardemalaga.com\/tienda\/wp-json\/wp\/v2\/types\/product"}],"replies":[{"embeddable":true,"href":"https:\/\/clublamardemalaga.com\/tienda\/wp-json\/wp\/v2\/comments?post=2213"}],"wp:featuredmedia":[{"embeddable":true,"href":"https:\/\/clublamardemalaga.com\/tienda\/wp-json\/wp\/v2\/media\/2214"}],"wp:attachment":[{"href":"https:\/\/clublamardemalaga.com\/tienda\/wp-json\/wp\/v2\/media?parent=2213"}],"wp:term":[{"taxonomy":"product_cat","embeddable":true,"href":"https:\/\/clublamardemalaga.com\/tienda\/wp-json\/wp\/v2\/product_cat?post=2213"},{"taxonomy":"product_tag","embeddable":true,"href":"https:\/\/clublamardemalaga.com\/tienda\/wp-json\/wp\/v2\/product_tag?post=2213"}],"curies":[{"name":"wp","href":"https:\/\/api.w.org\/{rel}","templated":true}]}}