{"id":2166,"date":"2021-05-31T11:37:26","date_gmt":"2021-05-31T09:37:26","guid":{"rendered":"https:\/\/clublamardemalaga.com\/tienda\/producto\/jobe-switch-2p\/"},"modified":"2022-01-21T12:43:07","modified_gmt":"2022-01-21T11:43:07","slug":"jobe-switch-2p","status":"publish","type":"product","link":"https:\/\/clublamardemalaga.com\/tienda\/producto\/jobe-switch-2p\/","title":{"rendered":"Jobe Switch 2P"},"content":{"rendered":"<p>\u00a1El Jobe Switch 2P es el sill\u00f3n acu\u00e1tico ideal para dos personas para relajarse o divertirse en el agua! \u00a1Pero cuando est\u00e9s listo para cambiarlo, el Switch se convierte en un tobog\u00e1n acu\u00e1tico s\u00faper divertido! Est\u00e1 fabricado para durar con su funda de nailon de 420 denieres y dise\u00f1ado para relajarse con sus 2 portavasos incorporados y asas de nailon acolchadas. Y con solo 82,7\u00bb x 55,1\u00bb, o 210 cm x 140 cm desinflado, el Switch 2P es muy f\u00e1cil de guardar en el barco o fuera de \u00e9l. El Switch tambi\u00e9n se puede combinar con Jobe Manta and Retreat para una mayor extensi\u00f3n.<\/p>\n<ul>\n<li>3 a\u00f1os de garant\u00eda despu\u00e9s del registro<\/li>\n<li>Anilla D y cremallera para conectar el Jobe Manta y el Retreat<\/li>\n<li>Bolsa para almacenarlo de forma compacta y f\u00e1cil<\/li>\n<li>2 portavasos<\/li>\n<li>V\u00e1lvula de una sola v\u00eda Boston<\/li>\n<li>2 asas de nailon<\/li>\n<li>6 asas acolchadas<\/li>\n<li>M\u00e1ximo 2 personas<\/li>\n<li>Girar el inflable para tener un tobogan<\/li>\n<li>Parte inferior en tarpaulin para deslizarse f\u00e1cilmente<\/li>\n<li>Funda de nylon de 420 Denier<\/li>\n<li>20 Gauge PVC<\/li>\n<li>Dimensiones desinflado: : 57&#8243; x 74,8&#8243; | 145 x 190 cm<\/li>\n<li>Dimensiones desinflado: : 82.7 x 55.1&#8243; | 210 x 140cm<\/li>\n<\/ul>\n","protected":false},"excerpt":{"rendered":"<p>\u00a1El Jobe Switch 2P es el sill\u00f3n acu\u00e1tico ideal para dos personas para relajarse o divertirse en el agua! \u00a1Pero cuando est\u00e9s listo para cambiarlo, el Switch se convierte en un tobog\u00e1n acu\u00e1tico s\u00faper divertido! Est\u00e1 fabricado para durar con su funda de nailon de 420 denieres y dise\u00f1ado para relajarse con sus 2 portavasos [&hellip;]<\/p>\n","protected":false},"featured_media":2167,"comment_status":"closed","ping_status":"open","template":"","meta":{"site-sidebar-layout":"default","site-content-layout":"","ast-site-content-layout":"","site-content-style":"default","site-sidebar-style":"default","ast-global-header-display":"","ast-banner-title-visibility":"","ast-main-header-display":"","ast-hfb-above-header-display":"","ast-hfb-below-header-display":"","ast-hfb-mobile-header-display":"","site-post-title":"","ast-breadcrumbs-content":"","ast-featured-img":"","footer-sml-layout":"","theme-transparent-header-meta":"","adv-header-id-meta":"","stick-header-meta":"","header-above-stick-meta":"","header-main-stick-meta":"","header-below-stick-meta":"","astra-migrate-meta-layouts":"default","ast-page-background-enabled":"default","ast-page-background-meta":{"desktop":{"background-color":"","background-image":"","background-repeat":"repeat","background-position":"center center","background-size":"auto","background-attachment":"scroll","background-type":"","background-media":"","overlay-type":"","overlay-color":"","overlay-gradient":""},"tablet":{"background-color":"","background-image":"","background-repeat":"repeat","background-position":"center center","background-size":"auto","background-attachment":"scroll","background-type":"","background-media":"","overlay-type":"","overlay-color":"","overlay-gradient":""},"mobile":{"background-color":"","background-image":"","background-repeat":"repeat","background-position":"center center","background-size":"auto","background-attachment":"scroll","background-type":"","background-media":"","overlay-type":"","overlay-color":"","overlay-gradient":""}},"ast-content-background-meta":{"desktop":{"background-color":"var(--ast-global-color-5)","background-image":"","background-repeat":"repeat","background-position":"center center","background-size":"auto","background-attachment":"scroll","background-type":"","background-media":"","overlay-type":"","overlay-color":"","overlay-gradient":""},"tablet":{"background-color":"var(--ast-global-color-5)","background-image":"","background-repeat":"repeat","background-position":"center center","background-size":"auto","background-attachment":"scroll","background-type":"","background-media":"","overlay-type":"","overlay-color":"","overlay-gradient":""},"mobile":{"background-color":"var(--ast-global-color-5)","background-image":"","background-repeat":"repeat","background-position":"center center","background-size":"auto","background-attachment":"scroll","background-type":"","background-media":"","overlay-type":"","overlay-color":"","overlay-gradient":""}}},"product_cat":[102],"product_tag":[],"yoast_head":"<!-- This site is optimized with the Yoast SEO plugin v21.8 - https:\/\/yoast.com\/wordpress\/plugins\/seo\/ -->\n<title>Jobe Switch 2P<\/title>\n<meta name=\"robots\" content=\"index, follow, max-snippet:-1, max-image-preview:large, max-video-preview:-1\" \/>\n<link rel=\"canonical\" href=\"https:\/\/clublamardemalaga.com\/tienda\/producto\/jobe-switch-2p\/\" \/>\n<meta property=\"og:locale\" content=\"es_ES\" \/>\n<meta property=\"og:type\" content=\"article\" \/>\n<meta property=\"og:title\" content=\"Jobe Switch 2P\" \/>\n<meta property=\"og:description\" content=\"\u00a1El Jobe Switch 2P es el sill\u00f3n acu\u00e1tico ideal para dos personas para relajarse o divertirse en el agua! \u00a1Pero cuando est\u00e9s listo para cambiarlo, el Switch se convierte en un tobog\u00e1n acu\u00e1tico s\u00faper divertido! Est\u00e1 fabricado para durar con su funda de nailon de 420 denieres y dise\u00f1ado para relajarse con sus 2 portavasos [&hellip;]\" \/>\n<meta property=\"og:url\" content=\"https:\/\/clublamardemalaga.com\/tienda\/producto\/jobe-switch-2p\/\" \/>\n<meta property=\"og:site_name\" content=\"Tienda de Sup &amp; Surf La Mar de M&aacute;laga\" \/>\n<meta property=\"article:modified_time\" content=\"2022-01-21T11:43:07+00:00\" \/>\n<meta property=\"og:image\" content=\"https:\/\/clublamardemalaga.com\/tienda\/wp-content\/uploads\/230221001-zoom.jpg\" \/>\n\t<meta property=\"og:image:width\" content=\"960\" \/>\n\t<meta property=\"og:image:height\" content=\"1200\" \/>\n\t<meta property=\"og:image:type\" content=\"image\/jpeg\" \/>\n<meta name=\"twitter:card\" content=\"summary_large_image\" \/>\n<meta name=\"twitter:label1\" content=\"Tiempo de lectura\" \/>\n\t<meta name=\"twitter:data1\" content=\"1 minuto\" \/>\n<script type=\"application\/ld+json\" class=\"yoast-schema-graph\">{\"@context\":\"https:\/\/schema.org\",\"@graph\":[{\"@type\":\"WebPage\",\"@id\":\"https:\/\/clublamardemalaga.com\/tienda\/producto\/jobe-switch-2p\/\",\"url\":\"https:\/\/clublamardemalaga.com\/tienda\/producto\/jobe-switch-2p\/\",\"name\":\"Jobe Switch 2P\",\"isPartOf\":{\"@id\":\"https:\/\/clublamardemalaga.com\/tienda\/#website\"},\"datePublished\":\"2021-05-31T09:37:26+00:00\",\"dateModified\":\"2022-01-21T11:43:07+00:00\",\"breadcrumb\":{\"@id\":\"https:\/\/clublamardemalaga.com\/tienda\/producto\/jobe-switch-2p\/#breadcrumb\"},\"inLanguage\":\"es\",\"potentialAction\":[{\"@type\":\"ReadAction\",\"target\":[\"https:\/\/clublamardemalaga.com\/tienda\/producto\/jobe-switch-2p\/\"]}]},{\"@type\":\"BreadcrumbList\",\"@id\":\"https:\/\/clublamardemalaga.com\/tienda\/producto\/jobe-switch-2p\/#breadcrumb\",\"itemListElement\":[{\"@type\":\"ListItem\",\"position\":1,\"name\":\"Portada\",\"item\":\"https:\/\/clublamardemalaga.com\/tienda\/\"},{\"@type\":\"ListItem\",\"position\":2,\"name\":\"Sup &#038; Surf\",\"item\":\"https:\/\/clublamardemalaga.com\/tienda\/sup-y-surf\/\"},{\"@type\":\"ListItem\",\"position\":3,\"name\":\"Jobe Switch 2P\"}]},{\"@type\":\"WebSite\",\"@id\":\"https:\/\/clublamardemalaga.com\/tienda\/#website\",\"url\":\"https:\/\/clublamardemalaga.com\/tienda\/\",\"name\":\"Tienda de Sup &amp; Surf La Mar de M&aacute;laga\",\"description\":\"\",\"publisher\":{\"@id\":\"https:\/\/clublamardemalaga.com\/tienda\/#organization\"},\"potentialAction\":[{\"@type\":\"SearchAction\",\"target\":{\"@type\":\"EntryPoint\",\"urlTemplate\":\"https:\/\/clublamardemalaga.com\/tienda\/?s={search_term_string}\"},\"query-input\":\"required name=search_term_string\"}],\"inLanguage\":\"es\"},{\"@type\":\"Organization\",\"@id\":\"https:\/\/clublamardemalaga.com\/tienda\/#organization\",\"name\":\"Tienda Sup & Surf La Mar de M\u00e1laga\",\"url\":\"https:\/\/clublamardemalaga.com\/tienda\/\",\"logo\":{\"@type\":\"ImageObject\",\"inLanguage\":\"es\",\"@id\":\"https:\/\/clublamardemalaga.com\/tienda\/#\/schema\/logo\/image\/\",\"url\":\"https:\/\/clublamardemalaga.com\/tienda\/wp-content\/uploads\/logo-tienda-club-la-mar-de-malaga.png\",\"contentUrl\":\"https:\/\/clublamardemalaga.com\/tienda\/wp-content\/uploads\/logo-tienda-club-la-mar-de-malaga.png\",\"width\":250,\"height\":60,\"caption\":\"Tienda Sup & Surf La Mar de M\u00e1laga\"},\"image\":{\"@id\":\"https:\/\/clublamardemalaga.com\/tienda\/#\/schema\/logo\/image\/\"}}]}<\/script>\n<!-- \/ Yoast SEO plugin. -->","yoast_head_json":{"title":"Jobe Switch 2P","robots":{"index":"index","follow":"follow","max-snippet":"max-snippet:-1","max-image-preview":"max-image-preview:large","max-video-preview":"max-video-preview:-1"},"canonical":"https:\/\/clublamardemalaga.com\/tienda\/producto\/jobe-switch-2p\/","og_locale":"es_ES","og_type":"article","og_title":"Jobe Switch 2P","og_description":"\u00a1El Jobe Switch 2P es el sill\u00f3n acu\u00e1tico ideal para dos personas para relajarse o divertirse en el agua! \u00a1Pero cuando est\u00e9s listo para cambiarlo, el Switch se convierte en un tobog\u00e1n acu\u00e1tico s\u00faper divertido! Est\u00e1 fabricado para durar con su funda de nailon de 420 denieres y dise\u00f1ado para relajarse con sus 2 portavasos [&hellip;]","og_url":"https:\/\/clublamardemalaga.com\/tienda\/producto\/jobe-switch-2p\/","og_site_name":"Tienda de Sup &amp; Surf La Mar de M&aacute;laga","article_modified_time":"2022-01-21T11:43:07+00:00","og_image":[{"width":960,"height":1200,"url":"https:\/\/clublamardemalaga.com\/tienda\/wp-content\/uploads\/230221001-zoom.jpg","type":"image\/jpeg"}],"twitter_card":"summary_large_image","twitter_misc":{"Tiempo de lectura":"1 minuto"},"schema":{"@context":"https:\/\/schema.org","@graph":[{"@type":"WebPage","@id":"https:\/\/clublamardemalaga.com\/tienda\/producto\/jobe-switch-2p\/","url":"https:\/\/clublamardemalaga.com\/tienda\/producto\/jobe-switch-2p\/","name":"Jobe Switch 2P","isPartOf":{"@id":"https:\/\/clublamardemalaga.com\/tienda\/#website"},"datePublished":"2021-05-31T09:37:26+00:00","dateModified":"2022-01-21T11:43:07+00:00","breadcrumb":{"@id":"https:\/\/clublamardemalaga.com\/tienda\/producto\/jobe-switch-2p\/#breadcrumb"},"inLanguage":"es","potentialAction":[{"@type":"ReadAction","target":["https:\/\/clublamardemalaga.com\/tienda\/producto\/jobe-switch-2p\/"]}]},{"@type":"BreadcrumbList","@id":"https:\/\/clublamardemalaga.com\/tienda\/producto\/jobe-switch-2p\/#breadcrumb","itemListElement":[{"@type":"ListItem","position":1,"name":"Portada","item":"https:\/\/clublamardemalaga.com\/tienda\/"},{"@type":"ListItem","position":2,"name":"Sup &#038; Surf","item":"https:\/\/clublamardemalaga.com\/tienda\/sup-y-surf\/"},{"@type":"ListItem","position":3,"name":"Jobe Switch 2P"}]},{"@type":"WebSite","@id":"https:\/\/clublamardemalaga.com\/tienda\/#website","url":"https:\/\/clublamardemalaga.com\/tienda\/","name":"Tienda de Sup &amp; Surf La Mar de M&aacute;laga","description":"","publisher":{"@id":"https:\/\/clublamardemalaga.com\/tienda\/#organization"},"potentialAction":[{"@type":"SearchAction","target":{"@type":"EntryPoint","urlTemplate":"https:\/\/clublamardemalaga.com\/tienda\/?s={search_term_string}"},"query-input":"required name=search_term_string"}],"inLanguage":"es"},{"@type":"Organization","@id":"https:\/\/clublamardemalaga.com\/tienda\/#organization","name":"Tienda Sup & Surf La Mar de M\u00e1laga","url":"https:\/\/clublamardemalaga.com\/tienda\/","logo":{"@type":"ImageObject","inLanguage":"es","@id":"https:\/\/clublamardemalaga.com\/tienda\/#\/schema\/logo\/image\/","url":"https:\/\/clublamardemalaga.com\/tienda\/wp-content\/uploads\/logo-tienda-club-la-mar-de-malaga.png","contentUrl":"https:\/\/clublamardemalaga.com\/tienda\/wp-content\/uploads\/logo-tienda-club-la-mar-de-malaga.png","width":250,"height":60,"caption":"Tienda Sup & Surf La Mar de M\u00e1laga"},"image":{"@id":"https:\/\/clublamardemalaga.com\/tienda\/#\/schema\/logo\/image\/"}}]}},"_links":{"self":[{"href":"https:\/\/clublamardemalaga.com\/tienda\/wp-json\/wp\/v2\/product\/2166"}],"collection":[{"href":"https:\/\/clublamardemalaga.com\/tienda\/wp-json\/wp\/v2\/product"}],"about":[{"href":"https:\/\/clublamardemalaga.com\/tienda\/wp-json\/wp\/v2\/types\/product"}],"replies":[{"embeddable":true,"href":"https:\/\/clublamardemalaga.com\/tienda\/wp-json\/wp\/v2\/comments?post=2166"}],"wp:featuredmedia":[{"embeddable":true,"href":"https:\/\/clublamardemalaga.com\/tienda\/wp-json\/wp\/v2\/media\/2167"}],"wp:attachment":[{"href":"https:\/\/clublamardemalaga.com\/tienda\/wp-json\/wp\/v2\/media?parent=2166"}],"wp:term":[{"taxonomy":"product_cat","embeddable":true,"href":"https:\/\/clublamardemalaga.com\/tienda\/wp-json\/wp\/v2\/product_cat?post=2166"},{"taxonomy":"product_tag","embeddable":true,"href":"https:\/\/clublamardemalaga.com\/tienda\/wp-json\/wp\/v2\/product_tag?post=2166"}],"curies":[{"name":"wp","href":"https:\/\/api.w.org\/{rel}","templated":true}]}}