{"id":2140,"date":"2021-05-31T11:36:24","date_gmt":"2021-05-31T09:36:24","guid":{"rendered":"https:\/\/clublamardemalaga.com\/tienda\/producto\/jobe-ventura-10-6-tabla-paddle-surf\/"},"modified":"2022-01-21T12:45:00","modified_gmt":"2022-01-21T11:45:00","slug":"jobe-ventura-10-6-tabla-paddle-surf","status":"publish","type":"product","link":"https:\/\/clublamardemalaga.com\/tienda\/producto\/jobe-ventura-10-6-tabla-paddle-surf\/","title":{"rendered":"Jobe Ventura 10.6 Tabla Paddle Surf"},"content":{"rendered":"<p>Todo empez\u00f3 con agua. \u00a1As\u00ed que encontremos esas sensaciones raras! La serie Bamboo de Jobe consta de Paddle Boards innovadoras inspiradas en la naturaleza con ranuras integradas. Si pudieras elegir una tabla completa, la Jobe Ventura 10.6 Tabla Paddle Surf deber\u00eda ser tu elecci\u00f3n. Con una gran superficie, esta belleza de bamb\u00fa azul es verdaderamente vers\u00e1til y estable para surfistas de hasta 120 kg. Junto a su aspecto azul real, con detalles en verde y una capa de chapa de bamb\u00fa, la Ventura est\u00e1 dise\u00f1ada con dos ranuras de color verde brillante para maximizar la estabilidad y la velocidad al tiempo que admite un seguimiento eficiente. El basculante de punta afilada corta el agua como un cuchillo caliente a trav\u00e9s de la mantequilla y hace que esta Paddle Board inspirada en la naturaleza sea maniobrable y controlable. Las aletas laterales se reemplazan con una caja de aletas de EE. UU. para decidir la posici\u00f3n personal perfecta de la aleta con una aleta sin herramientas adecuada para largas distancias. Haz clic en la aleta sin herramientas para un viaje largo y guarda tu equipaje bajo su llamativo cord\u00f3n el\u00e1stico verde. Tambi\u00e9n obtienes una correa de Paddle Board y un protector de riel para mantener tu tabla limpia.<\/p>\n<ul>\n<li>Patr\u00f3n de espuma EVA antideslizante, permite un c\u00f3modo SUP a largo plazo<\/li>\n<li>Correa en espiral de 9ft | 2,74m<\/li>\n<li>Red de almacenamiento Bungee<\/li>\n<li>Enchufe de correa de f\u00e1cil conexi\u00f3n<\/li>\n<li>C\u00f3modo mango de transporte<\/li>\n<li>Tap\u00f3n de purga de aire autom\u00e1tico<\/li>\n<li>Caja de aletas US para una posici\u00f3n \u00f3ptima de las aletas<\/li>\n<li>Enchufe de la c\u00e1mara para capturar todos sus #Jobemoments<\/li>\n<li>Chapa Bamboo<\/li>\n<li>Aleta click de 9&#8243; sin herramientas<\/li>\n<li>Canales para un mejor control de velocidad y estabilidad<\/li>\n<li>Riel compuesto inferior resistente a los ara\u00f1azos<\/li>\n<li>Protector de riel para protecci\u00f3n adicional<\/li>\n<li>Nose rocker: 6 3\/4&#8243;, Tail rocker: 2 15\/16&#8243;<\/li>\n<li>Peso recomendado por el piloto: Hasta 110kg | 243 lbs<\/li>\n<li>Peso de la tabla: 12,9 kg | 28 lbs<\/li>\n<li>Dimensiones: 10&#8217;6&#8243; x 32&#8243; x 5&#8243; | 320 x 81,3 x 12,5cm<\/li>\n<li>Volumen: 190 l<\/li>\n<\/ul>\n","protected":false},"excerpt":{"rendered":"<p>Todo empez\u00f3 con agua. \u00a1As\u00ed que encontremos esas sensaciones raras! La serie Bamboo de Jobe consta de Paddle Boards innovadoras inspiradas en la naturaleza con ranuras integradas. Si pudieras elegir una tabla completa, la Jobe Ventura 10.6 Tabla Paddle Surf deber\u00eda ser tu elecci\u00f3n. Con una gran superficie, esta belleza de bamb\u00fa azul es verdaderamente [&hellip;]<\/p>\n","protected":false},"featured_media":2141,"comment_status":"closed","ping_status":"closed","template":"","meta":{"site-sidebar-layout":"default","site-content-layout":"default","ast-site-content-layout":"","site-content-style":"default","site-sidebar-style":"default","ast-global-header-display":"","ast-banner-title-visibility":"","ast-main-header-display":"","ast-hfb-above-header-display":"","ast-hfb-below-header-display":"","ast-hfb-mobile-header-display":"","site-post-title":"","ast-breadcrumbs-content":"","ast-featured-img":"","footer-sml-layout":"","theme-transparent-header-meta":"default","adv-header-id-meta":"","stick-header-meta":"","header-above-stick-meta":"","header-main-stick-meta":"","header-below-stick-meta":"","astra-migrate-meta-layouts":"default","ast-page-background-enabled":"default","ast-page-background-meta":{"desktop":{"background-color":"","background-image":"","background-repeat":"repeat","background-position":"center center","background-size":"auto","background-attachment":"scroll","background-type":"","background-media":"","overlay-type":"","overlay-color":"","overlay-gradient":""},"tablet":{"background-color":"","background-image":"","background-repeat":"repeat","background-position":"center center","background-size":"auto","background-attachment":"scroll","background-type":"","background-media":"","overlay-type":"","overlay-color":"","overlay-gradient":""},"mobile":{"background-color":"","background-image":"","background-repeat":"repeat","background-position":"center center","background-size":"auto","background-attachment":"scroll","background-type":"","background-media":"","overlay-type":"","overlay-color":"","overlay-gradient":""}},"ast-content-background-meta":{"desktop":{"background-color":"var(--ast-global-color-5)","background-image":"","background-repeat":"repeat","background-position":"center center","background-size":"auto","background-attachment":"scroll","background-type":"","background-media":"","overlay-type":"","overlay-color":"","overlay-gradient":""},"tablet":{"background-color":"var(--ast-global-color-5)","background-image":"","background-repeat":"repeat","background-position":"center center","background-size":"auto","background-attachment":"scroll","background-type":"","background-media":"","overlay-type":"","overlay-color":"","overlay-gradient":""},"mobile":{"background-color":"var(--ast-global-color-5)","background-image":"","background-repeat":"repeat","background-position":"center center","background-size":"auto","background-attachment":"scroll","background-type":"","background-media":"","overlay-type":"","overlay-color":"","overlay-gradient":""}}},"product_cat":[17],"product_tag":[],"yoast_head":"<!-- This site is optimized with the Yoast SEO plugin v21.8 - https:\/\/yoast.com\/wordpress\/plugins\/seo\/ -->\n<title>Jobe Ventura 10.6 Tabla Paddle Surf<\/title>\n<meta name=\"robots\" content=\"index, follow, max-snippet:-1, max-image-preview:large, max-video-preview:-1\" \/>\n<link rel=\"canonical\" href=\"https:\/\/clublamardemalaga.com\/tienda\/producto\/jobe-ventura-10-6-tabla-paddle-surf\/\" \/>\n<meta property=\"og:locale\" content=\"es_ES\" \/>\n<meta property=\"og:type\" content=\"article\" \/>\n<meta property=\"og:title\" content=\"Jobe Ventura 10.6 Tabla Paddle Surf\" \/>\n<meta property=\"og:description\" content=\"Todo empez\u00f3 con agua. \u00a1As\u00ed que encontremos esas sensaciones raras! La serie Bamboo de Jobe consta de Paddle Boards innovadoras inspiradas en la naturaleza con ranuras integradas. Si pudieras elegir una tabla completa, la Jobe Ventura 10.6 Tabla Paddle Surf deber\u00eda ser tu elecci\u00f3n. Con una gran superficie, esta belleza de bamb\u00fa azul es verdaderamente [&hellip;]\" \/>\n<meta property=\"og:url\" content=\"https:\/\/clublamardemalaga.com\/tienda\/producto\/jobe-ventura-10-6-tabla-paddle-surf\/\" \/>\n<meta property=\"og:site_name\" content=\"Tienda de Sup &amp; Surf La Mar de M&aacute;laga\" \/>\n<meta property=\"article:modified_time\" content=\"2022-01-21T11:45:00+00:00\" \/>\n<meta property=\"og:image\" content=\"https:\/\/clublamardemalaga.com\/tienda\/wp-content\/uploads\/486521002-zoom.jpg\" \/>\n\t<meta property=\"og:image:width\" content=\"960\" \/>\n\t<meta property=\"og:image:height\" content=\"1188\" \/>\n\t<meta property=\"og:image:type\" content=\"image\/jpeg\" \/>\n<meta name=\"twitter:card\" content=\"summary_large_image\" \/>\n<meta name=\"twitter:label1\" content=\"Tiempo de lectura\" \/>\n\t<meta name=\"twitter:data1\" content=\"2 minutos\" \/>\n<script type=\"application\/ld+json\" class=\"yoast-schema-graph\">{\"@context\":\"https:\/\/schema.org\",\"@graph\":[{\"@type\":\"WebPage\",\"@id\":\"https:\/\/clublamardemalaga.com\/tienda\/producto\/jobe-ventura-10-6-tabla-paddle-surf\/\",\"url\":\"https:\/\/clublamardemalaga.com\/tienda\/producto\/jobe-ventura-10-6-tabla-paddle-surf\/\",\"name\":\"Jobe Ventura 10.6 Tabla Paddle Surf\",\"isPartOf\":{\"@id\":\"https:\/\/clublamardemalaga.com\/tienda\/#website\"},\"datePublished\":\"2021-05-31T09:36:24+00:00\",\"dateModified\":\"2022-01-21T11:45:00+00:00\",\"breadcrumb\":{\"@id\":\"https:\/\/clublamardemalaga.com\/tienda\/producto\/jobe-ventura-10-6-tabla-paddle-surf\/#breadcrumb\"},\"inLanguage\":\"es\",\"potentialAction\":[{\"@type\":\"ReadAction\",\"target\":[\"https:\/\/clublamardemalaga.com\/tienda\/producto\/jobe-ventura-10-6-tabla-paddle-surf\/\"]}]},{\"@type\":\"BreadcrumbList\",\"@id\":\"https:\/\/clublamardemalaga.com\/tienda\/producto\/jobe-ventura-10-6-tabla-paddle-surf\/#breadcrumb\",\"itemListElement\":[{\"@type\":\"ListItem\",\"position\":1,\"name\":\"Portada\",\"item\":\"https:\/\/clublamardemalaga.com\/tienda\/\"},{\"@type\":\"ListItem\",\"position\":2,\"name\":\"Sup &#038; Surf\",\"item\":\"https:\/\/clublamardemalaga.com\/tienda\/sup-y-surf\/\"},{\"@type\":\"ListItem\",\"position\":3,\"name\":\"Jobe Ventura 10.6 Tabla Paddle Surf\"}]},{\"@type\":\"WebSite\",\"@id\":\"https:\/\/clublamardemalaga.com\/tienda\/#website\",\"url\":\"https:\/\/clublamardemalaga.com\/tienda\/\",\"name\":\"Tienda de Sup &amp; Surf La Mar de M&aacute;laga\",\"description\":\"\",\"publisher\":{\"@id\":\"https:\/\/clublamardemalaga.com\/tienda\/#organization\"},\"potentialAction\":[{\"@type\":\"SearchAction\",\"target\":{\"@type\":\"EntryPoint\",\"urlTemplate\":\"https:\/\/clublamardemalaga.com\/tienda\/?s={search_term_string}\"},\"query-input\":\"required name=search_term_string\"}],\"inLanguage\":\"es\"},{\"@type\":\"Organization\",\"@id\":\"https:\/\/clublamardemalaga.com\/tienda\/#organization\",\"name\":\"Tienda Sup & Surf La Mar de M\u00e1laga\",\"url\":\"https:\/\/clublamardemalaga.com\/tienda\/\",\"logo\":{\"@type\":\"ImageObject\",\"inLanguage\":\"es\",\"@id\":\"https:\/\/clublamardemalaga.com\/tienda\/#\/schema\/logo\/image\/\",\"url\":\"https:\/\/clublamardemalaga.com\/tienda\/wp-content\/uploads\/logo-tienda-club-la-mar-de-malaga.png\",\"contentUrl\":\"https:\/\/clublamardemalaga.com\/tienda\/wp-content\/uploads\/logo-tienda-club-la-mar-de-malaga.png\",\"width\":250,\"height\":60,\"caption\":\"Tienda Sup & Surf La Mar de M\u00e1laga\"},\"image\":{\"@id\":\"https:\/\/clublamardemalaga.com\/tienda\/#\/schema\/logo\/image\/\"}}]}<\/script>\n<!-- \/ Yoast SEO plugin. -->","yoast_head_json":{"title":"Jobe Ventura 10.6 Tabla Paddle Surf","robots":{"index":"index","follow":"follow","max-snippet":"max-snippet:-1","max-image-preview":"max-image-preview:large","max-video-preview":"max-video-preview:-1"},"canonical":"https:\/\/clublamardemalaga.com\/tienda\/producto\/jobe-ventura-10-6-tabla-paddle-surf\/","og_locale":"es_ES","og_type":"article","og_title":"Jobe Ventura 10.6 Tabla Paddle Surf","og_description":"Todo empez\u00f3 con agua. \u00a1As\u00ed que encontremos esas sensaciones raras! La serie Bamboo de Jobe consta de Paddle Boards innovadoras inspiradas en la naturaleza con ranuras integradas. Si pudieras elegir una tabla completa, la Jobe Ventura 10.6 Tabla Paddle Surf deber\u00eda ser tu elecci\u00f3n. Con una gran superficie, esta belleza de bamb\u00fa azul es verdaderamente [&hellip;]","og_url":"https:\/\/clublamardemalaga.com\/tienda\/producto\/jobe-ventura-10-6-tabla-paddle-surf\/","og_site_name":"Tienda de Sup &amp; Surf La Mar de M&aacute;laga","article_modified_time":"2022-01-21T11:45:00+00:00","og_image":[{"width":960,"height":1188,"url":"https:\/\/clublamardemalaga.com\/tienda\/wp-content\/uploads\/486521002-zoom.jpg","type":"image\/jpeg"}],"twitter_card":"summary_large_image","twitter_misc":{"Tiempo de lectura":"2 minutos"},"schema":{"@context":"https:\/\/schema.org","@graph":[{"@type":"WebPage","@id":"https:\/\/clublamardemalaga.com\/tienda\/producto\/jobe-ventura-10-6-tabla-paddle-surf\/","url":"https:\/\/clublamardemalaga.com\/tienda\/producto\/jobe-ventura-10-6-tabla-paddle-surf\/","name":"Jobe Ventura 10.6 Tabla Paddle Surf","isPartOf":{"@id":"https:\/\/clublamardemalaga.com\/tienda\/#website"},"datePublished":"2021-05-31T09:36:24+00:00","dateModified":"2022-01-21T11:45:00+00:00","breadcrumb":{"@id":"https:\/\/clublamardemalaga.com\/tienda\/producto\/jobe-ventura-10-6-tabla-paddle-surf\/#breadcrumb"},"inLanguage":"es","potentialAction":[{"@type":"ReadAction","target":["https:\/\/clublamardemalaga.com\/tienda\/producto\/jobe-ventura-10-6-tabla-paddle-surf\/"]}]},{"@type":"BreadcrumbList","@id":"https:\/\/clublamardemalaga.com\/tienda\/producto\/jobe-ventura-10-6-tabla-paddle-surf\/#breadcrumb","itemListElement":[{"@type":"ListItem","position":1,"name":"Portada","item":"https:\/\/clublamardemalaga.com\/tienda\/"},{"@type":"ListItem","position":2,"name":"Sup &#038; Surf","item":"https:\/\/clublamardemalaga.com\/tienda\/sup-y-surf\/"},{"@type":"ListItem","position":3,"name":"Jobe Ventura 10.6 Tabla Paddle Surf"}]},{"@type":"WebSite","@id":"https:\/\/clublamardemalaga.com\/tienda\/#website","url":"https:\/\/clublamardemalaga.com\/tienda\/","name":"Tienda de Sup &amp; Surf La Mar de M&aacute;laga","description":"","publisher":{"@id":"https:\/\/clublamardemalaga.com\/tienda\/#organization"},"potentialAction":[{"@type":"SearchAction","target":{"@type":"EntryPoint","urlTemplate":"https:\/\/clublamardemalaga.com\/tienda\/?s={search_term_string}"},"query-input":"required name=search_term_string"}],"inLanguage":"es"},{"@type":"Organization","@id":"https:\/\/clublamardemalaga.com\/tienda\/#organization","name":"Tienda Sup & Surf La Mar de M\u00e1laga","url":"https:\/\/clublamardemalaga.com\/tienda\/","logo":{"@type":"ImageObject","inLanguage":"es","@id":"https:\/\/clublamardemalaga.com\/tienda\/#\/schema\/logo\/image\/","url":"https:\/\/clublamardemalaga.com\/tienda\/wp-content\/uploads\/logo-tienda-club-la-mar-de-malaga.png","contentUrl":"https:\/\/clublamardemalaga.com\/tienda\/wp-content\/uploads\/logo-tienda-club-la-mar-de-malaga.png","width":250,"height":60,"caption":"Tienda Sup & Surf La Mar de M\u00e1laga"},"image":{"@id":"https:\/\/clublamardemalaga.com\/tienda\/#\/schema\/logo\/image\/"}}]}},"_links":{"self":[{"href":"https:\/\/clublamardemalaga.com\/tienda\/wp-json\/wp\/v2\/product\/2140"}],"collection":[{"href":"https:\/\/clublamardemalaga.com\/tienda\/wp-json\/wp\/v2\/product"}],"about":[{"href":"https:\/\/clublamardemalaga.com\/tienda\/wp-json\/wp\/v2\/types\/product"}],"replies":[{"embeddable":true,"href":"https:\/\/clublamardemalaga.com\/tienda\/wp-json\/wp\/v2\/comments?post=2140"}],"wp:featuredmedia":[{"embeddable":true,"href":"https:\/\/clublamardemalaga.com\/tienda\/wp-json\/wp\/v2\/media\/2141"}],"wp:attachment":[{"href":"https:\/\/clublamardemalaga.com\/tienda\/wp-json\/wp\/v2\/media?parent=2140"}],"wp:term":[{"taxonomy":"product_cat","embeddable":true,"href":"https:\/\/clublamardemalaga.com\/tienda\/wp-json\/wp\/v2\/product_cat?post=2140"},{"taxonomy":"product_tag","embeddable":true,"href":"https:\/\/clublamardemalaga.com\/tienda\/wp-json\/wp\/v2\/product_tag?post=2140"}],"curies":[{"name":"wp","href":"https:\/\/api.w.org\/{rel}","templated":true}]}}