{"id":2127,"date":"2021-05-31T11:36:24","date_gmt":"2021-05-31T09:36:24","guid":{"rendered":"https:\/\/clublamardemalaga.com\/tienda\/producto\/jobe-supersized-15-0-tabla-paddle-surf-hinchable-2\/"},"modified":"2022-01-21T12:45:00","modified_gmt":"2022-01-21T11:45:00","slug":"jobe-supersized-15-0-tabla-paddle-surf-hinchable-2","status":"publish","type":"product","link":"https:\/\/clublamardemalaga.com\/tienda\/producto\/jobe-supersized-15-0-tabla-paddle-surf-hinchable-2\/","title":{"rendered":"Jobe SUP&#8217;ersized 15.0 Tabla Paddle Surf Hinchable"},"content":{"rendered":"<p>Ve a lo grande o vuelve a casa, \u00a1y elegimos ir a lo GRANDE! \u00a1La Paddle Board Aero SUP&#8217;ersized 15.0 es nuestra Paddel Board m\u00e1s grande hasta el momento! Con una incre\u00edble longitud de 15 &#8216;y 4&#8217; de ancho, t\u00fa y tus amigos y los amigos de tus amigos nunca os divertir\u00e9is tanto en el agua. La Paddle Board SUP&#8217;ersized puede ser grande, pero tambi\u00e9n es f\u00e1cil de transportar gracias a su construcci\u00f3n liviana X-Stitching y la capacidad de inflarla o desinflarla f\u00e1cilmente para una mayor portabilidad. \u00a1El paquete incluye todo lo necesario para salir al agua!<\/p>\n<ul>\n<li>3 a\u00f1os de garant\u00eda despu\u00e9s del registro<\/li>\n<li>Tecnolog\u00eda de uni\u00f3n al calor: calidad y seguridad de la capa de yegua<\/li>\n<li>Patr\u00f3n de espuma EVA antideslizante, permite un c\u00f3modo SUP a largo plazo<\/li>\n<li>X-dropstitching construcci\u00f3n ligera con costura<\/li>\n<li>Larguero en la parte superior para mayor rigidez<\/li>\n<li>Red de almacenamiento Bungee<\/li>\n<li>V\u00e1lvula Halkey Roberts<\/li>\n<li>Equipado con 3 grandes aletas clic sobre maniobrabilidad<\/li>\n<li>Anillo en D en la punta y la cola<\/li>\n<li>6 mangos de transporte<\/li>\n<li>M\u00e1ximo 6 personas<\/li>\n<li>Asistencia de parche de v\u00e1lvula<\/li>\n<li>Capacidad de peso: 150 kg | 330 lbs<\/li>\n<li>Dimensiones: 15&#8242; x 50&#8243; x 6&#8243; | 457,2 x 127 x 15cm<\/li>\n<li>Volumen: 690 l<\/li>\n<\/ul>\n","protected":false},"excerpt":{"rendered":"<p>Ve a lo grande o vuelve a casa, \u00a1y elegimos ir a lo GRANDE! \u00a1La Paddle Board Aero SUP&#8217;ersized 15.0 es nuestra Paddel Board m\u00e1s grande hasta el momento! Con una incre\u00edble longitud de 15 &#8216;y 4&#8217; de ancho, t\u00fa y tus amigos y los amigos de tus amigos nunca os divertir\u00e9is tanto en el [&hellip;]<\/p>\n","protected":false},"featured_media":2128,"comment_status":"closed","ping_status":"closed","template":"","meta":{"site-sidebar-layout":"default","site-content-layout":"","ast-site-content-layout":"","site-content-style":"default","site-sidebar-style":"default","ast-global-header-display":"","ast-banner-title-visibility":"","ast-main-header-display":"","ast-hfb-above-header-display":"","ast-hfb-below-header-display":"","ast-hfb-mobile-header-display":"","site-post-title":"","ast-breadcrumbs-content":"","ast-featured-img":"","footer-sml-layout":"","theme-transparent-header-meta":"","adv-header-id-meta":"","stick-header-meta":"","header-above-stick-meta":"","header-main-stick-meta":"","header-below-stick-meta":"","astra-migrate-meta-layouts":"default","ast-page-background-enabled":"default","ast-page-background-meta":{"desktop":{"background-color":"","background-image":"","background-repeat":"repeat","background-position":"center center","background-size":"auto","background-attachment":"scroll","background-type":"","background-media":"","overlay-type":"","overlay-color":"","overlay-gradient":""},"tablet":{"background-color":"","background-image":"","background-repeat":"repeat","background-position":"center center","background-size":"auto","background-attachment":"scroll","background-type":"","background-media":"","overlay-type":"","overlay-color":"","overlay-gradient":""},"mobile":{"background-color":"","background-image":"","background-repeat":"repeat","background-position":"center center","background-size":"auto","background-attachment":"scroll","background-type":"","background-media":"","overlay-type":"","overlay-color":"","overlay-gradient":""}},"ast-content-background-meta":{"desktop":{"background-color":"var(--ast-global-color-5)","background-image":"","background-repeat":"repeat","background-position":"center center","background-size":"auto","background-attachment":"scroll","background-type":"","background-media":"","overlay-type":"","overlay-color":"","overlay-gradient":""},"tablet":{"background-color":"var(--ast-global-color-5)","background-image":"","background-repeat":"repeat","background-position":"center center","background-size":"auto","background-attachment":"scroll","background-type":"","background-media":"","overlay-type":"","overlay-color":"","overlay-gradient":""},"mobile":{"background-color":"var(--ast-global-color-5)","background-image":"","background-repeat":"repeat","background-position":"center center","background-size":"auto","background-attachment":"scroll","background-type":"","background-media":"","overlay-type":"","overlay-color":"","overlay-gradient":""}}},"product_cat":[17],"product_tag":[],"yoast_head":"<!-- This site is optimized with the Yoast SEO plugin v21.8 - https:\/\/yoast.com\/wordpress\/plugins\/seo\/ -->\n<title>Jobe SUP&#039;ersized 15.0 Tabla Paddle Surf Hinchable<\/title>\n<meta name=\"robots\" content=\"index, follow, max-snippet:-1, max-image-preview:large, max-video-preview:-1\" \/>\n<link rel=\"canonical\" href=\"https:\/\/clublamardemalaga.com\/tienda\/producto\/jobe-supersized-15-0-tabla-paddle-surf-hinchable-2\/\" \/>\n<meta property=\"og:locale\" content=\"es_ES\" \/>\n<meta property=\"og:type\" content=\"article\" \/>\n<meta property=\"og:title\" content=\"Jobe SUP&#039;ersized 15.0 Tabla Paddle Surf Hinchable\" \/>\n<meta property=\"og:description\" content=\"Ve a lo grande o vuelve a casa, \u00a1y elegimos ir a lo GRANDE! \u00a1La Paddle Board Aero SUP&#8217;ersized 15.0 es nuestra Paddel Board m\u00e1s grande hasta el momento! Con una incre\u00edble longitud de 15 &#8216;y 4&#8217; de ancho, t\u00fa y tus amigos y los amigos de tus amigos nunca os divertir\u00e9is tanto en el [&hellip;]\" \/>\n<meta property=\"og:url\" content=\"https:\/\/clublamardemalaga.com\/tienda\/producto\/jobe-supersized-15-0-tabla-paddle-surf-hinchable-2\/\" \/>\n<meta property=\"og:site_name\" content=\"Tienda de Sup &amp; Surf La Mar de M&aacute;laga\" \/>\n<meta property=\"article:modified_time\" content=\"2022-01-21T11:45:00+00:00\" \/>\n<meta property=\"og:image\" content=\"https:\/\/clublamardemalaga.com\/tienda\/wp-content\/uploads\/486421007-zoom.jpg\" \/>\n\t<meta property=\"og:image:width\" content=\"959\" \/>\n\t<meta property=\"og:image:height\" content=\"1200\" \/>\n\t<meta property=\"og:image:type\" content=\"image\/jpeg\" \/>\n<meta name=\"twitter:card\" content=\"summary_large_image\" \/>\n<meta name=\"twitter:label1\" content=\"Tiempo de lectura\" \/>\n\t<meta name=\"twitter:data1\" content=\"1 minuto\" \/>\n<script type=\"application\/ld+json\" class=\"yoast-schema-graph\">{\"@context\":\"https:\/\/schema.org\",\"@graph\":[{\"@type\":\"WebPage\",\"@id\":\"https:\/\/clublamardemalaga.com\/tienda\/producto\/jobe-supersized-15-0-tabla-paddle-surf-hinchable-2\/\",\"url\":\"https:\/\/clublamardemalaga.com\/tienda\/producto\/jobe-supersized-15-0-tabla-paddle-surf-hinchable-2\/\",\"name\":\"Jobe SUP'ersized 15.0 Tabla Paddle Surf Hinchable\",\"isPartOf\":{\"@id\":\"https:\/\/clublamardemalaga.com\/tienda\/#website\"},\"datePublished\":\"2021-05-31T09:36:24+00:00\",\"dateModified\":\"2022-01-21T11:45:00+00:00\",\"breadcrumb\":{\"@id\":\"https:\/\/clublamardemalaga.com\/tienda\/producto\/jobe-supersized-15-0-tabla-paddle-surf-hinchable-2\/#breadcrumb\"},\"inLanguage\":\"es\",\"potentialAction\":[{\"@type\":\"ReadAction\",\"target\":[\"https:\/\/clublamardemalaga.com\/tienda\/producto\/jobe-supersized-15-0-tabla-paddle-surf-hinchable-2\/\"]}]},{\"@type\":\"BreadcrumbList\",\"@id\":\"https:\/\/clublamardemalaga.com\/tienda\/producto\/jobe-supersized-15-0-tabla-paddle-surf-hinchable-2\/#breadcrumb\",\"itemListElement\":[{\"@type\":\"ListItem\",\"position\":1,\"name\":\"Portada\",\"item\":\"https:\/\/clublamardemalaga.com\/tienda\/\"},{\"@type\":\"ListItem\",\"position\":2,\"name\":\"Sup &#038; Surf\",\"item\":\"https:\/\/clublamardemalaga.com\/tienda\/sup-y-surf\/\"},{\"@type\":\"ListItem\",\"position\":3,\"name\":\"Jobe SUP&#8217;ersized 15.0 Tabla Paddle Surf Hinchable\"}]},{\"@type\":\"WebSite\",\"@id\":\"https:\/\/clublamardemalaga.com\/tienda\/#website\",\"url\":\"https:\/\/clublamardemalaga.com\/tienda\/\",\"name\":\"Tienda de Sup &amp; Surf La Mar de M&aacute;laga\",\"description\":\"\",\"publisher\":{\"@id\":\"https:\/\/clublamardemalaga.com\/tienda\/#organization\"},\"potentialAction\":[{\"@type\":\"SearchAction\",\"target\":{\"@type\":\"EntryPoint\",\"urlTemplate\":\"https:\/\/clublamardemalaga.com\/tienda\/?s={search_term_string}\"},\"query-input\":\"required name=search_term_string\"}],\"inLanguage\":\"es\"},{\"@type\":\"Organization\",\"@id\":\"https:\/\/clublamardemalaga.com\/tienda\/#organization\",\"name\":\"Tienda Sup & Surf La Mar de M\u00e1laga\",\"url\":\"https:\/\/clublamardemalaga.com\/tienda\/\",\"logo\":{\"@type\":\"ImageObject\",\"inLanguage\":\"es\",\"@id\":\"https:\/\/clublamardemalaga.com\/tienda\/#\/schema\/logo\/image\/\",\"url\":\"https:\/\/clublamardemalaga.com\/tienda\/wp-content\/uploads\/logo-tienda-club-la-mar-de-malaga.png\",\"contentUrl\":\"https:\/\/clublamardemalaga.com\/tienda\/wp-content\/uploads\/logo-tienda-club-la-mar-de-malaga.png\",\"width\":250,\"height\":60,\"caption\":\"Tienda Sup & Surf La Mar de M\u00e1laga\"},\"image\":{\"@id\":\"https:\/\/clublamardemalaga.com\/tienda\/#\/schema\/logo\/image\/\"}}]}<\/script>\n<!-- \/ Yoast SEO plugin. -->","yoast_head_json":{"title":"Jobe SUP'ersized 15.0 Tabla Paddle Surf Hinchable","robots":{"index":"index","follow":"follow","max-snippet":"max-snippet:-1","max-image-preview":"max-image-preview:large","max-video-preview":"max-video-preview:-1"},"canonical":"https:\/\/clublamardemalaga.com\/tienda\/producto\/jobe-supersized-15-0-tabla-paddle-surf-hinchable-2\/","og_locale":"es_ES","og_type":"article","og_title":"Jobe SUP'ersized 15.0 Tabla Paddle Surf Hinchable","og_description":"Ve a lo grande o vuelve a casa, \u00a1y elegimos ir a lo GRANDE! \u00a1La Paddle Board Aero SUP&#8217;ersized 15.0 es nuestra Paddel Board m\u00e1s grande hasta el momento! Con una incre\u00edble longitud de 15 &#8216;y 4&#8217; de ancho, t\u00fa y tus amigos y los amigos de tus amigos nunca os divertir\u00e9is tanto en el [&hellip;]","og_url":"https:\/\/clublamardemalaga.com\/tienda\/producto\/jobe-supersized-15-0-tabla-paddle-surf-hinchable-2\/","og_site_name":"Tienda de Sup &amp; Surf La Mar de M&aacute;laga","article_modified_time":"2022-01-21T11:45:00+00:00","og_image":[{"width":959,"height":1200,"url":"https:\/\/clublamardemalaga.com\/tienda\/wp-content\/uploads\/486421007-zoom.jpg","type":"image\/jpeg"}],"twitter_card":"summary_large_image","twitter_misc":{"Tiempo de lectura":"1 minuto"},"schema":{"@context":"https:\/\/schema.org","@graph":[{"@type":"WebPage","@id":"https:\/\/clublamardemalaga.com\/tienda\/producto\/jobe-supersized-15-0-tabla-paddle-surf-hinchable-2\/","url":"https:\/\/clublamardemalaga.com\/tienda\/producto\/jobe-supersized-15-0-tabla-paddle-surf-hinchable-2\/","name":"Jobe SUP'ersized 15.0 Tabla Paddle Surf Hinchable","isPartOf":{"@id":"https:\/\/clublamardemalaga.com\/tienda\/#website"},"datePublished":"2021-05-31T09:36:24+00:00","dateModified":"2022-01-21T11:45:00+00:00","breadcrumb":{"@id":"https:\/\/clublamardemalaga.com\/tienda\/producto\/jobe-supersized-15-0-tabla-paddle-surf-hinchable-2\/#breadcrumb"},"inLanguage":"es","potentialAction":[{"@type":"ReadAction","target":["https:\/\/clublamardemalaga.com\/tienda\/producto\/jobe-supersized-15-0-tabla-paddle-surf-hinchable-2\/"]}]},{"@type":"BreadcrumbList","@id":"https:\/\/clublamardemalaga.com\/tienda\/producto\/jobe-supersized-15-0-tabla-paddle-surf-hinchable-2\/#breadcrumb","itemListElement":[{"@type":"ListItem","position":1,"name":"Portada","item":"https:\/\/clublamardemalaga.com\/tienda\/"},{"@type":"ListItem","position":2,"name":"Sup &#038; Surf","item":"https:\/\/clublamardemalaga.com\/tienda\/sup-y-surf\/"},{"@type":"ListItem","position":3,"name":"Jobe SUP&#8217;ersized 15.0 Tabla Paddle Surf Hinchable"}]},{"@type":"WebSite","@id":"https:\/\/clublamardemalaga.com\/tienda\/#website","url":"https:\/\/clublamardemalaga.com\/tienda\/","name":"Tienda de Sup &amp; Surf La Mar de M&aacute;laga","description":"","publisher":{"@id":"https:\/\/clublamardemalaga.com\/tienda\/#organization"},"potentialAction":[{"@type":"SearchAction","target":{"@type":"EntryPoint","urlTemplate":"https:\/\/clublamardemalaga.com\/tienda\/?s={search_term_string}"},"query-input":"required name=search_term_string"}],"inLanguage":"es"},{"@type":"Organization","@id":"https:\/\/clublamardemalaga.com\/tienda\/#organization","name":"Tienda Sup & Surf La Mar de M\u00e1laga","url":"https:\/\/clublamardemalaga.com\/tienda\/","logo":{"@type":"ImageObject","inLanguage":"es","@id":"https:\/\/clublamardemalaga.com\/tienda\/#\/schema\/logo\/image\/","url":"https:\/\/clublamardemalaga.com\/tienda\/wp-content\/uploads\/logo-tienda-club-la-mar-de-malaga.png","contentUrl":"https:\/\/clublamardemalaga.com\/tienda\/wp-content\/uploads\/logo-tienda-club-la-mar-de-malaga.png","width":250,"height":60,"caption":"Tienda Sup & Surf La Mar de M\u00e1laga"},"image":{"@id":"https:\/\/clublamardemalaga.com\/tienda\/#\/schema\/logo\/image\/"}}]}},"_links":{"self":[{"href":"https:\/\/clublamardemalaga.com\/tienda\/wp-json\/wp\/v2\/product\/2127"}],"collection":[{"href":"https:\/\/clublamardemalaga.com\/tienda\/wp-json\/wp\/v2\/product"}],"about":[{"href":"https:\/\/clublamardemalaga.com\/tienda\/wp-json\/wp\/v2\/types\/product"}],"replies":[{"embeddable":true,"href":"https:\/\/clublamardemalaga.com\/tienda\/wp-json\/wp\/v2\/comments?post=2127"}],"wp:featuredmedia":[{"embeddable":true,"href":"https:\/\/clublamardemalaga.com\/tienda\/wp-json\/wp\/v2\/media\/2128"}],"wp:attachment":[{"href":"https:\/\/clublamardemalaga.com\/tienda\/wp-json\/wp\/v2\/media?parent=2127"}],"wp:term":[{"taxonomy":"product_cat","embeddable":true,"href":"https:\/\/clublamardemalaga.com\/tienda\/wp-json\/wp\/v2\/product_cat?post=2127"},{"taxonomy":"product_tag","embeddable":true,"href":"https:\/\/clublamardemalaga.com\/tienda\/wp-json\/wp\/v2\/product_tag?post=2127"}],"curies":[{"name":"wp","href":"https:\/\/api.w.org\/{rel}","templated":true}]}}