{"id":1919,"date":"2021-05-31T11:31:28","date_gmt":"2021-05-31T09:31:28","guid":{"rendered":"https:\/\/clublamardemalaga.com\/tienda\/producto\/jobe-infinity-pool-piscina-de-mar-hinchable-con-bomba\/"},"modified":"2021-08-18T13:35:10","modified_gmt":"2021-08-18T11:35:10","slug":"jobe-infinity-pool-piscina-de-mar-hinchable-con-bomba","status":"publish","type":"product","link":"https:\/\/clublamardemalaga.com\/tienda\/producto\/jobe-infinity-pool-piscina-de-mar-hinchable-con-bomba\/","title":{"rendered":"Jobe Infinity Pool Piscina de Mar Hinchable con Bomba"},"content":{"rendered":"<p>Create your own swimming area with this 4x4m pool which is easy to attach to the platform of your boat. The 2m deep, mesh net will keep the (jelly)fish away. Go for a Care Free swim.<\/p>\n<ul>\n<li>3 a\u00f1os de garant\u00eda despu\u00e9s del registro<\/li>\n<li>Tecnolog\u00eda de uni\u00f3n al calor: calidad y seguridad de la capa de yegua<\/li>\n<li>Profundidad de la red: 6,5&#8242; | 2m<\/li>\n<li>2 v\u00e1lvulas Halkey Roberts<\/li>\n<li>Presi\u00f3n: hasta 20PSI (Recomendado: 6PSI)<\/li>\n<li>Cubierta de EVA de 5 mm de espesor, antideslizante, c\u00f3moda y duradera<\/li>\n<li>16 mangos de transporte<\/li>\n<li>12 grandes anillas en D y 4 correas de velcro para conectar las plataformas entre s\u00ed<\/li>\n<li>4 peque\u00f1os anillos en D dobles para conectar el parachoques<\/li>\n<li>4 bolsas de balasto con sistema de drenaje f\u00e1cil<\/li>\n<li>4 pesas (3,6kg | 7,9lbs) en las esquinas de la red para posicionar la red<\/li>\n<li>Capacidad de peso: 700 kg | 1543 lbs<\/li>\n<li>Peso: 39 kg | 86 lbs<\/li>\n<li>Dimensiones inflado: 13&#8242; x 13&#8242; x 6&#8243; | 400 x 400 x 15cm<\/li>\n<li>Dimensiones plegadas: 48,4&#8243; x 21,6&#8243; x 19,3&#8243; | 123 x 55 x 49cm<\/li>\n<li>Volumen: 1300 l<\/li>\n<li>El paquete contiene: Infinity pool, escalera de ba\u00f1o de acero inoxidable,  bomba con bater\u00eda, Bolsa PVC<\/li>\n<\/ul>\n","protected":false},"excerpt":{"rendered":"<p>Create your own swimming area with this 4x4m pool which is easy to attach to the platform of your boat. The 2m deep, mesh net will keep the (jelly)fish away. Go for a Care Free swim. 3 a\u00f1os de garant\u00eda despu\u00e9s del registro Tecnolog\u00eda de uni\u00f3n al calor: calidad y seguridad de la capa de [&hellip;]<\/p>\n","protected":false},"featured_media":1920,"comment_status":"closed","ping_status":"open","template":"","meta":{"site-sidebar-layout":"default","site-content-layout":"","ast-site-content-layout":"","site-content-style":"default","site-sidebar-style":"default","ast-global-header-display":"","ast-banner-title-visibility":"","ast-main-header-display":"","ast-hfb-above-header-display":"","ast-hfb-below-header-display":"","ast-hfb-mobile-header-display":"","site-post-title":"","ast-breadcrumbs-content":"","ast-featured-img":"","footer-sml-layout":"","theme-transparent-header-meta":"","adv-header-id-meta":"","stick-header-meta":"","header-above-stick-meta":"","header-main-stick-meta":"","header-below-stick-meta":"","astra-migrate-meta-layouts":"default","ast-page-background-enabled":"default","ast-page-background-meta":{"desktop":{"background-color":"","background-image":"","background-repeat":"repeat","background-position":"center center","background-size":"auto","background-attachment":"scroll","background-type":"","background-media":"","overlay-type":"","overlay-color":"","overlay-gradient":""},"tablet":{"background-color":"","background-image":"","background-repeat":"repeat","background-position":"center center","background-size":"auto","background-attachment":"scroll","background-type":"","background-media":"","overlay-type":"","overlay-color":"","overlay-gradient":""},"mobile":{"background-color":"","background-image":"","background-repeat":"repeat","background-position":"center center","background-size":"auto","background-attachment":"scroll","background-type":"","background-media":"","overlay-type":"","overlay-color":"","overlay-gradient":""}},"ast-content-background-meta":{"desktop":{"background-color":"var(--ast-global-color-5)","background-image":"","background-repeat":"repeat","background-position":"center center","background-size":"auto","background-attachment":"scroll","background-type":"","background-media":"","overlay-type":"","overlay-color":"","overlay-gradient":""},"tablet":{"background-color":"var(--ast-global-color-5)","background-image":"","background-repeat":"repeat","background-position":"center center","background-size":"auto","background-attachment":"scroll","background-type":"","background-media":"","overlay-type":"","overlay-color":"","overlay-gradient":""},"mobile":{"background-color":"var(--ast-global-color-5)","background-image":"","background-repeat":"repeat","background-position":"center center","background-size":"auto","background-attachment":"scroll","background-type":"","background-media":"","overlay-type":"","overlay-color":"","overlay-gradient":""}}},"product_cat":[102],"product_tag":[],"yoast_head":"<!-- This site is optimized with the Yoast SEO plugin v21.8 - https:\/\/yoast.com\/wordpress\/plugins\/seo\/ -->\n<title>Jobe Infinity Pool Piscina de Mar Hinchable con Bomba<\/title>\n<meta name=\"robots\" content=\"index, follow, max-snippet:-1, max-image-preview:large, max-video-preview:-1\" \/>\n<link rel=\"canonical\" href=\"https:\/\/clublamardemalaga.com\/tienda\/producto\/jobe-infinity-pool-piscina-de-mar-hinchable-con-bomba\/\" \/>\n<meta property=\"og:locale\" content=\"es_ES\" \/>\n<meta property=\"og:type\" content=\"article\" \/>\n<meta property=\"og:title\" content=\"Jobe Infinity Pool Piscina de Mar Hinchable con Bomba\" \/>\n<meta property=\"og:description\" content=\"Create your own swimming area with this 4x4m pool which is easy to attach to the platform of your boat. The 2m deep, mesh net will keep the (jelly)fish away. Go for a Care Free swim. 3 a\u00f1os de garant\u00eda despu\u00e9s del registro Tecnolog\u00eda de uni\u00f3n al calor: calidad y seguridad de la capa de [&hellip;]\" \/>\n<meta property=\"og:url\" content=\"https:\/\/clublamardemalaga.com\/tienda\/producto\/jobe-infinity-pool-piscina-de-mar-hinchable-con-bomba\/\" \/>\n<meta property=\"og:site_name\" content=\"Tienda de Sup &amp; Surf La Mar de M&aacute;laga\" \/>\n<meta property=\"article:modified_time\" content=\"2021-08-18T11:35:10+00:00\" \/>\n<meta property=\"og:image\" content=\"https:\/\/clublamardemalaga.com\/tienda\/wp-content\/uploads\/281020001-zoom.jpg\" \/>\n\t<meta property=\"og:image:width\" content=\"960\" \/>\n\t<meta property=\"og:image:height\" content=\"1200\" \/>\n\t<meta property=\"og:image:type\" content=\"image\/jpeg\" \/>\n<meta name=\"twitter:card\" content=\"summary_large_image\" \/>\n<meta name=\"twitter:label1\" content=\"Tiempo de lectura\" \/>\n\t<meta name=\"twitter:data1\" content=\"1 minuto\" \/>\n<script type=\"application\/ld+json\" class=\"yoast-schema-graph\">{\"@context\":\"https:\/\/schema.org\",\"@graph\":[{\"@type\":\"WebPage\",\"@id\":\"https:\/\/clublamardemalaga.com\/tienda\/producto\/jobe-infinity-pool-piscina-de-mar-hinchable-con-bomba\/\",\"url\":\"https:\/\/clublamardemalaga.com\/tienda\/producto\/jobe-infinity-pool-piscina-de-mar-hinchable-con-bomba\/\",\"name\":\"Jobe Infinity Pool Piscina de Mar Hinchable con Bomba\",\"isPartOf\":{\"@id\":\"https:\/\/clublamardemalaga.com\/tienda\/#website\"},\"datePublished\":\"2021-05-31T09:31:28+00:00\",\"dateModified\":\"2021-08-18T11:35:10+00:00\",\"breadcrumb\":{\"@id\":\"https:\/\/clublamardemalaga.com\/tienda\/producto\/jobe-infinity-pool-piscina-de-mar-hinchable-con-bomba\/#breadcrumb\"},\"inLanguage\":\"es\",\"potentialAction\":[{\"@type\":\"ReadAction\",\"target\":[\"https:\/\/clublamardemalaga.com\/tienda\/producto\/jobe-infinity-pool-piscina-de-mar-hinchable-con-bomba\/\"]}]},{\"@type\":\"BreadcrumbList\",\"@id\":\"https:\/\/clublamardemalaga.com\/tienda\/producto\/jobe-infinity-pool-piscina-de-mar-hinchable-con-bomba\/#breadcrumb\",\"itemListElement\":[{\"@type\":\"ListItem\",\"position\":1,\"name\":\"Portada\",\"item\":\"https:\/\/clublamardemalaga.com\/tienda\/\"},{\"@type\":\"ListItem\",\"position\":2,\"name\":\"Sup &#038; Surf\",\"item\":\"https:\/\/clublamardemalaga.com\/tienda\/sup-y-surf\/\"},{\"@type\":\"ListItem\",\"position\":3,\"name\":\"Jobe Infinity Pool Piscina de Mar Hinchable con Bomba\"}]},{\"@type\":\"WebSite\",\"@id\":\"https:\/\/clublamardemalaga.com\/tienda\/#website\",\"url\":\"https:\/\/clublamardemalaga.com\/tienda\/\",\"name\":\"Tienda de Sup &amp; Surf La Mar de M&aacute;laga\",\"description\":\"\",\"publisher\":{\"@id\":\"https:\/\/clublamardemalaga.com\/tienda\/#organization\"},\"potentialAction\":[{\"@type\":\"SearchAction\",\"target\":{\"@type\":\"EntryPoint\",\"urlTemplate\":\"https:\/\/clublamardemalaga.com\/tienda\/?s={search_term_string}\"},\"query-input\":\"required name=search_term_string\"}],\"inLanguage\":\"es\"},{\"@type\":\"Organization\",\"@id\":\"https:\/\/clublamardemalaga.com\/tienda\/#organization\",\"name\":\"Tienda Sup & Surf La Mar de M\u00e1laga\",\"url\":\"https:\/\/clublamardemalaga.com\/tienda\/\",\"logo\":{\"@type\":\"ImageObject\",\"inLanguage\":\"es\",\"@id\":\"https:\/\/clublamardemalaga.com\/tienda\/#\/schema\/logo\/image\/\",\"url\":\"https:\/\/clublamardemalaga.com\/tienda\/wp-content\/uploads\/logo-tienda-club-la-mar-de-malaga.png\",\"contentUrl\":\"https:\/\/clublamardemalaga.com\/tienda\/wp-content\/uploads\/logo-tienda-club-la-mar-de-malaga.png\",\"width\":250,\"height\":60,\"caption\":\"Tienda Sup & Surf La Mar de M\u00e1laga\"},\"image\":{\"@id\":\"https:\/\/clublamardemalaga.com\/tienda\/#\/schema\/logo\/image\/\"}}]}<\/script>\n<!-- \/ Yoast SEO plugin. -->","yoast_head_json":{"title":"Jobe Infinity Pool Piscina de Mar Hinchable con Bomba","robots":{"index":"index","follow":"follow","max-snippet":"max-snippet:-1","max-image-preview":"max-image-preview:large","max-video-preview":"max-video-preview:-1"},"canonical":"https:\/\/clublamardemalaga.com\/tienda\/producto\/jobe-infinity-pool-piscina-de-mar-hinchable-con-bomba\/","og_locale":"es_ES","og_type":"article","og_title":"Jobe Infinity Pool Piscina de Mar Hinchable con Bomba","og_description":"Create your own swimming area with this 4x4m pool which is easy to attach to the platform of your boat. The 2m deep, mesh net will keep the (jelly)fish away. Go for a Care Free swim. 3 a\u00f1os de garant\u00eda despu\u00e9s del registro Tecnolog\u00eda de uni\u00f3n al calor: calidad y seguridad de la capa de [&hellip;]","og_url":"https:\/\/clublamardemalaga.com\/tienda\/producto\/jobe-infinity-pool-piscina-de-mar-hinchable-con-bomba\/","og_site_name":"Tienda de Sup &amp; Surf La Mar de M&aacute;laga","article_modified_time":"2021-08-18T11:35:10+00:00","og_image":[{"width":960,"height":1200,"url":"https:\/\/clublamardemalaga.com\/tienda\/wp-content\/uploads\/281020001-zoom.jpg","type":"image\/jpeg"}],"twitter_card":"summary_large_image","twitter_misc":{"Tiempo de lectura":"1 minuto"},"schema":{"@context":"https:\/\/schema.org","@graph":[{"@type":"WebPage","@id":"https:\/\/clublamardemalaga.com\/tienda\/producto\/jobe-infinity-pool-piscina-de-mar-hinchable-con-bomba\/","url":"https:\/\/clublamardemalaga.com\/tienda\/producto\/jobe-infinity-pool-piscina-de-mar-hinchable-con-bomba\/","name":"Jobe Infinity Pool Piscina de Mar Hinchable con Bomba","isPartOf":{"@id":"https:\/\/clublamardemalaga.com\/tienda\/#website"},"datePublished":"2021-05-31T09:31:28+00:00","dateModified":"2021-08-18T11:35:10+00:00","breadcrumb":{"@id":"https:\/\/clublamardemalaga.com\/tienda\/producto\/jobe-infinity-pool-piscina-de-mar-hinchable-con-bomba\/#breadcrumb"},"inLanguage":"es","potentialAction":[{"@type":"ReadAction","target":["https:\/\/clublamardemalaga.com\/tienda\/producto\/jobe-infinity-pool-piscina-de-mar-hinchable-con-bomba\/"]}]},{"@type":"BreadcrumbList","@id":"https:\/\/clublamardemalaga.com\/tienda\/producto\/jobe-infinity-pool-piscina-de-mar-hinchable-con-bomba\/#breadcrumb","itemListElement":[{"@type":"ListItem","position":1,"name":"Portada","item":"https:\/\/clublamardemalaga.com\/tienda\/"},{"@type":"ListItem","position":2,"name":"Sup &#038; Surf","item":"https:\/\/clublamardemalaga.com\/tienda\/sup-y-surf\/"},{"@type":"ListItem","position":3,"name":"Jobe Infinity Pool Piscina de Mar Hinchable con Bomba"}]},{"@type":"WebSite","@id":"https:\/\/clublamardemalaga.com\/tienda\/#website","url":"https:\/\/clublamardemalaga.com\/tienda\/","name":"Tienda de Sup &amp; Surf La Mar de M&aacute;laga","description":"","publisher":{"@id":"https:\/\/clublamardemalaga.com\/tienda\/#organization"},"potentialAction":[{"@type":"SearchAction","target":{"@type":"EntryPoint","urlTemplate":"https:\/\/clublamardemalaga.com\/tienda\/?s={search_term_string}"},"query-input":"required name=search_term_string"}],"inLanguage":"es"},{"@type":"Organization","@id":"https:\/\/clublamardemalaga.com\/tienda\/#organization","name":"Tienda Sup & Surf La Mar de M\u00e1laga","url":"https:\/\/clublamardemalaga.com\/tienda\/","logo":{"@type":"ImageObject","inLanguage":"es","@id":"https:\/\/clublamardemalaga.com\/tienda\/#\/schema\/logo\/image\/","url":"https:\/\/clublamardemalaga.com\/tienda\/wp-content\/uploads\/logo-tienda-club-la-mar-de-malaga.png","contentUrl":"https:\/\/clublamardemalaga.com\/tienda\/wp-content\/uploads\/logo-tienda-club-la-mar-de-malaga.png","width":250,"height":60,"caption":"Tienda Sup & Surf La Mar de M\u00e1laga"},"image":{"@id":"https:\/\/clublamardemalaga.com\/tienda\/#\/schema\/logo\/image\/"}}]}},"_links":{"self":[{"href":"https:\/\/clublamardemalaga.com\/tienda\/wp-json\/wp\/v2\/product\/1919"}],"collection":[{"href":"https:\/\/clublamardemalaga.com\/tienda\/wp-json\/wp\/v2\/product"}],"about":[{"href":"https:\/\/clublamardemalaga.com\/tienda\/wp-json\/wp\/v2\/types\/product"}],"replies":[{"embeddable":true,"href":"https:\/\/clublamardemalaga.com\/tienda\/wp-json\/wp\/v2\/comments?post=1919"}],"wp:featuredmedia":[{"embeddable":true,"href":"https:\/\/clublamardemalaga.com\/tienda\/wp-json\/wp\/v2\/media\/1920"}],"wp:attachment":[{"href":"https:\/\/clublamardemalaga.com\/tienda\/wp-json\/wp\/v2\/media?parent=1919"}],"wp:term":[{"taxonomy":"product_cat","embeddable":true,"href":"https:\/\/clublamardemalaga.com\/tienda\/wp-json\/wp\/v2\/product_cat?post=1919"},{"taxonomy":"product_tag","embeddable":true,"href":"https:\/\/clublamardemalaga.com\/tienda\/wp-json\/wp\/v2\/product_tag?post=1919"}],"curies":[{"name":"wp","href":"https:\/\/api.w.org\/{rel}","templated":true}]}}